{"id":3365,"date":"2022-05-15T14:15:00","date_gmt":"2022-05-15T14:15:00","guid":{"rendered":"http:\/\/www.portginesta.com\/entorn\/"},"modified":"2024-01-23T15:20:45","modified_gmt":"2024-01-23T15:20:45","slug":"entorn","status":"publish","type":"page","link":"https:\/\/www.portginesta.com\/ca\/entorn\/","title":{"rendered":"Entorn"},"content":{"rendered":"<p>[et_pb_section fb_built=&#8221;1&#8243; _builder_version=&#8221;4.16&#8243; _module_preset=&#8221;default&#8221; custom_padding=&#8221;5px||0px||false|false&#8221; global_colors_info=&#8221;{}&#8221;][et_pb_row _builder_version=&#8221;4.16&#8243; _module_preset=&#8221;default&#8221; custom_padding=&#8221;60px|10px|27px|10px|false|true&#8221; global_colors_info=&#8221;{}&#8221;][et_pb_column type=&#8221;4_4&#8243; _builder_version=&#8221;4.16&#8243; _module_preset=&#8221;default&#8221; global_colors_info=&#8221;{}&#8221;][et_pb_text _builder_version=&#8221;4.16&#8243; _module_preset=&#8221;default&#8221; header_font=&#8221;Poppins|700|||||||&#8221; header_text_color=&#8221;#002554&#8243; custom_margin=&#8221;||10px||false|false&#8221; global_colors_info=&#8221;{}&#8221;]<\/p>\n<h1>ENTORN<\/h1>\n<p>[\/et_pb_text][et_pb_divider color=&#8221;#FFD600&#8243; divider_weight=&#8221;5px&#8221; _builder_version=&#8221;4.16&#8243; _module_preset=&#8221;default&#8221; max_width=&#8221;50px&#8221; custom_margin=&#8221;0px||0px||true|false&#8221; custom_padding=&#8221;0px||0px||true|false&#8221; global_colors_info=&#8221;{}&#8221;][\/et_pb_divider][\/et_pb_column][\/et_pb_row][\/et_pb_section][et_pb_section fb_built=&#8221;1&#8243; _builder_version=&#8221;4.19.2&#8243; _module_preset=&#8221;default&#8221; background_image=&#8221;https:\/\/www.portginesta.com\/wp-content\/uploads\/2024\/01\/cabecera-entorno-port-ginesta-24.webp&#8221; background_position=&#8221;center_left&#8221; min_height=&#8221;250px&#8221; hover_enabled=&#8221;0&#8243; global_colors_info=&#8221;{}&#8221; sticky_enabled=&#8221;0&#8243;][et_pb_row _builder_version=&#8221;4.16&#8243; _module_preset=&#8221;default&#8221; global_colors_info=&#8221;{}&#8221;][et_pb_column type=&#8221;4_4&#8243; _builder_version=&#8221;4.16&#8243; _module_preset=&#8221;default&#8221; global_colors_info=&#8221;{}&#8221;][\/et_pb_column][\/et_pb_row][\/et_pb_section][et_pb_section fb_built=&#8221;1&#8243; disabled_on=&#8221;off|off|off&#8221; module_class=&#8221;seccion-documentos&#8221; _builder_version=&#8221;4.16&#8243; _module_preset=&#8221;default&#8221; custom_margin=&#8221;0px||0px||true|false&#8221; custom_padding=&#8221;60px||39px||false|false&#8221; background_last_edited=&#8221;on|tablet&#8221; background_enable_color_tablet=&#8221;off&#8221; locked=&#8221;off&#8221; global_colors_info=&#8221;{}&#8221;][et_pb_row column_structure=&#8221;2_3,1_3&#8243; _builder_version=&#8221;4.16&#8243; _module_preset=&#8221;default&#8221; custom_margin=&#8221;-31px|auto||auto|false|false&#8221; custom_padding=&#8221;20px|10px||10px|false|true&#8221; global_colors_info=&#8221;{}&#8221;][et_pb_column type=&#8221;2_3&#8243; _builder_version=&#8221;4.16&#8243; _module_preset=&#8221;default&#8221; global_colors_info=&#8221;{}&#8221;][et_pb_text _builder_version=&#8221;4.16&#8243; _module_preset=&#8221;default&#8221; header_3_font=&#8221;Poppins|700|||||||&#8221; header_3_text_align=&#8221;left&#8221; header_3_font_size=&#8221;20px&#8221; custom_margin=&#8221;||15px||false|false&#8221; custom_padding_tablet=&#8221;18px||||false|false&#8221; custom_padding_phone=&#8221;18px||||false|false&#8221; custom_padding_last_edited=&#8221;on|tablet&#8221; header_3_text_align_tablet=&#8221;center&#8221; header_3_text_align_phone=&#8221;left&#8221; header_3_text_align_last_edited=&#8221;on|tablet&#8221; header_3_text_color_tablet=&#8221;#002554&#8243; header_3_text_color_phone=&#8221;#002554&#8243; header_3_text_color_last_edited=&#8221;on|tablet&#8221; global_colors_info=&#8221;{}&#8221;]<\/p>\n<h3>PRIVILEGIAT ENTORN NATURAL<\/h3>\n<p>[\/et_pb_text][et_pb_text _builder_version=&#8221;4.16&#8243; _module_preset=&#8221;default&#8221; text_text_color=&#8221;#000000&#8243; global_colors_info=&#8221;{}&#8221;]Port Ginesta es troba al peu del Parc Natural del Garraf, entre les comarques del Baix Llobregat i el Garraf, en el sector sud-oest de la denominada Serralada Litoral Catalana.<\/p>\n<p>Els seus l\u00edmits s\u00f3n la vall inferior del Llobregat, el mar Mediterrani i la depressi\u00f3 del Pened\u00e8s. Ocupant una extensi\u00f3 de 12.820 hect\u00e0rees.<\/p>\n<p>Es tracta d&#8217;un paisatge eminentment roc\u00f3s, d&#8217;aspecte lunar , amb nombroses coves subterr\u00e0nies i profunds avencs, formats per l&#8217;acci\u00f3 de l&#8217;aigua sobre la pedra calc\u00e0ria. Aquestes caracter\u00edstiques geol\u00f2giques donen tamb\u00e9 com resultat rius dintre de la muntanya i surg\u00e8ncies naturals d&#8217;aigua dol\u00e7a a la base del mass\u00eds, on precisament es troba Port Ginesta.<\/p>\n<p>El principal objectiu de la gesti\u00f3 del parc \u00e9s, la preservaci\u00f3 dels valors naturals i l&#8217;\u00fas p\u00fablic ordenat de la muntanya aix\u00ed com atendre totes les demandes culturals, pedag\u00f2giques i cient\u00edfiques que la poblaci\u00f3 o entitats poden demandar.<\/p>\n<p>Dins de la instal\u00b7laci\u00f3 portu\u00e0ria es troba la bella platja Cala Ginesta, una platja encaixada a la base del Parc Natural del Garraf , d&#8217;acc\u00e9s p\u00fablic a trav\u00e9s del port i d&#8217;un bell cam\u00ed i dunes dissenyats per l&#8217;arquitecte paisatg\u00edstica Bet Figueres, creadora tamb\u00e9 entre molts altres projectes del Jard\u00ed Bot\u00e0nic de Barcelona.[\/et_pb_text][\/et_pb_column][et_pb_column type=&#8221;1_3&#8243; _builder_version=&#8221;4.16&#8243; _module_preset=&#8221;default&#8221; global_colors_info=&#8221;{}&#8221;][et_pb_text _builder_version=&#8221;4.16&#8243; _module_preset=&#8221;default&#8221; link_font=&#8221;Poppins||||||||&#8221; link_text_color=&#8221;#232323&#8243; ul_font=&#8221;Poppins||||||||&#8221; link_option_url_new_window=&#8221;on&#8221; locked=&#8221;off&#8221; global_colors_info=&#8221;{}&#8221;]<\/p>\n<ul class=\"lista-docs-desc\">\n<li><a href=\"https:\/\/www.portginesta.com\/wp-content\/uploads\/2022\/10\/politica-port-ginesta-octubre-22.pdf\"><i class=\"far fa-file-alt\"><\/i> Pol\u00edtica de Port Ginesta<\/a><\/li>\n<li><a href=\"https:\/\/www.portginesta.com\/wp-content\/uploads\/2022\/10\/declaracion-ambiental-port-ginesta-octubre-22.pdf\"><i class=\"far fa-file-alt\"><\/i>Declaraci\u00f3 Medi Ambient de Port Ginesta<\/a><\/li>\n<li><a href=\"https:\/\/www.portginesta.com\/wp-content\/uploads\/2022\/01\/Manual-de-bones-practiques-mediambientals.pdf\"><i class=\"far fa-file-alt\"><\/i> Manual Bones Pr\u00e0ctiques Medi Ambient i Seguretat<\/a><\/li>\n<li><a href=\"https:\/\/www.portginesta.com\/wp-content\/uploads\/2022\/01\/enquesta-es.pdf\"><i class=\"far fa-file-alt\"><\/i>Enquesta de satisfacci\u00f3 mediambiental i de qualitat<\/a><\/li>\n<\/ul>\n<p>[\/et_pb_text][\/et_pb_column][\/et_pb_row][\/et_pb_section][et_pb_section fb_built=&#8221;1&#8243; _builder_version=&#8221;4.16&#8243; _module_preset=&#8221;default&#8221; background_image=&#8221;https:\/\/www.portginesta.com\/wp-content\/uploads\/2022\/01\/port-ginesta-fondo3.jpg&#8221; custom_padding=&#8221;30px||30px||true|false&#8221; global_colors_info=&#8221;{}&#8221;][et_pb_row _builder_version=&#8221;4.16&#8243; _module_preset=&#8221;default&#8221; global_colors_info=&#8221;{}&#8221;][et_pb_column type=&#8221;4_4&#8243; _builder_version=&#8221;4.16&#8243; _module_preset=&#8221;default&#8221; global_colors_info=&#8221;{}&#8221;][et_pb_image src=&#8221;https:\/\/www.portginesta.com\/wp-content\/uploads\/2022\/01\/Logos-port-ginesta-sur-multihull-3.png&#8221; title_text=&#8221;Logos-port-ginesta-sur-multihull-3&#8243; _builder_version=&#8221;4.16&#8243; _module_preset=&#8221;default&#8221; max_width=&#8221;800px&#8221; module_alignment=&#8221;center&#8221; global_colors_info=&#8221;{}&#8221;][\/et_pb_image][et_pb_button button_url=&#8221;\/tarifes-i-reserves\/?lang=ca&#8221; button_text=&#8221;RESERVES&#8221; button_alignment=&#8221;center&#8221; _builder_version=&#8221;4.16&#8243; _module_preset=&#8221;default&#8221; custom_button=&#8221;on&#8221; button_text_color=&#8221;#FFFFFF&#8221; button_bg_color=&#8221;#002554&#8243; button_border_width=&#8221;0px&#8221; button_border_radius=&#8221;0px&#8221; button_font=&#8221;Poppins|700|||||||&#8221; button_icon=&#8221;&#xf13d;||fa||900&#8243; button_icon_color=&#8221;#0089C0&#8243; button_on_hover=&#8221;off&#8221; custom_css_main_element=&#8221;width: 100%;&#8221; box_shadow_style=&#8221;preset3&#8243; global_colors_info=&#8221;{}&#8221;][\/et_pb_button][\/et_pb_column][\/et_pb_row][\/et_pb_section]<\/p>\n","protected":false},"excerpt":{"rendered":"<p>ENTORNPRIVILEGIAT ENTORN NATURALPort Ginesta es troba al peu del Parc Natural del Garraf, entre les comarques del Baix Llobregat i el Garraf, en el sector sud-oest de la denominada Serralada Litoral Catalana. Els seus l\u00edmits s\u00f3n la vall inferior del Llobregat, el mar Mediterrani i la depressi\u00f3 del Pened\u00e8s. Ocupant una extensi\u00f3 de 12.820 hect\u00e0rees. [&hellip;]<\/p>\n","protected":false},"author":1,"featured_media":0,"parent":0,"menu_order":0,"comment_status":"closed","ping_status":"closed","template":"","meta":{"_et_pb_use_builder":"on","_et_pb_old_content":"","_et_gb_content_width":"","inline_featured_image":false,"footnotes":""},"class_list":["post-3365","page","type-page","status-publish","hentry"],"yoast_head":"<!-- This site is optimized with the Yoast SEO plugin v27.5 - https:\/\/yoast.com\/product\/yoast-seo-wordpress\/ -->\n<title>Entorn - Port Ginesta<\/title>\n<meta name=\"robots\" content=\"index, follow, max-snippet:-1, max-image-preview:large, max-video-preview:-1\" \/>\n<link rel=\"canonical\" href=\"https:\/\/www.portginesta.com\/entorno\/\" \/>\n<meta property=\"og:locale\" content=\"ca_ES\" \/>\n<meta property=\"og:type\" content=\"article\" \/>\n<meta property=\"og:title\" content=\"Entorn - Port Ginesta\" \/>\n<meta property=\"og:description\" content=\"ENTORNPRIVILEGIAT ENTORN NATURALPort Ginesta es troba al peu del Parc Natural del Garraf, entre les comarques del Baix Llobregat i el Garraf, en el sector sud-oest de la denominada Serralada Litoral Catalana. Els seus l\u00edmits s\u00f3n la vall inferior del Llobregat, el mar Mediterrani i la depressi\u00f3 del Pened\u00e8s. Ocupant una extensi\u00f3 de 12.820 hect\u00e0rees. [&hellip;]\" \/>\n<meta property=\"og:url\" content=\"https:\/\/www.portginesta.com\/entorno\/\" \/>\n<meta property=\"og:site_name\" content=\"Port Ginesta\" \/>\n<meta property=\"article:modified_time\" content=\"2024-01-23T15:20:45+00:00\" \/>\n<meta name=\"twitter:card\" content=\"summary_large_image\" \/>\n<meta name=\"twitter:label1\" content=\"Temps estimat de lectura\" \/>\n\t<meta name=\"twitter:data1\" content=\"4 minuts\" \/>\n<script type=\"application\/ld+json\" class=\"yoast-schema-graph\">{\"@context\":\"https:\\\/\\\/schema.org\",\"@graph\":[{\"@type\":\"WebPage\",\"@id\":\"https:\\\/\\\/www.portginesta.com\\\/entorno\\\/\",\"url\":\"https:\\\/\\\/www.portginesta.com\\\/entorno\\\/\",\"name\":\"Entorn - Port Ginesta\",\"isPartOf\":{\"@id\":\"https:\\\/\\\/www.portginesta.com\\\/#website\"},\"datePublished\":\"2022-05-15T14:15:00+00:00\",\"dateModified\":\"2024-01-23T15:20:45+00:00\",\"breadcrumb\":{\"@id\":\"https:\\\/\\\/www.portginesta.com\\\/entorno\\\/#breadcrumb\"},\"inLanguage\":\"ca\",\"potentialAction\":[{\"@type\":\"ReadAction\",\"target\":[\"https:\\\/\\\/www.portginesta.com\\\/entorno\\\/\"]}]},{\"@type\":\"BreadcrumbList\",\"@id\":\"https:\\\/\\\/www.portginesta.com\\\/entorno\\\/#breadcrumb\",\"itemListElement\":[{\"@type\":\"ListItem\",\"position\":1,\"name\":\"Portada\",\"item\":\"https:\\\/\\\/www.portginesta.com\\\/\"},{\"@type\":\"ListItem\",\"position\":2,\"name\":\"Entorn\"}]},{\"@type\":\"WebSite\",\"@id\":\"https:\\\/\\\/www.portginesta.com\\\/#website\",\"url\":\"https:\\\/\\\/www.portginesta.com\\\/\",\"name\":\"Port Ginesta\",\"description\":\"Otro sitio realizado con WordPress\",\"potentialAction\":[{\"@type\":\"SearchAction\",\"target\":{\"@type\":\"EntryPoint\",\"urlTemplate\":\"https:\\\/\\\/www.portginesta.com\\\/?s={search_term_string}\"},\"query-input\":{\"@type\":\"PropertyValueSpecification\",\"valueRequired\":true,\"valueName\":\"search_term_string\"}}],\"inLanguage\":\"ca\"}]}<\/script>\n<!-- \/ Yoast SEO plugin. -->","yoast_head_json":{"title":"Entorn - Port Ginesta","robots":{"index":"index","follow":"follow","max-snippet":"max-snippet:-1","max-image-preview":"max-image-preview:large","max-video-preview":"max-video-preview:-1"},"canonical":"https:\/\/www.portginesta.com\/entorno\/","og_locale":"ca_ES","og_type":"article","og_title":"Entorn - Port Ginesta","og_description":"ENTORNPRIVILEGIAT ENTORN NATURALPort Ginesta es troba al peu del Parc Natural del Garraf, entre les comarques del Baix Llobregat i el Garraf, en el sector sud-oest de la denominada Serralada Litoral Catalana. Els seus l\u00edmits s\u00f3n la vall inferior del Llobregat, el mar Mediterrani i la depressi\u00f3 del Pened\u00e8s. Ocupant una extensi\u00f3 de 12.820 hect\u00e0rees. [&hellip;]","og_url":"https:\/\/www.portginesta.com\/entorno\/","og_site_name":"Port Ginesta","article_modified_time":"2024-01-23T15:20:45+00:00","twitter_card":"summary_large_image","twitter_misc":{"Temps estimat de lectura":"4 minuts"},"schema":{"@context":"https:\/\/schema.org","@graph":[{"@type":"WebPage","@id":"https:\/\/www.portginesta.com\/entorno\/","url":"https:\/\/www.portginesta.com\/entorno\/","name":"Entorn - Port Ginesta","isPartOf":{"@id":"https:\/\/www.portginesta.com\/#website"},"datePublished":"2022-05-15T14:15:00+00:00","dateModified":"2024-01-23T15:20:45+00:00","breadcrumb":{"@id":"https:\/\/www.portginesta.com\/entorno\/#breadcrumb"},"inLanguage":"ca","potentialAction":[{"@type":"ReadAction","target":["https:\/\/www.portginesta.com\/entorno\/"]}]},{"@type":"BreadcrumbList","@id":"https:\/\/www.portginesta.com\/entorno\/#breadcrumb","itemListElement":[{"@type":"ListItem","position":1,"name":"Portada","item":"https:\/\/www.portginesta.com\/"},{"@type":"ListItem","position":2,"name":"Entorn"}]},{"@type":"WebSite","@id":"https:\/\/www.portginesta.com\/#website","url":"https:\/\/www.portginesta.com\/","name":"Port Ginesta","description":"Otro sitio realizado con WordPress","potentialAction":[{"@type":"SearchAction","target":{"@type":"EntryPoint","urlTemplate":"https:\/\/www.portginesta.com\/?s={search_term_string}"},"query-input":{"@type":"PropertyValueSpecification","valueRequired":true,"valueName":"search_term_string"}}],"inLanguage":"ca"}]}},"_links":{"self":[{"href":"https:\/\/www.portginesta.com\/ca\/wp-json\/wp\/v2\/pages\/3365","targetHints":{"allow":["GET"]}}],"collection":[{"href":"https:\/\/www.portginesta.com\/ca\/wp-json\/wp\/v2\/pages"}],"about":[{"href":"https:\/\/www.portginesta.com\/ca\/wp-json\/wp\/v2\/types\/page"}],"author":[{"embeddable":true,"href":"https:\/\/www.portginesta.com\/ca\/wp-json\/wp\/v2\/users\/1"}],"replies":[{"embeddable":true,"href":"https:\/\/www.portginesta.com\/ca\/wp-json\/wp\/v2\/comments?post=3365"}],"version-history":[{"count":0,"href":"https:\/\/www.portginesta.com\/ca\/wp-json\/wp\/v2\/pages\/3365\/revisions"}],"wp:attachment":[{"href":"https:\/\/www.portginesta.com\/ca\/wp-json\/wp\/v2\/media?parent=3365"}],"curies":[{"name":"wp","href":"https:\/\/api.w.org\/{rel}","templated":true}]}}