{"id":3383,"date":"2022-05-15T14:29:34","date_gmt":"2022-05-15T14:29:34","guid":{"rendered":"http:\/\/www.portginesta.com\/documents\/"},"modified":"2026-04-07T11:53:36","modified_gmt":"2026-04-07T09:53:36","slug":"documents","status":"publish","type":"page","link":"https:\/\/www.portginesta.com\/ca\/documents\/","title":{"rendered":"Documents"},"content":{"rendered":"<p>[et_pb_section fb_built=&#8221;1&#8243; _builder_version=&#8221;4.16&#8243; _module_preset=&#8221;default&#8221; custom_padding=&#8221;||0px||false|false&#8221; global_colors_info=&#8221;{}&#8221;][et_pb_row _builder_version=&#8221;4.16&#8243; _module_preset=&#8221;default&#8221; global_colors_info=&#8221;{}&#8221;][et_pb_column type=&#8221;4_4&#8243; _builder_version=&#8221;4.16&#8243; _module_preset=&#8221;default&#8221; global_colors_info=&#8221;{}&#8221;][et_pb_text _builder_version=&#8221;4.16&#8243; _module_preset=&#8221;default&#8221; header_font=&#8221;Poppins|700|||||||&#8221; header_text_color=&#8221;#002554&#8243; custom_margin=&#8221;||10px||false|false&#8221; global_colors_info=&#8221;{}&#8221;]<\/p>\n<h1>DOCUMENTS<\/h1>\n<p>[\/et_pb_text][et_pb_divider color=&#8221;#FFD600&#8243; divider_weight=&#8221;5px&#8221; _builder_version=&#8221;4.16&#8243; _module_preset=&#8221;default&#8221; max_width=&#8221;50px&#8221; custom_margin=&#8221;0px||0px||true|false&#8221; custom_padding=&#8221;0px||0px||true|false&#8221; global_colors_info=&#8221;{}&#8221;][\/et_pb_divider][\/et_pb_column][\/et_pb_row][\/et_pb_section][et_pb_section fb_built=&#8221;1&#8243; _builder_version=&#8221;4.19.2&#8243; _module_preset=&#8221;default&#8221; background_image=&#8221;https:\/\/www.portginesta.com\/wp-content\/uploads\/2024\/01\/cabecera-documentos-port-ginesta-24.webp&#8221; background_position=&#8221;center_left&#8221; min_height=&#8221;250px&#8221; global_colors_info=&#8221;{}&#8221;][et_pb_row _builder_version=&#8221;4.16&#8243; _module_preset=&#8221;default&#8221; global_colors_info=&#8221;{}&#8221;][et_pb_column type=&#8221;4_4&#8243; _builder_version=&#8221;4.16&#8243; _module_preset=&#8221;default&#8221; global_colors_info=&#8221;{}&#8221;][\/et_pb_column][\/et_pb_row][\/et_pb_section][et_pb_section fb_built=&#8221;1&#8243; disabled_on=&#8221;off|off|off&#8221; module_class=&#8221;seccion-documentos&#8221; _builder_version=&#8221;4.16&#8243; _module_preset=&#8221;default&#8221; custom_margin=&#8221;0px||0px||true|false&#8221; custom_padding=&#8221;60px||40px||false|false&#8221; background_last_edited=&#8221;on|tablet&#8221; background_enable_color_tablet=&#8221;off&#8221; locked=&#8221;off&#8221; global_colors_info=&#8221;{}&#8221;][et_pb_row column_structure=&#8221;1_2,1_2&#8243; _builder_version=&#8221;4.16&#8243; _module_preset=&#8221;default&#8221; custom_margin=&#8221;0px||||false|false&#8221; custom_padding=&#8221;20px|10px|0px|10px|false|true&#8221; global_colors_info=&#8221;{}&#8221;][et_pb_column type=&#8221;1_2&#8243; _builder_version=&#8221;4.16&#8243; _module_preset=&#8221;default&#8221; global_colors_info=&#8221;{}&#8221;][et_pb_text _builder_version=&#8221;4.27.3&#8243; _module_preset=&#8221;default&#8221; link_font=&#8221;Poppins||||||||&#8221; link_text_color=&#8221;#232323&#8243; ul_font=&#8221;Poppins||||||||&#8221; global_colors_info=&#8221;{}&#8221;]<\/p>\n<ul class=\"lista-docs-desc\">\n<li><a href=\"\/wp-content\/uploads\/2026\/01\/organigrama-port-ginesta-26-gener-26.pdf\"><i class=\"far fa-file-alt\"><\/i> Organigrama<\/a><\/li>\n<li><a href=\"https:\/\/www.portginesta.com\/wp-content\/uploads\/2024\/12\/Plano-Port-Ginesta-2025.pdf\"><i class=\"far fa-file-alt\"><\/i> Pl\u00e0nol del port<\/a><\/li>\n<li><a href=\"https:\/\/www.portginesta.com\/wp-content\/uploads\/2022\/01\/Reglament-particular-exploracio-i-policia-port-esportiu-ginesta.pdf\"><i class=\"far fa-file-alt\"><\/i> Reglament d&#8217;Explotaci\u00f3 i Policia del port<\/a><\/li>\n<li><a href=\"https:\/\/www.portginesta.com\/wp-content\/uploads\/2022\/01\/Solicitud-cessio-amarrador-concessio-2006-es.pdf\"><i class=\"far fa-file-alt\"><\/i> Sol\u00b7licitud cessi\u00f3 definitiva amarratge concessi\u00f3 2006<\/a><\/li>\n<li><a href=\"https:\/\/www.portginesta.com\/wp-content\/uploads\/2022\/01\/Document-cessio-temporal-amarradors-2006.pdf\"><i class=\"far fa-file-alt\"><\/i>Document cessi\u00f3 temporal amarratge 2006<\/a><\/li>\n<li><a href=\"https:\/\/www.portginesta.com\/wp-content\/uploads\/2022\/10\/politica-port-ginesta-octubre-22.pdf\"><i class=\"far fa-file-alt\"><\/i>Pol\u00edtica de Port Ginesta<\/a><\/li>\n<li><a href=\"https:\/\/www.portginesta.com\/wp-content\/uploads\/2025\/04\/normativa-varadero-abril-25-cat.pdf\" target=\"_blank\" rel=\"noopener\"><i class=\"far fa-file-alt\"><\/i>Normativa Escar<\/a><\/li>\n<li><a href=\"\/wp-content\/uploads\/2025\/10\/2025-06-batimetria-tecnoambiente-1.pdf\" target=\"_blank\" rel=\"noopener\"><i class=\"far fa-file-alt\"><\/i>Batimetria Bocana<\/a><\/li>\n<li><a href=\"https:\/\/www.portginesta.com\/wp-content\/uploads\/2022\/01\/Resolucio-Final-Unificacio.pdf\" target=\"_blank\" rel=\"noopener\"><i class=\"far fa-file-alt\"><\/i>Resoluci\u00f3 Final Unificaci\u00f3<\/a><\/li>\n<\/ul>\n<p>[\/et_pb_text][\/et_pb_column][et_pb_column type=&#8221;1_2&#8243; _builder_version=&#8221;4.16&#8243; _module_preset=&#8221;default&#8221; global_colors_info=&#8221;{}&#8221;][et_pb_text _builder_version=&#8221;4.27.3&#8243; _module_preset=&#8221;default&#8221; link_font=&#8221;Poppins||||||||&#8221; link_text_color=&#8221;#232323&#8243; ul_font=&#8221;Poppins||||||||&#8221; hover_enabled=&#8221;0&#8243; locked=&#8221;off&#8221; global_colors_info=&#8221;{}&#8221; sticky_enabled=&#8221;0&#8243;]<\/p>\n<ul class=\"lista-docs-desc\">\n<li><a href=\"\/wp-content\/uploads\/2026\/04\/declaracion-ambiental-2025-port-ginesta.pdf\" target=\"_blank\" rel=\"noopener\"><i class=\"far fa-file-alt\"><\/i>Declaraci\u00f3 ambiental<\/a><\/li>\n<li><a href=\"https:\/\/www.portginesta.com\/wp-content\/uploads\/2025\/03\/port-ginesta-programa-objetivos-marzo-25.pdf\"><i class=\"far fa-file-alt\"><\/i>Programa d&#8217;objectius<\/a><\/li>\n<li><a href=\"https:\/\/www.portginesta.com\/wp-content\/uploads\/2025\/04\/manual-buenas-practicas-abril-25-cat.pdf\"><i class=\"far fa-file-alt\"><\/i>Manual Bones Pr\u00e0ctiques Medi Ambient i Seguretat<\/a><\/li>\n<li><a href=\"https:\/\/www.portginesta.com\/wp-content\/uploads\/2022\/01\/BPA-PROVEIDORS.pdf\"><i class=\"far fa-file-alt\"><\/i>Manual Bones Pr\u00e0ctiques Ambientals Prove\u00efdors<\/a><\/li>\n<li><a href=\"https:\/\/www.portginesta.com\/wp-content\/uploads\/2025\/11\/guia-navegacio-esbarjo-sostenible-respectuosa-ca.pdf\"><i class=\"far fa-file-alt\"><\/i>Guia de navegaci\u00f3 d&#8217;esbarjo sostenible i respectuosa<\/a><\/li>\n<li><a href=\"https:\/\/www.portginesta.com\/wp-content\/uploads\/2022\/01\/enquesta-es.pdf\"><i class=\"far fa-file-alt\"><\/i>Enquesta de satisfacci\u00f3 mediambiental i de qualitat<\/a><\/li>\n<li><a href=\"https:\/\/www.portginesta.com\/wp-content\/uploads\/2022\/01\/Quadre-distancies.pdf\"><i class=\"far fa-file-alt\"><\/i>Quadre de dist\u00e0ncies de Port Ginesta a altres ports<\/a><\/li>\n<li><a href=\"\/wp-content\/uploads\/2025\/10\/Plan-de-Autoproteccion-PORT-GINESTA-2023-27.06.23-SIGNAT.pdf\" target=\"_blank\" rel=\"noopener\"><i class=\"far fa-file-alt\"><\/i>Pla d&#8217;Autoprotecci\u00f3 del Port PAU<\/a><\/li>\n<li><a href=\"\/wp-content\/uploads\/2025\/10\/certificados-port-ginesta-oct-25.pdf\"><i class=\"far fa-file-alt\"><\/i>Certificats de qualitat, medi ambient, riscos i bandera blava<\/a><\/li>\n<li><i class=\"far fa-file-alt\"><\/i><a href=\"https:\/\/www.portginesta.com\/comptes-anuals\/?lang=ca\">Comptes Anuals<\/a><\/li>\n<\/ul>\n<p>[\/et_pb_text][\/et_pb_column][\/et_pb_row][et_pb_row _builder_version=&#8221;4.16&#8243; _module_preset=&#8221;default&#8221; global_colors_info=&#8221;{}&#8221;][et_pb_column type=&#8221;4_4&#8243; _builder_version=&#8221;4.16&#8243; _module_preset=&#8221;default&#8221; global_colors_info=&#8221;{}&#8221;][et_pb_image src=&#8221;https:\/\/www.portginesta.com\/wp-content\/uploads\/2022\/01\/logo-documentos.jpg&#8221; title_text=&#8221;logo-documentos&#8221; _builder_version=&#8221;4.16&#8243; _module_preset=&#8221;default&#8221; width=&#8221;450px&#8221; width_tablet=&#8221;400px&#8221; width_phone=&#8221;90%&#8221; width_last_edited=&#8221;on|phone&#8221; module_alignment=&#8221;center&#8221; custom_margin=&#8221;0px||0px||true|false&#8221; custom_padding=&#8221;0px||0px||true|false&#8221; global_colors_info=&#8221;{}&#8221;][\/et_pb_image][\/et_pb_column][\/et_pb_row][\/et_pb_section][et_pb_section fb_built=&#8221;1&#8243; _builder_version=&#8221;4.16&#8243; _module_preset=&#8221;default&#8221; background_image=&#8221;https:\/\/www.portginesta.com\/wp-content\/uploads\/2022\/01\/port-ginesta-fondo3.jpg&#8221; custom_padding=&#8221;30px||30px||true|false&#8221; global_colors_info=&#8221;{}&#8221;][et_pb_row _builder_version=&#8221;4.16&#8243; _module_preset=&#8221;default&#8221; global_colors_info=&#8221;{}&#8221;][et_pb_column type=&#8221;4_4&#8243; _builder_version=&#8221;4.16&#8243; _module_preset=&#8221;default&#8221; global_colors_info=&#8221;{}&#8221;][et_pb_image src=&#8221;https:\/\/www.portginesta.com\/wp-content\/uploads\/2022\/01\/Logos-port-ginesta-sur-multihull-3.png&#8221; title_text=&#8221;Logos-port-ginesta-sur-multihull-3&#8243; _builder_version=&#8221;4.16&#8243; _module_preset=&#8221;default&#8221; max_width=&#8221;800px&#8221; module_alignment=&#8221;center&#8221; global_colors_info=&#8221;{}&#8221;][\/et_pb_image][et_pb_button button_url=&#8221;https:\/\/www.portginesta.com\/ca\/tarifes-i-reserves\/&#8221; button_text=&#8221;RESERVES&#8221; button_alignment=&#8221;center&#8221; _builder_version=&#8221;4.16&#8243; _module_preset=&#8221;default&#8221; custom_button=&#8221;on&#8221; button_text_color=&#8221;#FFFFFF&#8221; button_bg_color=&#8221;#002554&#8243; button_border_width=&#8221;0px&#8221; button_border_radius=&#8221;0px&#8221; button_font=&#8221;Poppins|700|||||||&#8221; button_icon=&#8221;&#xf13d;||fa||900&#8243; button_icon_color=&#8221;#0089C0&#8243; button_on_hover=&#8221;off&#8221; custom_css_main_element=&#8221;width: 100%;&#8221; box_shadow_style=&#8221;preset3&#8243; global_colors_info=&#8221;{}&#8221;][\/et_pb_button][\/et_pb_column][\/et_pb_row][\/et_pb_section]<\/p>\n","protected":false},"excerpt":{"rendered":"<p>DOCUMENTS Organigrama Pl\u00e0nol del port Reglament d&#8217;Explotaci\u00f3 i Policia del port Sol\u00b7licitud cessi\u00f3 definitiva amarratge concessi\u00f3 2006 Document cessi\u00f3 temporal amarratge 2006 Pol\u00edtica de Port Ginesta Normativa Escar Batimetria Bocana Resoluci\u00f3 Final Unificaci\u00f3 Declaraci\u00f3 ambiental Programa d&#8217;objectius Manual Bones Pr\u00e0ctiques Medi Ambient i Seguretat Manual Bones Pr\u00e0ctiques Ambientals Prove\u00efdors Guia de navegaci\u00f3 d&#8217;esbarjo sostenible i [&hellip;]<\/p>\n","protected":false},"author":1,"featured_media":0,"parent":0,"menu_order":0,"comment_status":"closed","ping_status":"closed","template":"","meta":{"_acf_changed":false,"_et_pb_use_builder":"on","_et_pb_old_content":"","_et_gb_content_width":"","inline_featured_image":false,"footnotes":""},"class_list":["post-3383","page","type-page","status-publish","hentry"],"acf":[],"yoast_head":"<!-- This site is optimized with the Yoast SEO plugin v27.5 - https:\/\/yoast.com\/product\/yoast-seo-wordpress\/ -->\n<title>Documents - Port Ginesta<\/title>\n<meta name=\"robots\" content=\"index, follow, max-snippet:-1, max-image-preview:large, max-video-preview:-1\" \/>\n<link rel=\"canonical\" href=\"https:\/\/www.portginesta.com\/documentos\/\" \/>\n<meta property=\"og:locale\" content=\"ca_ES\" \/>\n<meta property=\"og:type\" content=\"article\" \/>\n<meta property=\"og:title\" content=\"Documents - Port Ginesta\" \/>\n<meta property=\"og:description\" content=\"DOCUMENTS Organigrama Pl\u00e0nol del port Reglament d&#039;Explotaci\u00f3 i Policia del port Sol\u00b7licitud cessi\u00f3 definitiva amarratge concessi\u00f3 2006 Document cessi\u00f3 temporal amarratge 2006 Pol\u00edtica de Port Ginesta Normativa Escar Batimetria Bocana Resoluci\u00f3 Final Unificaci\u00f3 Declaraci\u00f3 ambiental Programa d&#039;objectius Manual Bones Pr\u00e0ctiques Medi Ambient i Seguretat Manual Bones Pr\u00e0ctiques Ambientals Prove\u00efdors Guia de navegaci\u00f3 d&#039;esbarjo sostenible i [&hellip;]\" \/>\n<meta property=\"og:url\" content=\"https:\/\/www.portginesta.com\/documentos\/\" \/>\n<meta property=\"og:site_name\" content=\"Port Ginesta\" \/>\n<meta property=\"article:modified_time\" content=\"2026-04-07T09:53:36+00:00\" \/>\n<meta name=\"twitter:card\" content=\"summary_large_image\" \/>\n<meta name=\"twitter:label1\" content=\"Temps estimat de lectura\" \/>\n\t<meta name=\"twitter:data1\" content=\"3 minuts\" \/>\n<script type=\"application\/ld+json\" class=\"yoast-schema-graph\">{\"@context\":\"https:\\\/\\\/schema.org\",\"@graph\":[{\"@type\":\"WebPage\",\"@id\":\"https:\\\/\\\/www.portginesta.com\\\/documentos\\\/\",\"url\":\"https:\\\/\\\/www.portginesta.com\\\/documentos\\\/\",\"name\":\"Documents - Port Ginesta\",\"isPartOf\":{\"@id\":\"https:\\\/\\\/www.portginesta.com\\\/#website\"},\"datePublished\":\"2022-05-15T14:29:34+00:00\",\"dateModified\":\"2026-04-07T09:53:36+00:00\",\"breadcrumb\":{\"@id\":\"https:\\\/\\\/www.portginesta.com\\\/documentos\\\/#breadcrumb\"},\"inLanguage\":\"ca\",\"potentialAction\":[{\"@type\":\"ReadAction\",\"target\":[\"https:\\\/\\\/www.portginesta.com\\\/documentos\\\/\"]}]},{\"@type\":\"BreadcrumbList\",\"@id\":\"https:\\\/\\\/www.portginesta.com\\\/documentos\\\/#breadcrumb\",\"itemListElement\":[{\"@type\":\"ListItem\",\"position\":1,\"name\":\"Portada\",\"item\":\"https:\\\/\\\/www.portginesta.com\\\/\"},{\"@type\":\"ListItem\",\"position\":2,\"name\":\"Documents\"}]},{\"@type\":\"WebSite\",\"@id\":\"https:\\\/\\\/www.portginesta.com\\\/#website\",\"url\":\"https:\\\/\\\/www.portginesta.com\\\/\",\"name\":\"Port Ginesta\",\"description\":\"Otro sitio realizado con WordPress\",\"potentialAction\":[{\"@type\":\"SearchAction\",\"target\":{\"@type\":\"EntryPoint\",\"urlTemplate\":\"https:\\\/\\\/www.portginesta.com\\\/?s={search_term_string}\"},\"query-input\":{\"@type\":\"PropertyValueSpecification\",\"valueRequired\":true,\"valueName\":\"search_term_string\"}}],\"inLanguage\":\"ca\"}]}<\/script>\n<!-- \/ Yoast SEO plugin. -->","yoast_head_json":{"title":"Documents - Port Ginesta","robots":{"index":"index","follow":"follow","max-snippet":"max-snippet:-1","max-image-preview":"max-image-preview:large","max-video-preview":"max-video-preview:-1"},"canonical":"https:\/\/www.portginesta.com\/documentos\/","og_locale":"ca_ES","og_type":"article","og_title":"Documents - Port Ginesta","og_description":"DOCUMENTS Organigrama Pl\u00e0nol del port Reglament d'Explotaci\u00f3 i Policia del port Sol\u00b7licitud cessi\u00f3 definitiva amarratge concessi\u00f3 2006 Document cessi\u00f3 temporal amarratge 2006 Pol\u00edtica de Port Ginesta Normativa Escar Batimetria Bocana Resoluci\u00f3 Final Unificaci\u00f3 Declaraci\u00f3 ambiental Programa d'objectius Manual Bones Pr\u00e0ctiques Medi Ambient i Seguretat Manual Bones Pr\u00e0ctiques Ambientals Prove\u00efdors Guia de navegaci\u00f3 d'esbarjo sostenible i [&hellip;]","og_url":"https:\/\/www.portginesta.com\/documentos\/","og_site_name":"Port Ginesta","article_modified_time":"2026-04-07T09:53:36+00:00","twitter_card":"summary_large_image","twitter_misc":{"Temps estimat de lectura":"3 minuts"},"schema":{"@context":"https:\/\/schema.org","@graph":[{"@type":"WebPage","@id":"https:\/\/www.portginesta.com\/documentos\/","url":"https:\/\/www.portginesta.com\/documentos\/","name":"Documents - Port Ginesta","isPartOf":{"@id":"https:\/\/www.portginesta.com\/#website"},"datePublished":"2022-05-15T14:29:34+00:00","dateModified":"2026-04-07T09:53:36+00:00","breadcrumb":{"@id":"https:\/\/www.portginesta.com\/documentos\/#breadcrumb"},"inLanguage":"ca","potentialAction":[{"@type":"ReadAction","target":["https:\/\/www.portginesta.com\/documentos\/"]}]},{"@type":"BreadcrumbList","@id":"https:\/\/www.portginesta.com\/documentos\/#breadcrumb","itemListElement":[{"@type":"ListItem","position":1,"name":"Portada","item":"https:\/\/www.portginesta.com\/"},{"@type":"ListItem","position":2,"name":"Documents"}]},{"@type":"WebSite","@id":"https:\/\/www.portginesta.com\/#website","url":"https:\/\/www.portginesta.com\/","name":"Port Ginesta","description":"Otro sitio realizado con WordPress","potentialAction":[{"@type":"SearchAction","target":{"@type":"EntryPoint","urlTemplate":"https:\/\/www.portginesta.com\/?s={search_term_string}"},"query-input":{"@type":"PropertyValueSpecification","valueRequired":true,"valueName":"search_term_string"}}],"inLanguage":"ca"}]}},"_links":{"self":[{"href":"https:\/\/www.portginesta.com\/ca\/wp-json\/wp\/v2\/pages\/3383","targetHints":{"allow":["GET"]}}],"collection":[{"href":"https:\/\/www.portginesta.com\/ca\/wp-json\/wp\/v2\/pages"}],"about":[{"href":"https:\/\/www.portginesta.com\/ca\/wp-json\/wp\/v2\/types\/page"}],"author":[{"embeddable":true,"href":"https:\/\/www.portginesta.com\/ca\/wp-json\/wp\/v2\/users\/1"}],"replies":[{"embeddable":true,"href":"https:\/\/www.portginesta.com\/ca\/wp-json\/wp\/v2\/comments?post=3383"}],"version-history":[{"count":32,"href":"https:\/\/www.portginesta.com\/ca\/wp-json\/wp\/v2\/pages\/3383\/revisions"}],"predecessor-version":[{"id":11191,"href":"https:\/\/www.portginesta.com\/ca\/wp-json\/wp\/v2\/pages\/3383\/revisions\/11191"}],"wp:attachment":[{"href":"https:\/\/www.portginesta.com\/ca\/wp-json\/wp\/v2\/media?parent=3383"}],"curies":[{"name":"wp","href":"https:\/\/api.w.org\/{rel}","templated":true}]}}