{"id":6442,"date":"2022-11-21T08:12:48","date_gmt":"2022-11-21T08:12:48","guid":{"rendered":"https:\/\/www.portginesta.com\/sala-de-premsa\/"},"modified":"2024-07-10T11:33:58","modified_gmt":"2024-07-10T09:33:58","slug":"sala-de-premsa","status":"publish","type":"page","link":"https:\/\/www.portginesta.com\/ca\/sala-de-premsa\/","title":{"rendered":"Sala de premsa"},"content":{"rendered":"<p>[et_pb_section fb_built=&#8221;1&#8243; _builder_version=&#8221;4.16&#8243; _module_preset=&#8221;default&#8221; custom_padding=&#8221;5px||0px||false|false&#8221; locked=&#8221;off&#8221; global_colors_info=&#8221;{}&#8221;][et_pb_row _builder_version=&#8221;4.16&#8243; _module_preset=&#8221;default&#8221; custom_padding=&#8221;60px|10px|27px|10px|false|true&#8221; global_colors_info=&#8221;{}&#8221;][et_pb_column type=&#8221;4_4&#8243; _builder_version=&#8221;4.16&#8243; _module_preset=&#8221;default&#8221; global_colors_info=&#8221;{}&#8221;][et_pb_text _builder_version=&#8221;4.16&#8243; _module_preset=&#8221;default&#8221; header_font=&#8221;Poppins|700||on|||||&#8221; header_text_color=&#8221;#002554&#8243; custom_margin=&#8221;||10px||false|false&#8221; global_colors_info=&#8221;{}&#8221;]<\/p>\n<h1>Sala de premsa<\/h1>\n<p>[\/et_pb_text][et_pb_divider color=&#8221;#FFD600&#8243; divider_weight=&#8221;5px&#8221; _builder_version=&#8221;4.16&#8243; _module_preset=&#8221;default&#8221; max_width=&#8221;50px&#8221; custom_margin=&#8221;0px||0px||true|false&#8221; custom_padding=&#8221;0px||0px||true|false&#8221; global_colors_info=&#8221;{}&#8221;][\/et_pb_divider][\/et_pb_column][\/et_pb_row][\/et_pb_section][et_pb_section fb_built=&#8221;1&#8243; _builder_version=&#8221;4.19.2&#8243; _module_preset=&#8221;default&#8221; background_image=&#8221;https:\/\/www.portginesta.com\/wp-content\/uploads\/2024\/01\/cabecera-prensa-port-ginesta-24.webp&#8221; min_height=&#8221;250px&#8221; locked=&#8221;off&#8221; global_colors_info=&#8221;{}&#8221;][et_pb_row _builder_version=&#8221;4.16&#8243; _module_preset=&#8221;default&#8221; global_colors_info=&#8221;{}&#8221;][et_pb_column type=&#8221;4_4&#8243; _builder_version=&#8221;4.16&#8243; _module_preset=&#8221;default&#8221; global_colors_info=&#8221;{}&#8221;][\/et_pb_column][\/et_pb_row][\/et_pb_section][et_pb_section fb_built=&#8221;1&#8243; disabled_on=&#8221;off|off|off&#8221; module_id=&#8221;sala-prensa&#8221; module_class=&#8221;seccion-documentos section-conmutador&#8221; _builder_version=&#8221;4.16&#8243; _module_preset=&#8221;default&#8221; custom_margin=&#8221;0px||0px||true|false&#8221; custom_padding=&#8221;60px||39px||false|false&#8221; background_last_edited=&#8221;on|tablet&#8221; background_enable_color_tablet=&#8221;off&#8221; locked=&#8221;off&#8221; global_colors_info=&#8221;{}&#8221;][et_pb_row column_structure=&#8221;2_3,1_3&#8243; _builder_version=&#8221;4.16&#8243; _module_preset=&#8221;default&#8221; custom_margin=&#8221;-31px|auto||auto|false|false&#8221; custom_padding=&#8221;20px|10px||10px|false|true&#8221; global_colors_info=&#8221;{}&#8221;][et_pb_column type=&#8221;2_3&#8243; _builder_version=&#8221;4.16&#8243; _module_preset=&#8221;default&#8221; global_colors_info=&#8221;{}&#8221;][et_pb_toggle title=&#8221;Dossier de premsa&#8221; open=&#8221;on&#8221; open_toggle_text_color=&#8221;#FFFFFF&#8221; open_toggle_background_color=&#8221;#FFFFFF&#8221; closed_toggle_background_color=&#8221;#FFFFFF&#8221; icon_color=&#8221;#FFD600&#8243; toggle_icon=&#8221;&#x33;||divi||400&#8243; use_icon_font_size=&#8221;on&#8221; icon_font_size=&#8221;30px&#8221; open_icon_color=&#8221;#FFD600&#8243; open_toggle_icon=&#8221;&#x32;||divi||400&#8243; open_use_icon_font_size=&#8221;on&#8221; open_icon_font_size=&#8221;30px&#8221; admin_label=&#8221;Otros servicios&#8221; module_id=&#8221;baresmusicales&#8221; _builder_version=&#8221;4.16&#8243; _module_preset=&#8221;default&#8221; title_text_color=&#8221;#FFFFFF&#8221; title_font=&#8221;Poppins|700|||||||&#8221; body_font=&#8221;Poppins||||||||&#8221; body_text_color=&#8221;#002554&#8243; body_font_size=&#8221;16px&#8221; body_link_font=&#8221;||||||||&#8221; body_link_text_color=&#8221;#002554&#8243; background_enable_color=&#8221;off&#8221; custom_margin=&#8221;||0px||false|false&#8221; custom_padding=&#8221;0px|0px|0px|0px|true|true&#8221; link_option_url=&#8221;https:\/\/www.portginesta.com\/servicios-generales\/&#8221; border_width_all=&#8221;0px&#8221; border_width_bottom=&#8221;1px&#8221; border_color_bottom=&#8221;#FFFFFF&#8221; locked=&#8221;off&#8221; global_colors_info=&#8221;{}&#8221;]<\/p>\n<table style=\"border-collapse: collapse; width: 100%;\" border=\"0\">\n<tbody>\n<tr>\n<td style=\"width: 50%;\">\n<ul class=\"lista-docs-desc\">\n<li><a href=\"https:\/\/www.portginesta.com\/wp-content\/uploads\/2022\/10\/Port-Ginesta_Dossier_Abril-22_SP.pdf\" target=\"_blank\" rel=\"noopener\"><i class=\"far fa-file-pdf\"><\/i> Dossier de premsa abril 22 [ES]<\/a><\/li>\n<\/ul>\n<\/td>\n<td style=\"width: 50%;\">\n<ul class=\"lista-docs-desc\">\n<li><a href=\"https:\/\/www.portginesta.com\/wp-content\/uploads\/2022\/10\/Port-Ginesta_Dossier_Abril-22_EN.pdf\" target=\"_blank\" rel=\"noopener\"><i class=\"far fa-file-pdf\"><\/i> Dossier de premsa abril 22 [EN]<\/a><\/li>\n<\/ul>\n<\/td>\n<\/tr>\n<\/tbody>\n<\/table>\n<p>[\/et_pb_toggle][et_pb_toggle title=&#8221;Recursos gr\u00e0fics&#8221; open=&#8221;on&#8221; open_toggle_text_color=&#8221;#FFFFFF&#8221; open_toggle_background_color=&#8221;#FFFFFF&#8221; closed_toggle_background_color=&#8221;#FFFFFF&#8221; icon_color=&#8221;#FFD600&#8243; toggle_icon=&#8221;&#x33;||divi||400&#8243; use_icon_font_size=&#8221;on&#8221; icon_font_size=&#8221;30px&#8221; open_icon_color=&#8221;#FFD600&#8243; open_toggle_icon=&#8221;&#x32;||divi||400&#8243; open_use_icon_font_size=&#8221;on&#8221; open_icon_font_size=&#8221;30px&#8221; admin_label=&#8221;Otros servicios&#8221; module_id=&#8221;baresmusicales&#8221; _builder_version=&#8221;4.19.0&#8243; _module_preset=&#8221;default&#8221; title_text_color=&#8221;#FFFFFF&#8221; title_font=&#8221;Poppins|700|||||||&#8221; body_font=&#8221;Poppins||||||||&#8221; body_text_color=&#8221;#002554&#8243; body_font_size=&#8221;16px&#8221; body_link_font=&#8221;||||||||&#8221; body_link_text_color=&#8221;#002554&#8243; background_enable_color=&#8221;off&#8221; custom_margin=&#8221;||0px||false|false&#8221; custom_padding=&#8221;0px|0px|0px|0px|true|true&#8221; link_option_url=&#8221;https:\/\/www.portginesta.com\/servicios-generales\/&#8221; border_width_all=&#8221;0px&#8221; border_width_bottom=&#8221;1px&#8221; border_color_bottom=&#8221;#FFFFFF&#8221; locked=&#8221;off&#8221; global_colors_info=&#8221;{}&#8221;]<\/p>\n<table style=\"border-collapse: collapse; width: 100%;\" border=\"0\">\n<tbody>\n<tr>\n<td style=\"width: 50%;\">\n<ul class=\"lista-docs-desc\">\n<li><a href=\"https:\/\/www.portginesta.com\/wp-content\/uploads\/2022\/10\/identidad-gra\u0301fica-port-ginesta-logotipo.pdf\" target=\"_blank\" rel=\"noopener\"><i class=\"far fa-file-pdf\"><\/i> Logotip<\/a><\/li>\n<\/ul>\n<\/td>\n<td style=\"width: 50%;\">\n<ul class=\"lista-docs-desc\">\n<li><a href=\"https:\/\/www.portginesta.com\/wp-content\/uploads\/2022\/11\/seleccion-imagenes-port-ginesta.rar\" target=\"_blank\" rel=\"noopener\"><i class=\"far fa-file-alt\"><\/i> Selecci\u00f3 d&#8217;imatges<\/a><\/li>\n<\/ul>\n<\/td>\n<\/tr>\n<\/tbody>\n<\/table>\n<p>[\/et_pb_toggle][et_pb_toggle title=&#8221;Nota de premsa&#8221; open=&#8221;on&#8221; open_toggle_text_color=&#8221;#FFFFFF&#8221; open_toggle_background_color=&#8221;#FFFFFF&#8221; closed_toggle_background_color=&#8221;#FFFFFF&#8221; icon_color=&#8221;#FFD600&#8243; toggle_icon=&#8221;&#x33;||divi||400&#8243; use_icon_font_size=&#8221;on&#8221; icon_font_size=&#8221;30px&#8221; open_icon_color=&#8221;#FFD600&#8243; open_toggle_icon=&#8221;&#x32;||divi||400&#8243; open_use_icon_font_size=&#8221;on&#8221; open_icon_font_size=&#8221;30px&#8221; admin_label=&#8221;Otros servicios&#8221; module_id=&#8221;baresmusicales&#8221; _builder_version=&#8221;4.19.0&#8243; _module_preset=&#8221;default&#8221; title_text_color=&#8221;#FFFFFF&#8221; title_font=&#8221;Poppins|700|||||||&#8221; body_font=&#8221;Poppins||||||||&#8221; body_text_color=&#8221;#002554&#8243; body_font_size=&#8221;16px&#8221; body_link_font=&#8221;||||||||&#8221; body_link_text_color=&#8221;#002554&#8243; background_enable_color=&#8221;off&#8221; custom_margin=&#8221;||0px||false|false&#8221; custom_padding=&#8221;0px|0px|0px|0px|true|true&#8221; link_option_url=&#8221;https:\/\/www.portginesta.com\/servicios-generales\/&#8221; border_width_all=&#8221;0px&#8221; border_width_bottom=&#8221;1px&#8221; border_color_bottom=&#8221;#FFFFFF&#8221; locked=&#8221;off&#8221; global_colors_info=&#8221;{}&#8221;]<\/p>\n<table style=\"border-collapse: collapse; width: 100%;\" border=\"0\">\n<tbody>\n<tr>\n<td style=\"width: 50%;\">\n<ul class=\"lista-docs-desc\">\n<li><a href=\"https:\/\/www.portginesta.com\/wp-content\/uploads\/2022\/10\/202207XX_Ndp_Oferta-gastrono\u0301mica.docx\" target=\"_blank\" rel=\"noopener\"><i class=\"far fa-file-alt\"><\/i> NDP | Oferta gastron\u00f2mica [ES]<\/a><\/li>\n<\/ul>\n<\/td>\n<td style=\"width: 50%;\">\n<ul class=\"lista-docs-desc\">\n<li><a href=\"https:\/\/www.portginesta.com\/wp-content\/uploads\/2022\/10\/20220127-Ndp_Port-Ginesta-invertira\u0301-10-millones-.docx\" target=\"_blank\" rel=\"noopener\"><i class=\"far fa-file-alt\"><\/i> NDP | Port Ginesta invertir\u00e0 10M\u20ac per millorar la seva competitivitat i contribuir a l&#8217;agenda 2030 [ES]<\/a><\/li>\n<\/ul>\n<\/td>\n<\/tr>\n<tr>\n<td style=\"width: 50%;\">\n<ul class=\"lista-docs-desc\">\n<li><i class=\"far fa-file-alt\"><\/i> <a href=\"https:\/\/www.portginesta.com\/wp-content\/uploads\/2022\/10\/20220628_NDP-Cargadores-coches-ele\u0301ctricos.docx\" target=\"_blank\" rel=\"noopener\">NDP | Port Ginesta incorpora carregadors d&#8217;Endesa X per a cotxes a les seves instal\u00b7lacions [ES]<\/a><\/li>\n<\/ul>\n<\/td>\n<td style=\"width: 50%;\">\n<ul class=\"lista-docs-desc\">\n<li><i class=\"far fa-file-alt\"><\/i><a href=\"https:\/\/www.portginesta.com\/wp-content\/uploads\/2022\/10\/20220628_CAT_NDP-Carregadors-cotxes-ele\u0300ctrics.docx\" target=\"_blank\" rel=\"noopener\">NDP | Port Ginesta incorpora carregadors d&#8217;Endesa X per a cotxes el\u00e8ctrics en les seves instal\u00b7lacions [CA]<\/a><\/li>\n<\/ul>\n<\/td>\n<\/tr>\n<tr>\n<td style=\"width: 50%;\">\n<ul class=\"lista-docs-desc\">\n<li><i class=\"far fa-file-alt\"><\/i><a href=\"https:\/\/www.portginesta.com\/wp-content\/uploads\/2022\/10\/20220708_NDP-Gimnasio-Crossfit.docx\" target=\"_blank\" rel=\"noopener\">NDP | Port Ginesta amplia la seva oferta de serveis amb nou gimn\u00e0s especialitzat a CrossFit [ES]<\/a><\/li>\n<\/ul>\n<\/td>\n<td style=\"width: 50%;\">\n<ul class=\"lista-docs-desc\">\n<li><i class=\"far fa-file-alt\"><\/i><a href=\"https:\/\/www.portginesta.com\/wp-content\/uploads\/2022\/10\/NdP_Port-Ginesta-eleva-su-apuesta-por-los-catamaranes.docx\" target=\"_blank\" rel=\"noopener\">NDP |Port Ginesta eleva la seva aposta pels catamarans [ES]<\/a><\/li>\n<\/ul>\n<\/td>\n<\/tr>\n<tr>\n<td style=\"width: 50%;\">\n<ul class=\"lista-docs-desc\">\n<li><i class=\"far fa-file-alt\"><\/i><a href=\"https:\/\/www.portginesta.com\/wp-content\/uploads\/2022\/10\/NdP_El-puerto-deportivo-ma\u0301s-grande-de-Espan\u0303a-se-consolida-como-referencia-en-el-sector-de-los-catamaranes.docx\" target=\"_blank\" rel=\"noopener\">NDP | El port esportiu m\u00e9s gran d&#8217;Espanya es consolida com a refer\u00e8ncia al sector dels catamarans [ES]<\/a><\/li>\n<\/ul>\n<\/td>\n<td style=\"width: 50%;\">\n<ul class=\"lista-docs-desc\">\n<li><i class=\"far fa-file-alt\"><\/i><a href=\"https:\/\/www.portginesta.com\/wp-content\/uploads\/2022\/10\/TMS-Maritime-Solutions-y-Squalo-Marine-eligen-Port-Ginesta-para-abrir-sus-locales-comerciales.docx\" target=\"_blank\" rel=\"noopener\">NDP | TMS Maritime Solutions i Squalo Marine trien Port Ginesta per obrir els seus locals comercials [ES]<\/a><\/li>\n<\/ul>\n<\/td>\n<\/tr>\n<\/tbody>\n<\/table>\n<p>[\/et_pb_toggle][\/et_pb_column][et_pb_column type=&#8221;1_3&#8243; _builder_version=&#8221;4.16&#8243; _module_preset=&#8221;default&#8221; global_colors_info=&#8221;{}&#8221;][et_pb_text _builder_version=&#8221;4.16&#8243; _module_preset=&#8221;default&#8221; header_3_font=&#8221;Poppins|700||on|||||&#8221; header_3_text_align=&#8221;center&#8221; header_3_text_color=&#8221;gcid-4e4a40ea-51a8-4d76-a1cd-a30de897f217&#8243; custom_margin=&#8221;||15px||false|false&#8221; locked=&#8221;off&#8221; global_colors_info=&#8221;{%22gcid-4e4a40ea-51a8-4d76-a1cd-a30de897f217%22:%91%22header_3_text_color%22%93}&#8221;]<\/p>\n<h3>Contacte premsa<\/h3>\n<p>[\/et_pb_text][et_pb_text _builder_version=&#8221;4.16&#8243; _module_preset=&#8221;default&#8221; text_orientation=&#8221;center&#8221; global_colors_info=&#8221;{}&#8221;]<\/p>\n<p>Per a m\u00e9s informaci\u00f3 contacteu amb el nostre departament de premsa:<\/p>\n<p>[\/et_pb_text][et_pb_text _builder_version=&#8221;4.25.1&#8243; _module_preset=&#8221;default&#8221; text_font=&#8221;Poppins|600|||||||&#8221; background_color=&#8221;#FFD600&#8243; text_orientation=&#8221;center&#8221; custom_margin=&#8221;||0px||false|false&#8221; custom_padding=&#8221;1em|1em|1em|1em|true|true&#8221; hover_enabled=&#8221;0&#8243; global_colors_info=&#8221;{}&#8221; sticky_enabled=&#8221;0&#8243;]<\/p>\n<p>WeLoveWebs<\/p>\n<p>[\/et_pb_text][et_pb_text _builder_version=&#8221;4.25.1&#8243; _module_preset=&#8221;default&#8221; text_text_color=&#8221;#FFFFFF&#8221; background_color=&#8221;#002554&#8243; text_orientation=&#8221;center&#8221; custom_margin=&#8221;||0px||false|false&#8221; custom_padding=&#8221;1em|1em|1em|1em|true|true&#8221; hover_enabled=&#8221;0&#8243; border_width_bottom=&#8221;1px&#8221; border_color_bottom=&#8221;#FFFFFF&#8221; global_colors_info=&#8221;{}&#8221; sticky_enabled=&#8221;0&#8243;]<\/p>\n<p>Oriol Coma<\/p>\n<p>[\/et_pb_text][et_pb_text _builder_version=&#8221;4.25.1&#8243; _module_preset=&#8221;default&#8221; text_text_color=&#8221;#FFFFFF&#8221; link_text_color=&#8221;#FFFFFF&#8221; background_color=&#8221;#002554&#8243; text_orientation=&#8221;center&#8221; custom_margin=&#8221;||0px||false|false&#8221; custom_padding=&#8221;1em|1em|1em|1em|true|true&#8221; hover_enabled=&#8221;0&#8243; border_width_bottom=&#8221;1px&#8221; border_color_bottom=&#8221;#FFFFFF&#8221; global_colors_info=&#8221;{}&#8221; sticky_enabled=&#8221;0&#8243;]<\/p>\n<p><a href=\"mailto:oriol@welovewebs.com\">oriol@welovewebs.com<\/a><\/p>\n<p>[\/et_pb_text][et_pb_text _builder_version=&#8221;4.25.1&#8243; _module_preset=&#8221;default&#8221; text_text_color=&#8221;#FFFFFF&#8221; link_text_color=&#8221;#FFFFFF&#8221; background_color=&#8221;#002554&#8243; text_orientation=&#8221;center&#8221; custom_margin=&#8221;||0px||false|false&#8221; custom_padding=&#8221;1em|1em|1em|1em|true|true&#8221; hover_enabled=&#8221;0&#8243; border_width_bottom=&#8221;1px&#8221; border_color_bottom=&#8221;#FFFFFF&#8221; global_colors_info=&#8221;{}&#8221; sticky_enabled=&#8221;0&#8243;]<\/p>\n<p><a href=\"tel:+34660551333\">660 551 333<\/a> | <a href=\"tel:+34931781291\">931 78 12 91<\/a><\/p>\n<p>[\/et_pb_text][\/et_pb_column][\/et_pb_row][\/et_pb_section]<\/p>\n","protected":false},"excerpt":{"rendered":"<p>Sala de premsa Dossier de premsa abril 22 [ES] Dossier de premsa abril 22 [EN] Logotip Selecci\u00f3 d&#8217;imatges NDP | Oferta gastron\u00f2mica [ES] NDP | Port Ginesta invertir\u00e0 10M\u20ac per millorar la seva competitivitat i contribuir a l&#8217;agenda 2030 [ES] NDP | Port Ginesta incorpora carregadors d&#8217;Endesa X per a cotxes a les seves instal\u00b7lacions [&hellip;]<\/p>\n","protected":false},"author":1,"featured_media":0,"parent":0,"menu_order":0,"comment_status":"closed","ping_status":"closed","template":"","meta":{"_acf_changed":false,"_et_pb_use_builder":"on","_et_pb_old_content":"","_et_gb_content_width":"","inline_featured_image":false,"footnotes":""},"class_list":["post-6442","page","type-page","status-publish","hentry"],"acf":[],"yoast_head":"<!-- This site is optimized with the Yoast SEO plugin v27.5 - https:\/\/yoast.com\/product\/yoast-seo-wordpress\/ -->\n<title>Sala de premsa - Port Ginesta<\/title>\n<meta name=\"robots\" content=\"index, follow, max-snippet:-1, max-image-preview:large, max-video-preview:-1\" \/>\n<link rel=\"canonical\" href=\"https:\/\/www.portginesta.com\/sala-de-prensa\/\" \/>\n<meta property=\"og:locale\" content=\"ca_ES\" \/>\n<meta property=\"og:type\" content=\"article\" \/>\n<meta property=\"og:title\" content=\"Sala de premsa - Port Ginesta\" \/>\n<meta property=\"og:description\" content=\"Sala de premsa Dossier de premsa abril 22 [ES] Dossier de premsa abril 22 [EN] Logotip Selecci\u00f3 d&#039;imatges NDP | Oferta gastron\u00f2mica [ES] NDP | Port Ginesta invertir\u00e0 10M\u20ac per millorar la seva competitivitat i contribuir a l&#039;agenda 2030 [ES] NDP | Port Ginesta incorpora carregadors d&#039;Endesa X per a cotxes a les seves instal\u00b7lacions [&hellip;]\" \/>\n<meta property=\"og:url\" content=\"https:\/\/www.portginesta.com\/sala-de-prensa\/\" \/>\n<meta property=\"og:site_name\" content=\"Port Ginesta\" \/>\n<meta property=\"article:modified_time\" content=\"2024-07-10T09:33:58+00:00\" \/>\n<meta name=\"twitter:card\" content=\"summary_large_image\" \/>\n<meta name=\"twitter:label1\" content=\"Temps estimat de lectura\" \/>\n\t<meta name=\"twitter:data1\" content=\"6 minuts\" \/>\n<script type=\"application\/ld+json\" class=\"yoast-schema-graph\">{\"@context\":\"https:\\\/\\\/schema.org\",\"@graph\":[{\"@type\":\"WebPage\",\"@id\":\"https:\\\/\\\/www.portginesta.com\\\/sala-de-prensa\\\/\",\"url\":\"https:\\\/\\\/www.portginesta.com\\\/sala-de-prensa\\\/\",\"name\":\"Sala de premsa - Port Ginesta\",\"isPartOf\":{\"@id\":\"https:\\\/\\\/www.portginesta.com\\\/#website\"},\"datePublished\":\"2022-11-21T08:12:48+00:00\",\"dateModified\":\"2024-07-10T09:33:58+00:00\",\"breadcrumb\":{\"@id\":\"https:\\\/\\\/www.portginesta.com\\\/sala-de-prensa\\\/#breadcrumb\"},\"inLanguage\":\"ca\",\"potentialAction\":[{\"@type\":\"ReadAction\",\"target\":[\"https:\\\/\\\/www.portginesta.com\\\/sala-de-prensa\\\/\"]}]},{\"@type\":\"BreadcrumbList\",\"@id\":\"https:\\\/\\\/www.portginesta.com\\\/sala-de-prensa\\\/#breadcrumb\",\"itemListElement\":[{\"@type\":\"ListItem\",\"position\":1,\"name\":\"Portada\",\"item\":\"https:\\\/\\\/www.portginesta.com\\\/\"},{\"@type\":\"ListItem\",\"position\":2,\"name\":\"Sala de premsa\"}]},{\"@type\":\"WebSite\",\"@id\":\"https:\\\/\\\/www.portginesta.com\\\/#website\",\"url\":\"https:\\\/\\\/www.portginesta.com\\\/\",\"name\":\"Port Ginesta\",\"description\":\"Otro sitio realizado con WordPress\",\"potentialAction\":[{\"@type\":\"SearchAction\",\"target\":{\"@type\":\"EntryPoint\",\"urlTemplate\":\"https:\\\/\\\/www.portginesta.com\\\/?s={search_term_string}\"},\"query-input\":{\"@type\":\"PropertyValueSpecification\",\"valueRequired\":true,\"valueName\":\"search_term_string\"}}],\"inLanguage\":\"ca\"}]}<\/script>\n<!-- \/ Yoast SEO plugin. -->","yoast_head_json":{"title":"Sala de premsa - Port Ginesta","robots":{"index":"index","follow":"follow","max-snippet":"max-snippet:-1","max-image-preview":"max-image-preview:large","max-video-preview":"max-video-preview:-1"},"canonical":"https:\/\/www.portginesta.com\/sala-de-prensa\/","og_locale":"ca_ES","og_type":"article","og_title":"Sala de premsa - Port Ginesta","og_description":"Sala de premsa Dossier de premsa abril 22 [ES] Dossier de premsa abril 22 [EN] Logotip Selecci\u00f3 d'imatges NDP | Oferta gastron\u00f2mica [ES] NDP | Port Ginesta invertir\u00e0 10M\u20ac per millorar la seva competitivitat i contribuir a l'agenda 2030 [ES] NDP | Port Ginesta incorpora carregadors d'Endesa X per a cotxes a les seves instal\u00b7lacions [&hellip;]","og_url":"https:\/\/www.portginesta.com\/sala-de-prensa\/","og_site_name":"Port Ginesta","article_modified_time":"2024-07-10T09:33:58+00:00","twitter_card":"summary_large_image","twitter_misc":{"Temps estimat de lectura":"6 minuts"},"schema":{"@context":"https:\/\/schema.org","@graph":[{"@type":"WebPage","@id":"https:\/\/www.portginesta.com\/sala-de-prensa\/","url":"https:\/\/www.portginesta.com\/sala-de-prensa\/","name":"Sala de premsa - Port Ginesta","isPartOf":{"@id":"https:\/\/www.portginesta.com\/#website"},"datePublished":"2022-11-21T08:12:48+00:00","dateModified":"2024-07-10T09:33:58+00:00","breadcrumb":{"@id":"https:\/\/www.portginesta.com\/sala-de-prensa\/#breadcrumb"},"inLanguage":"ca","potentialAction":[{"@type":"ReadAction","target":["https:\/\/www.portginesta.com\/sala-de-prensa\/"]}]},{"@type":"BreadcrumbList","@id":"https:\/\/www.portginesta.com\/sala-de-prensa\/#breadcrumb","itemListElement":[{"@type":"ListItem","position":1,"name":"Portada","item":"https:\/\/www.portginesta.com\/"},{"@type":"ListItem","position":2,"name":"Sala de premsa"}]},{"@type":"WebSite","@id":"https:\/\/www.portginesta.com\/#website","url":"https:\/\/www.portginesta.com\/","name":"Port Ginesta","description":"Otro sitio realizado con WordPress","potentialAction":[{"@type":"SearchAction","target":{"@type":"EntryPoint","urlTemplate":"https:\/\/www.portginesta.com\/?s={search_term_string}"},"query-input":{"@type":"PropertyValueSpecification","valueRequired":true,"valueName":"search_term_string"}}],"inLanguage":"ca"}]}},"_links":{"self":[{"href":"https:\/\/www.portginesta.com\/ca\/wp-json\/wp\/v2\/pages\/6442","targetHints":{"allow":["GET"]}}],"collection":[{"href":"https:\/\/www.portginesta.com\/ca\/wp-json\/wp\/v2\/pages"}],"about":[{"href":"https:\/\/www.portginesta.com\/ca\/wp-json\/wp\/v2\/types\/page"}],"author":[{"embeddable":true,"href":"https:\/\/www.portginesta.com\/ca\/wp-json\/wp\/v2\/users\/1"}],"replies":[{"embeddable":true,"href":"https:\/\/www.portginesta.com\/ca\/wp-json\/wp\/v2\/comments?post=6442"}],"version-history":[{"count":3,"href":"https:\/\/www.portginesta.com\/ca\/wp-json\/wp\/v2\/pages\/6442\/revisions"}],"predecessor-version":[{"id":8905,"href":"https:\/\/www.portginesta.com\/ca\/wp-json\/wp\/v2\/pages\/6442\/revisions\/8905"}],"wp:attachment":[{"href":"https:\/\/www.portginesta.com\/ca\/wp-json\/wp\/v2\/media?parent=6442"}],"curies":[{"name":"wp","href":"https:\/\/api.w.org\/{rel}","templated":true}]}}