{"id":3712,"date":"2022-06-14T11:33:04","date_gmt":"2022-06-14T11:33:04","guid":{"rendered":"http:\/\/www.portginesta.com\/dokumente\/"},"modified":"2026-04-07T11:55:36","modified_gmt":"2026-04-07T09:55:36","slug":"dokumente","status":"publish","type":"page","link":"https:\/\/www.portginesta.com\/de\/dokumente\/","title":{"rendered":"Dokumente"},"content":{"rendered":"<p>[et_pb_section fb_built=&#8220;1&#8243; _builder_version=&#8220;4.16&#8243; _module_preset=&#8220;default&#8220; custom_padding=&#8220;||0px||false|false&#8220; global_colors_info=&#8220;{}&#8220;][et_pb_row _builder_version=&#8220;4.16&#8243; _module_preset=&#8220;default&#8220; global_colors_info=&#8220;{}&#8220;][et_pb_column type=&#8220;4_4&#8243; _builder_version=&#8220;4.16&#8243; _module_preset=&#8220;default&#8220; global_colors_info=&#8220;{}&#8220;][et_pb_text _builder_version=&#8220;4.16&#8243; _module_preset=&#8220;default&#8220; header_font=&#8220;Poppins|700|||||||&#8220; header_text_color=&#8220;#002554&#8243; custom_margin=&#8220;||10px||false|false&#8220; global_colors_info=&#8220;{}&#8220;]<\/p>\n<h1>DOKUMENTE<\/h1>\n<p>[\/et_pb_text][et_pb_divider color=&#8220;#FFD600&#8243; divider_weight=&#8220;5px&#8220; _builder_version=&#8220;4.16&#8243; _module_preset=&#8220;default&#8220; max_width=&#8220;50px&#8220; custom_margin=&#8220;0px||0px||true|false&#8220; custom_padding=&#8220;0px||0px||true|false&#8220; global_colors_info=&#8220;{}&#8220;][\/et_pb_divider][\/et_pb_column][\/et_pb_row][\/et_pb_section][et_pb_section fb_built=&#8220;1&#8243; _builder_version=&#8220;4.19.2&#8243; _module_preset=&#8220;default&#8220; background_image=&#8220;https:\/\/www.portginesta.com\/wp-content\/uploads\/2024\/01\/cabecera-documentos-port-ginesta-24.webp&#8220; background_position=&#8220;center_left&#8220; min_height=&#8220;250px&#8220; global_colors_info=&#8220;{}&#8220;][et_pb_row _builder_version=&#8220;4.16&#8243; _module_preset=&#8220;default&#8220; global_colors_info=&#8220;{}&#8220;][et_pb_column type=&#8220;4_4&#8243; _builder_version=&#8220;4.16&#8243; _module_preset=&#8220;default&#8220; global_colors_info=&#8220;{}&#8220;][\/et_pb_column][\/et_pb_row][\/et_pb_section][et_pb_section fb_built=&#8220;1&#8243; disabled_on=&#8220;off|off|off&#8220; module_class=&#8220;seccion-documentos&#8220; _builder_version=&#8220;4.16&#8243; _module_preset=&#8220;default&#8220; custom_margin=&#8220;0px||0px||true|false&#8220; custom_padding=&#8220;60px||40px||false|false&#8220; background_last_edited=&#8220;on|tablet&#8220; background_enable_color_tablet=&#8220;off&#8220; locked=&#8220;off&#8220; global_colors_info=&#8220;{}&#8220;][et_pb_row column_structure=&#8220;1_2,1_2&#8243; _builder_version=&#8220;4.16&#8243; _module_preset=&#8220;default&#8220; custom_margin=&#8220;0px||||false|false&#8220; custom_padding=&#8220;20px|10px|0px|10px|false|true&#8220; global_colors_info=&#8220;{}&#8220;][et_pb_column type=&#8220;1_2&#8243; _builder_version=&#8220;4.16&#8243; _module_preset=&#8220;default&#8220; global_colors_info=&#8220;{}&#8220;][et_pb_text _builder_version=&#8220;4.27.3&#8243; _module_preset=&#8220;default&#8220; link_font=&#8220;Poppins||||||||&#8220; link_text_color=&#8220;#232323&#8243; ul_font=&#8220;Poppins||||||||&#8220; global_colors_info=&#8220;{}&#8220;]<\/p>\n<ul class=\"lista-docs-desc\">\n<li><a href=\"\/wp-content\/uploads\/2026\/01\/organigrama-port-ginesta-26-gener-26.pdf\"><i class=\"far fa-file-alt\"><\/i> Organigramm<\/a><\/li>\n<li><a href=\"https:\/\/www.portginesta.com\/wp-content\/uploads\/2024\/12\/Plano-Port-Ginesta-2025.pdf\"><i class=\"far fa-file-alt\"><\/i> Hafenkarte<\/a><\/li>\n<li><a href=\"https:\/\/www.portginesta.com\/wp-content\/uploads\/2022\/01\/Reglament-particular-exploracio-i-policia-port-esportiu-ginesta.pdf\"><i class=\"far fa-file-alt\"><\/i> Hafenbetrieb und Polizeiverordnung<\/a><\/li>\n<li><a href=\"https:\/\/www.portginesta.com\/wp-content\/uploads\/2022\/01\/Solicitud-cessio-amarrador-concessio-2006-es.pdf\"><i class=\"far fa-file-alt\"><\/i> Antrag auf endg\u00fcltige Zuweisung der Liegeplatzkonzession 2006<\/a><\/li>\n<li><a href=\"https:\/\/www.portginesta.com\/wp-content\/uploads\/2022\/01\/Document-cessio-temporal-amarradors-2006.pdf\"><i class=\"far fa-file-alt\"><\/i>Dokument zur vor\u00fcbergehenden Zuweisung eines Liegeplatzes 2006<\/a><\/li>\n<li><a href=\"https:\/\/www.portginesta.com\/wp-content\/uploads\/2022\/10\/politica-port-ginesta-octubre-22.pdf\"><i class=\"far fa-file-alt\"><\/i>Politik f\u00fcr den Port Ginesta<\/a><\/li>\n<li><a href=\"https:\/\/www.portginesta.com\/wp-content\/uploads\/2025\/04\/normativa-varadero-abril-25-en.pdf\" target=\"_blank\" rel=\"noopener\"><i class=\"far fa-file-alt\"><\/i>Zugangsbestimmungen &#8211; Nutzung der Helling<\/a><\/li>\n<li><a href=\"\/wp-content\/uploads\/2025\/10\/2025-06-batimetria-tecnoambiente-1.pdf\" target=\"_blank\" rel=\"noopener\"><i class=\"far fa-file-alt\"><\/i>Bathymetrie M\u00fcndung<\/a><\/li>\n<li><a href=\"https:\/\/www.portginesta.com\/wp-content\/uploads\/2022\/01\/Resolucio-Final-Unificacio.pdf\" target=\"_blank\" rel=\"noopener\"><i class=\"far fa-file-alt\"><\/i>Endg\u00fcltige Aufl\u00f6sung Vereinheitlichung<\/a><\/li>\n<\/ul>\n<p>[\/et_pb_text][\/et_pb_column][et_pb_column type=&#8220;1_2&#8243; _builder_version=&#8220;4.16&#8243; _module_preset=&#8220;default&#8220; global_colors_info=&#8220;{}&#8220;][et_pb_text _builder_version=&#8220;4.27.3&#8243; _module_preset=&#8220;default&#8220; link_font=&#8220;Poppins||||||||&#8220; link_text_color=&#8220;#232323&#8243; ul_font=&#8220;Poppins||||||||&#8220; hover_enabled=&#8220;0&#8243; locked=&#8220;off&#8220; global_colors_info=&#8220;{}&#8220; sticky_enabled=&#8220;0&#8243;]<\/p>\n<ul class=\"lista-docs-desc\">\n<li><a href=\"\/wp-content\/uploads\/2026\/04\/declaracion-ambiental-2025-port-ginesta.pdf\" target=\"_blank\" rel=\"noopener\"><i class=\"far fa-file-alt\"><\/i>Umwelterkl\u00e4rung<\/a><\/li>\n<li><a href=\"https:\/\/www.portginesta.com\/wp-content\/uploads\/2025\/03\/port-ginesta-programa-objetivos-marzo-25.pdf\" target=\"_blank\" rel=\"noopener\"><i class=\"far fa-file-alt\"><\/i>Zielprogramm<\/a><\/li>\n<li><a href=\"https:\/\/www.portginesta.com\/wp-content\/uploads\/2025\/04\/manual-buenas-practicas-abril-25-en.pdf\"><i class=\"far fa-file-alt\"><\/i>Handbuch f\u00fcr gute Umwelt- und Sicherheitspraxis<\/a><\/li>\n<li><a href=\"https:\/\/www.portginesta.com\/wp-content\/uploads\/2025\/11\/guia-navegacio-esbarjo-sostenible-respectuosa-em.pdf\"><i class=\"far fa-file-alt\"><\/i>Leitfaden f\u00fcr nachhaltiges und respektvolles Freizeitbootfahren<\/a><\/li>\n<li><a href=\"https:\/\/www.portginesta.com\/wp-content\/uploads\/2022\/01\/BPA-PROVEIDORS.pdf\"><i class=\"far fa-file-alt\"><\/i>Handbuch f\u00fcr gute Haushaltsf\u00fchrung<\/a><\/li>\n<li><a href=\"https:\/\/www.portginesta.com\/wp-content\/uploads\/2022\/01\/enquesta-es.pdf\"><i class=\"far fa-file-alt\"><\/i>Umfrage zur Umwelt- und Qualit\u00e4tszufriedenheit<\/a><\/li>\n<li><a href=\"https:\/\/www.portginesta.com\/wp-content\/uploads\/2022\/01\/Quadre-distancies.pdf\"><i class=\"far fa-file-alt\"><\/i>Tabelle der Entfernungen von Port Ginesta zu anderen H\u00e4fen<\/a><\/li>\n<li><a href=\"\/wp-content\/uploads\/2025\/10\/Plan-de-Autoproteccion-PORT-GINESTA-2023-27.06.23-SIGNAT.pdf\"><i class=\"far fa-file-alt\"><\/i>Port PAU Port Self-Protection Plan<\/a><\/li>\n<li><a href=\"\/wp-content\/uploads\/2025\/10\/certificados-port-ginesta-oct-25.pdf\"><i class=\"far fa-file-alt\"><\/i>Qualit\u00e4ts-, Umwelt-, Risiko- und Blaue-Flagge-Zertifikate<\/a><\/li>\n<li><i class=\"far fa-file-alt\"><\/i><a href=\"https:\/\/www.portginesta.com\/jahresberichte\/?lang=de\">Jahresberichte<\/a><\/li>\n<\/ul>\n<p>[\/et_pb_text][\/et_pb_column][\/et_pb_row][et_pb_row _builder_version=&#8220;4.16&#8243; _module_preset=&#8220;default&#8220; global_colors_info=&#8220;{}&#8220;][et_pb_column type=&#8220;4_4&#8243; _builder_version=&#8220;4.16&#8243; _module_preset=&#8220;default&#8220; global_colors_info=&#8220;{}&#8220;][et_pb_image src=&#8220;https:\/\/www.portginesta.com\/wp-content\/uploads\/2022\/01\/logo-documentos.jpg&#8220; title_text=&#8220;logo-documentos&#8220; _builder_version=&#8220;4.16&#8243; _module_preset=&#8220;default&#8220; width=&#8220;450px&#8220; width_tablet=&#8220;400px&#8220; width_phone=&#8220;90%&#8220; width_last_edited=&#8220;on|phone&#8220; module_alignment=&#8220;center&#8220; custom_margin=&#8220;0px||0px||true|false&#8220; custom_padding=&#8220;0px||0px||true|false&#8220; global_colors_info=&#8220;{}&#8220;][\/et_pb_image][\/et_pb_column][\/et_pb_row][\/et_pb_section][et_pb_section fb_built=&#8220;1&#8243; _builder_version=&#8220;4.16&#8243; _module_preset=&#8220;default&#8220; background_image=&#8220;https:\/\/www.portginesta.com\/wp-content\/uploads\/2022\/01\/port-ginesta-fondo3.jpg&#8220; custom_padding=&#8220;30px||30px||true|false&#8220; global_colors_info=&#8220;{}&#8220;][et_pb_row _builder_version=&#8220;4.16&#8243; _module_preset=&#8220;default&#8220; global_colors_info=&#8220;{}&#8220;][et_pb_column type=&#8220;4_4&#8243; _builder_version=&#8220;4.16&#8243; _module_preset=&#8220;default&#8220; global_colors_info=&#8220;{}&#8220;][et_pb_image src=&#8220;https:\/\/www.portginesta.com\/wp-content\/uploads\/2022\/01\/Logos-port-ginesta-sur-multihull-3.png&#8220; title_text=&#8220;Logos-port-ginesta-sur-multihull-3&#8243; _builder_version=&#8220;4.16&#8243; _module_preset=&#8220;default&#8220; max_width=&#8220;800px&#8220; module_alignment=&#8220;center&#8220; global_colors_info=&#8220;{}&#8220;][\/et_pb_image][et_pb_button button_url=&#8220;https:\/\/www.portginesta.com\/de\/preise-und-reservierungen\/&#8220; button_text=&#8220;RESERVIERUNGEN&#8220; button_alignment=&#8220;center&#8220; _builder_version=&#8220;4.16&#8243; _module_preset=&#8220;default&#8220; custom_button=&#8220;on&#8220; button_text_color=&#8220;#FFFFFF&#8220; button_bg_color=&#8220;#002554&#8243; button_border_width=&#8220;0px&#8220; button_border_radius=&#8220;0px&#8220; button_font=&#8220;Poppins|700|||||||&#8220; button_icon=&#8220;&#xf13d;||fa||900&#8243; button_icon_color=&#8220;#0089C0&#8243; button_on_hover=&#8220;off&#8220; custom_css_main_element=&#8220;width: 100%;&#8220; box_shadow_style=&#8220;preset3&#8243; global_colors_info=&#8220;{}&#8220;][\/et_pb_button][\/et_pb_column][\/et_pb_row][\/et_pb_section]<\/p>\n","protected":false},"excerpt":{"rendered":"<p>DOKUMENTE Organigramm Hafenkarte Hafenbetrieb und Polizeiverordnung Antrag auf endg\u00fcltige Zuweisung der Liegeplatzkonzession 2006 Dokument zur vor\u00fcbergehenden Zuweisung eines Liegeplatzes 2006 Politik f\u00fcr den Port Ginesta Zugangsbestimmungen &#8211; Nutzung der Helling Bathymetrie M\u00fcndung Endg\u00fcltige Aufl\u00f6sung Vereinheitlichung Umwelterkl\u00e4rung Zielprogramm Handbuch f\u00fcr gute Umwelt- und Sicherheitspraxis Leitfaden f\u00fcr nachhaltiges und respektvolles Freizeitbootfahren Handbuch f\u00fcr gute Haushaltsf\u00fchrung Umfrage zur [&hellip;]<\/p>\n","protected":false},"author":1,"featured_media":0,"parent":0,"menu_order":0,"comment_status":"closed","ping_status":"closed","template":"","meta":{"_acf_changed":false,"_et_pb_use_builder":"on","_et_pb_old_content":"","_et_gb_content_width":"","inline_featured_image":false,"footnotes":""},"class_list":["post-3712","page","type-page","status-publish","hentry"],"acf":[],"yoast_head":"<!-- This site is optimized with the Yoast SEO plugin v27.5 - https:\/\/yoast.com\/product\/yoast-seo-wordpress\/ -->\n<title>Dokumente - Port Ginesta<\/title>\n<meta name=\"robots\" content=\"index, follow, max-snippet:-1, max-image-preview:large, max-video-preview:-1\" \/>\n<link rel=\"canonical\" href=\"https:\/\/www.portginesta.com\/documentos\/\" \/>\n<meta property=\"og:locale\" content=\"de_DE\" \/>\n<meta property=\"og:type\" content=\"article\" \/>\n<meta property=\"og:title\" content=\"Dokumente - Port Ginesta\" \/>\n<meta property=\"og:description\" content=\"DOKUMENTE Organigramm Hafenkarte Hafenbetrieb und Polizeiverordnung Antrag auf endg\u00fcltige Zuweisung der Liegeplatzkonzession 2006 Dokument zur vor\u00fcbergehenden Zuweisung eines Liegeplatzes 2006 Politik f\u00fcr den Port Ginesta Zugangsbestimmungen - Nutzung der Helling Bathymetrie M\u00fcndung Endg\u00fcltige Aufl\u00f6sung Vereinheitlichung Umwelterkl\u00e4rung Zielprogramm Handbuch f\u00fcr gute Umwelt- und Sicherheitspraxis Leitfaden f\u00fcr nachhaltiges und respektvolles Freizeitbootfahren Handbuch f\u00fcr gute Haushaltsf\u00fchrung Umfrage zur [&hellip;]\" \/>\n<meta property=\"og:url\" content=\"https:\/\/www.portginesta.com\/documentos\/\" \/>\n<meta property=\"og:site_name\" content=\"Port Ginesta\" \/>\n<meta property=\"article:modified_time\" content=\"2026-04-07T09:55:36+00:00\" \/>\n<meta name=\"twitter:card\" content=\"summary_large_image\" \/>\n<meta name=\"twitter:label1\" content=\"Gesch\u00e4tzte Lesezeit\" \/>\n\t<meta name=\"twitter:data1\" content=\"3\u00a0Minuten\" \/>\n<script type=\"application\/ld+json\" class=\"yoast-schema-graph\">{\"@context\":\"https:\\\/\\\/schema.org\",\"@graph\":[{\"@type\":\"WebPage\",\"@id\":\"https:\\\/\\\/www.portginesta.com\\\/documentos\\\/\",\"url\":\"https:\\\/\\\/www.portginesta.com\\\/documentos\\\/\",\"name\":\"Dokumente - Port Ginesta\",\"isPartOf\":{\"@id\":\"https:\\\/\\\/www.portginesta.com\\\/#website\"},\"datePublished\":\"2022-06-14T11:33:04+00:00\",\"dateModified\":\"2026-04-07T09:55:36+00:00\",\"breadcrumb\":{\"@id\":\"https:\\\/\\\/www.portginesta.com\\\/documentos\\\/#breadcrumb\"},\"inLanguage\":\"de\",\"potentialAction\":[{\"@type\":\"ReadAction\",\"target\":[\"https:\\\/\\\/www.portginesta.com\\\/documentos\\\/\"]}]},{\"@type\":\"BreadcrumbList\",\"@id\":\"https:\\\/\\\/www.portginesta.com\\\/documentos\\\/#breadcrumb\",\"itemListElement\":[{\"@type\":\"ListItem\",\"position\":1,\"name\":\"Portada\",\"item\":\"https:\\\/\\\/www.portginesta.com\\\/\"},{\"@type\":\"ListItem\",\"position\":2,\"name\":\"Dokumente\"}]},{\"@type\":\"WebSite\",\"@id\":\"https:\\\/\\\/www.portginesta.com\\\/#website\",\"url\":\"https:\\\/\\\/www.portginesta.com\\\/\",\"name\":\"Port Ginesta\",\"description\":\"Otro sitio realizado con WordPress\",\"potentialAction\":[{\"@type\":\"SearchAction\",\"target\":{\"@type\":\"EntryPoint\",\"urlTemplate\":\"https:\\\/\\\/www.portginesta.com\\\/?s={search_term_string}\"},\"query-input\":{\"@type\":\"PropertyValueSpecification\",\"valueRequired\":true,\"valueName\":\"search_term_string\"}}],\"inLanguage\":\"de\"}]}<\/script>\n<!-- \/ Yoast SEO plugin. -->","yoast_head_json":{"title":"Dokumente - Port Ginesta","robots":{"index":"index","follow":"follow","max-snippet":"max-snippet:-1","max-image-preview":"max-image-preview:large","max-video-preview":"max-video-preview:-1"},"canonical":"https:\/\/www.portginesta.com\/documentos\/","og_locale":"de_DE","og_type":"article","og_title":"Dokumente - Port Ginesta","og_description":"DOKUMENTE Organigramm Hafenkarte Hafenbetrieb und Polizeiverordnung Antrag auf endg\u00fcltige Zuweisung der Liegeplatzkonzession 2006 Dokument zur vor\u00fcbergehenden Zuweisung eines Liegeplatzes 2006 Politik f\u00fcr den Port Ginesta Zugangsbestimmungen - Nutzung der Helling Bathymetrie M\u00fcndung Endg\u00fcltige Aufl\u00f6sung Vereinheitlichung Umwelterkl\u00e4rung Zielprogramm Handbuch f\u00fcr gute Umwelt- und Sicherheitspraxis Leitfaden f\u00fcr nachhaltiges und respektvolles Freizeitbootfahren Handbuch f\u00fcr gute Haushaltsf\u00fchrung Umfrage zur [&hellip;]","og_url":"https:\/\/www.portginesta.com\/documentos\/","og_site_name":"Port Ginesta","article_modified_time":"2026-04-07T09:55:36+00:00","twitter_card":"summary_large_image","twitter_misc":{"Gesch\u00e4tzte Lesezeit":"3\u00a0Minuten"},"schema":{"@context":"https:\/\/schema.org","@graph":[{"@type":"WebPage","@id":"https:\/\/www.portginesta.com\/documentos\/","url":"https:\/\/www.portginesta.com\/documentos\/","name":"Dokumente - Port Ginesta","isPartOf":{"@id":"https:\/\/www.portginesta.com\/#website"},"datePublished":"2022-06-14T11:33:04+00:00","dateModified":"2026-04-07T09:55:36+00:00","breadcrumb":{"@id":"https:\/\/www.portginesta.com\/documentos\/#breadcrumb"},"inLanguage":"de","potentialAction":[{"@type":"ReadAction","target":["https:\/\/www.portginesta.com\/documentos\/"]}]},{"@type":"BreadcrumbList","@id":"https:\/\/www.portginesta.com\/documentos\/#breadcrumb","itemListElement":[{"@type":"ListItem","position":1,"name":"Portada","item":"https:\/\/www.portginesta.com\/"},{"@type":"ListItem","position":2,"name":"Dokumente"}]},{"@type":"WebSite","@id":"https:\/\/www.portginesta.com\/#website","url":"https:\/\/www.portginesta.com\/","name":"Port Ginesta","description":"Otro sitio realizado con WordPress","potentialAction":[{"@type":"SearchAction","target":{"@type":"EntryPoint","urlTemplate":"https:\/\/www.portginesta.com\/?s={search_term_string}"},"query-input":{"@type":"PropertyValueSpecification","valueRequired":true,"valueName":"search_term_string"}}],"inLanguage":"de"}]}},"_links":{"self":[{"href":"https:\/\/www.portginesta.com\/de\/wp-json\/wp\/v2\/pages\/3712","targetHints":{"allow":["GET"]}}],"collection":[{"href":"https:\/\/www.portginesta.com\/de\/wp-json\/wp\/v2\/pages"}],"about":[{"href":"https:\/\/www.portginesta.com\/de\/wp-json\/wp\/v2\/types\/page"}],"author":[{"embeddable":true,"href":"https:\/\/www.portginesta.com\/de\/wp-json\/wp\/v2\/users\/1"}],"replies":[{"embeddable":true,"href":"https:\/\/www.portginesta.com\/de\/wp-json\/wp\/v2\/comments?post=3712"}],"version-history":[{"count":28,"href":"https:\/\/www.portginesta.com\/de\/wp-json\/wp\/v2\/pages\/3712\/revisions"}],"predecessor-version":[{"id":11194,"href":"https:\/\/www.portginesta.com\/de\/wp-json\/wp\/v2\/pages\/3712\/revisions\/11194"}],"wp:attachment":[{"href":"https:\/\/www.portginesta.com\/de\/wp-json\/wp\/v2\/media?parent=3712"}],"curies":[{"name":"wp","href":"https:\/\/api.w.org\/{rel}","templated":true}]}}