{"id":3732,"date":"2022-06-14T11:54:09","date_gmt":"2022-06-14T11:54:09","guid":{"rendered":"http:\/\/www.portginesta.com\/jahresberichte\/"},"modified":"2025-09-10T13:41:38","modified_gmt":"2025-09-10T11:41:38","slug":"jahresberichte","status":"publish","type":"page","link":"https:\/\/www.portginesta.com\/de\/jahresberichte\/","title":{"rendered":"Jahresberichte"},"content":{"rendered":"<p>[et_pb_section fb_built=&#8220;1&#8243; _builder_version=&#8220;4.16&#8243; _module_preset=&#8220;default&#8220; custom_padding=&#8220;||0px||false|false&#8220; global_colors_info=&#8220;{}&#8220;][et_pb_row _builder_version=&#8220;4.16&#8243; _module_preset=&#8220;default&#8220; global_colors_info=&#8220;{}&#8220;][et_pb_column type=&#8220;4_4&#8243; _builder_version=&#8220;4.16&#8243; _module_preset=&#8220;default&#8220; global_colors_info=&#8220;{}&#8220;][et_pb_text _builder_version=&#8220;4.16&#8243; _module_preset=&#8220;default&#8220; header_font=&#8220;Poppins|700|||||||&#8220; header_text_color=&#8220;#002554&#8243; custom_margin=&#8220;||10px||false|false&#8220; global_colors_info=&#8220;{}&#8220;]<\/p>\n<h1>JAHRESBERICHTE<\/h1>\n<p>[\/et_pb_text][et_pb_divider color=&#8220;#FFD600&#8243; divider_weight=&#8220;5px&#8220; _builder_version=&#8220;4.16&#8243; _module_preset=&#8220;default&#8220; max_width=&#8220;50px&#8220; custom_margin=&#8220;0px||0px||true|false&#8220; custom_padding=&#8220;0px||0px||true|false&#8220; global_colors_info=&#8220;{}&#8220;][\/et_pb_divider][\/et_pb_column][\/et_pb_row][\/et_pb_section][et_pb_section fb_built=&#8220;1&#8243; _builder_version=&#8220;4.16&#8243; _module_preset=&#8220;default&#8220; background_image=&#8220;https:\/\/www.portginesta.com\/wp-content\/uploads\/2022\/01\/img-fondo-documentos.jpg&#8220; background_position=&#8220;center_left&#8220; min_height=&#8220;250px&#8220; global_colors_info=&#8220;{}&#8220;][et_pb_row _builder_version=&#8220;4.16&#8243; _module_preset=&#8220;default&#8220; global_colors_info=&#8220;{}&#8220;][et_pb_column type=&#8220;4_4&#8243; _builder_version=&#8220;4.16&#8243; _module_preset=&#8220;default&#8220; global_colors_info=&#8220;{}&#8220;][\/et_pb_column][\/et_pb_row][\/et_pb_section][et_pb_section fb_built=&#8220;1&#8243; disabled_on=&#8220;off|off|off&#8220; module_class=&#8220;seccion-documentos&#8220; _builder_version=&#8220;4.16&#8243; _module_preset=&#8220;default&#8220; custom_margin=&#8220;0px||0px||true|false&#8220; custom_padding=&#8220;60px||40px||false|false&#8220; background_last_edited=&#8220;on|tablet&#8220; background_enable_color_tablet=&#8220;off&#8220; locked=&#8220;off&#8220; global_colors_info=&#8220;{}&#8220;][et_pb_row column_structure=&#8220;1_2,1_2&#8243; _builder_version=&#8220;4.16&#8243; _module_preset=&#8220;default&#8220; custom_margin=&#8220;0px||||false|false&#8220; custom_padding=&#8220;20px|10px|0px|10px|false|true&#8220; locked=&#8220;off&#8220; global_colors_info=&#8220;{}&#8220;][et_pb_column type=&#8220;1_2&#8243; _builder_version=&#8220;4.16&#8243; _module_preset=&#8220;default&#8220; global_colors_info=&#8220;{}&#8220;][et_pb_text _builder_version=&#8220;4.27.3&#8243; _module_preset=&#8220;default&#8220; header_4_font=&#8220;Poppins||||||||&#8220; header_4_text_color=&#8220;#000000&#8243; header_4_font_size=&#8220;22px&#8220; locked=&#8220;off&#8220; global_colors_info=&#8220;{}&#8220;]<\/p>\n<h4>2024<\/h4>\n<p>[\/et_pb_text][et_pb_text _builder_version=&#8220;4.27.3&#8243; _module_preset=&#8220;default&#8220; link_font=&#8220;Poppins||||||||&#8220; link_text_color=&#8220;#232323&#8243; ul_font=&#8220;Poppins||||||||&#8220; hover_enabled=&#8220;0&#8243; locked=&#8220;off&#8220; global_colors_info=&#8220;{}&#8220; sticky_enabled=&#8220;0&#8243;]<\/p>\n<ul class=\"lista-docs-desc\">\n<li><a href=\"https:\/\/www.portginesta.com\/wp-content\/uploads\/2025\/09\/2024-Informe-Imputacion-Gastos.pdf\">2024 <i class=\"far fa-file-alt\"><\/i>BERICHT \u00dcBER DIE VERRECHNUNG VON KOSTEN<\/a><\/li>\n<li><a href=\"https:\/\/www.portginesta.com\/wp-content\/uploads\/2025\/09\/2024-CCAA-informe-auditoria.pdf\">2024 <i class=\"far fa-file-alt\"><\/i>CCAA + INF AUDIT<\/a><\/li>\n<\/ul>\n<p>[\/et_pb_text][\/et_pb_column][et_pb_column type=&#8220;1_2&#8243; _builder_version=&#8220;4.16&#8243; _module_preset=&#8220;default&#8220; global_colors_info=&#8220;{}&#8220;][et_pb_text _builder_version=&#8220;4.27.3&#8243; _module_preset=&#8220;default&#8220; header_4_font=&#8220;Poppins||||||||&#8220; header_4_text_color=&#8220;#000000&#8243; header_4_font_size=&#8220;22px&#8220; locked=&#8220;off&#8220; global_colors_info=&#8220;{}&#8220;]<\/p>\n<h4>2023<\/h4>\n<p>[\/et_pb_text][et_pb_text _builder_version=&#8220;4.27.3&#8243; _module_preset=&#8220;default&#8220; link_font=&#8220;Poppins||||||||&#8220; link_text_color=&#8220;#232323&#8243; ul_font=&#8220;Poppins||||||||&#8220; locked=&#8220;off&#8220; global_colors_info=&#8220;{}&#8220;]<\/p>\n<ul class=\"lista-docs-desc\">\n<li><a href=\"https:\/\/www.portginesta.com\/wp-content\/uploads\/2025\/09\/2023-Informe-Imputacion-Gastos.pdf\">2023 <i class=\"far fa-file-alt\"><\/i>BERICHT \u00dcBER DIE VERRECHNUNG VON KOSTEN<\/a><\/li>\n<li><a href=\"https:\/\/www.portginesta.com\/wp-content\/uploads\/2025\/09\/2023-CCAA-informe-de-auditoria-firmado-2023.pdf\">2023 <i class=\"far fa-file-alt\"><\/i>CCAA + INF AUDIT<\/a><\/li>\n<\/ul>\n<p>[\/et_pb_text][\/et_pb_column][\/et_pb_row][et_pb_row column_structure=&#8220;1_2,1_2&#8243; _builder_version=&#8220;4.16&#8243; _module_preset=&#8220;default&#8220; custom_margin=&#8220;0px||||false|false&#8220; custom_padding=&#8220;20px|10px|0px|10px|false|true&#8220; locked=&#8220;off&#8220; global_colors_info=&#8220;{}&#8220;][et_pb_column type=&#8220;1_2&#8243; _builder_version=&#8220;4.16&#8243; _module_preset=&#8220;default&#8220; global_colors_info=&#8220;{}&#8220;][et_pb_text _builder_version=&#8220;4.19.2&#8243; _module_preset=&#8220;default&#8220; header_4_font=&#8220;Poppins||||||||&#8220; header_4_text_color=&#8220;#000000&#8243; header_4_font_size=&#8220;22px&#8220; locked=&#8220;off&#8220; global_colors_info=&#8220;{}&#8220;]<\/p>\n<h4>2022<\/h4>\n<p>[\/et_pb_text][et_pb_text _builder_version=&#8220;4.27.3&#8243; _module_preset=&#8220;default&#8220; link_font=&#8220;Poppins||||||||&#8220; link_text_color=&#8220;#232323&#8243; ul_font=&#8220;Poppins||||||||&#8220; locked=&#8220;off&#8220; global_colors_info=&#8220;{}&#8220;]<\/p>\n<ul class=\"lista-docs-desc\">\n<li><a href=\"https:\/\/www.portginesta.com\/wp-content\/uploads\/2023\/07\/INFORME-IMPUTACION-GASTOS-2022.pdf\">2022 <i class=\"far fa-file-alt\"><\/i>BERICHT \u00dcBER DIE VERRECHNUNG VON KOSTEN<\/a><\/li>\n<li><a href=\"https:\/\/www.portginesta.com\/wp-content\/uploads\/2023\/07\/CC-AA-INF-AUDITORIA-2022.pdf\">2022 <i class=\"far fa-file-alt\"><\/i>CCAA + AUDIT-BERICHT<\/a><\/li>\n<\/ul>\n<p>[\/et_pb_text][et_pb_text _builder_version=&#8220;4.19.2&#8243; _module_preset=&#8220;default&#8220; header_4_font=&#8220;Poppins||||||||&#8220; header_4_text_color=&#8220;#000000&#8243; header_4_font_size=&#8220;22px&#8220; locked=&#8220;off&#8220; global_colors_info=&#8220;{}&#8220;]<\/p>\n<h4>2021<\/h4>\n<p>[\/et_pb_text][et_pb_text _builder_version=&#8220;4.19.2&#8243; _module_preset=&#8220;default&#8220; link_font=&#8220;Poppins||||||||&#8220; link_text_color=&#8220;#232323&#8243; ul_font=&#8220;Poppins||||||||&#8220; locked=&#8220;off&#8220; global_colors_info=&#8220;{}&#8220;]<\/p>\n<ul class=\"lista-docs-desc\">\n<li><a href=\"https:\/\/www.portginesta.com\/wp-content\/uploads\/2023\/07\/INFORME-IMPUTACION-GASTOS-2021.pdf\">2021 <i class=\"far fa-file-alt\"><\/i>BERICHT \u00dcBER DIE VERRECHNUNG VON KOSTEN<\/a><\/li>\n<li><a href=\"https:\/\/www.portginesta.com\/wp-content\/uploads\/2023\/07\/CC-AA-INF-AUDITORIA-2021.pdf\">2021 <i class=\"far fa-file-alt\"><\/i>CCAA + AUDIT-BERICHT<\/a><\/li>\n<\/ul>\n<p>[\/et_pb_text][et_pb_text _builder_version=&#8220;4.16&#8243; _module_preset=&#8220;default&#8220; header_4_font=&#8220;Poppins||||||||&#8220; header_4_text_color=&#8220;#000000&#8243; header_4_font_size=&#8220;22px&#8220; locked=&#8220;off&#8220; global_colors_info=&#8220;{}&#8220;]<\/p>\n<h4>2020<\/h4>\n<p>[\/et_pb_text][et_pb_text _builder_version=&#8220;4.19.2&#8243; _module_preset=&#8220;default&#8220; link_font=&#8220;Poppins||||||||&#8220; link_text_color=&#8220;#232323&#8243; ul_font=&#8220;Poppins||||||||&#8220; global_colors_info=&#8220;{}&#8220;]<\/p>\n<ul class=\"lista-docs-desc\">\n<li><a href=\"https:\/\/www.portginesta.com\/wp-content\/uploads\/2022\/01\/2020-informe-especial.pdf\">2020 <i class=\"far fa-file-alt\"><\/i>BERICHT \u00dcBER DIE VERRECHNUNG VON KOSTEN<\/a><\/li>\n<li><a href=\"https:\/\/www.portginesta.com\/wp-content\/uploads\/2022\/01\/2020-CCAA-Adm-PG.pdf\">2020 <i class=\"far fa-file-alt\"><\/i>CCAA + AUDIT-BERICHT<\/a><\/li>\n<\/ul>\n<p>[\/et_pb_text][et_pb_text _builder_version=&#8220;4.16&#8243; _module_preset=&#8220;default&#8220; header_4_font=&#8220;Poppins||||||||&#8220; header_4_text_color=&#8220;#000000&#8243; header_4_font_size=&#8220;22px&#8220; locked=&#8220;off&#8220; global_colors_info=&#8220;{}&#8220;]<\/p>\n<h4>2019<\/h4>\n<p>[\/et_pb_text][et_pb_text _builder_version=&#8220;4.19.2&#8243; _module_preset=&#8220;default&#8220; link_font=&#8220;Poppins||||||||&#8220; link_text_color=&#8220;#232323&#8243; ul_font=&#8220;Poppins||||||||&#8220; locked=&#8220;off&#8220; global_colors_info=&#8220;{}&#8220;]<\/p>\n<ul class=\"lista-docs-desc\">\n<li><a href=\"https:\/\/www.portginesta.com\/wp-content\/uploads\/2022\/01\/2019-Informe-de-imputacion-de-gastos.pdf\"><i class=\"far fa-file-alt\"><\/i> 2019 BERICHT \u00dcBER DIE VERRECHNUNG VON KOSTEN<\/a><a href=\"https:\/\/www.portginesta.com\/wp-content\/uploads\/2022\/01\/Declaracio-ambiental-Port-Ginesta-1.pdf\" target=\"_blank\" rel=\"noopener\"><\/a><\/li>\n<\/ul>\n<ul class=\"lista-docs-desc\">\n<li><a href=\"https:\/\/www.portginesta.com\/wp-content\/uploads\/2022\/01\/2019-CCAA-INF-AUDIT.pdf\"><i class=\"far fa-file-alt\"><\/i> 2019 CCAA + AUDIT-BERICHT<\/a><\/li>\n<\/ul>\n<p>[\/et_pb_text][\/et_pb_column][et_pb_column type=&#8220;1_2&#8243; _builder_version=&#8220;4.16&#8243; _module_preset=&#8220;default&#8220; global_colors_info=&#8220;{}&#8220;][et_pb_text _builder_version=&#8220;4.19.2&#8243; _module_preset=&#8220;default&#8220; header_4_font=&#8220;Poppins||||||||&#8220; header_4_text_color=&#8220;#000000&#8243; header_4_font_size=&#8220;22px&#8220; locked=&#8220;off&#8220; global_colors_info=&#8220;{}&#8220;]<\/p>\n<h4>2018<\/h4>\n<p>[\/et_pb_text][et_pb_text _builder_version=&#8220;4.19.2&#8243; _module_preset=&#8220;default&#8220; link_font=&#8220;Poppins||||||||&#8220; link_text_color=&#8220;#232323&#8243; ul_font=&#8220;Poppins||||||||&#8220; locked=&#8220;off&#8220; global_colors_info=&#8220;{}&#8220;]<\/p>\n<ul class=\"lista-docs-desc\">\n<li><a href=\"https:\/\/www.portginesta.com\/wp-content\/uploads\/2022\/01\/2018-INFORME-IMPUTACIO\u0301N-GASTOS.pdf\">2018 <i class=\"far fa-file-alt\"><\/i>BERICHT \u00dcBER DIE VERRECHNUNG VON KOSTEN<\/a><\/li>\n<li><a href=\"https:\/\/www.portginesta.com\/wp-content\/uploads\/2022\/01\/2018-CCAA-INF-AUDIT.pdf\">2018 <i class=\"far fa-file-alt\"><\/i>CCAA + AUDIT-BERICHT<\/a><\/li>\n<\/ul>\n<p>[\/et_pb_text][et_pb_text _builder_version=&#8220;4.16&#8243; _module_preset=&#8220;default&#8220; header_4_font=&#8220;Poppins||||||||&#8220; header_4_text_color=&#8220;#000000&#8243; header_4_font_size=&#8220;22px&#8220; locked=&#8220;off&#8220; global_colors_info=&#8220;{}&#8220;]<\/p>\n<h4>2017<\/h4>\n<p>[\/et_pb_text][et_pb_text _builder_version=&#8220;4.19.2&#8243; _module_preset=&#8220;default&#8220; link_font=&#8220;Poppins||||||||&#8220; link_text_color=&#8220;#232323&#8243; ul_font=&#8220;Poppins||||||||&#8220; locked=&#8220;off&#8220; global_colors_info=&#8220;{}&#8220;]<\/p>\n<ul class=\"lista-docs-desc\">\n<li><a href=\"https:\/\/www.portginesta.com\/wp-content\/uploads\/2022\/01\/2017-INFORME-IMPUTACIO\u0301N-GASTOS.pdf\"><i class=\"far fa-file-alt\"><\/i> 2017 BERICHT \u00dcBER DIE VERRECHNUNG VON KOSTEN<\/a><a href=\"https:\/\/www.portginesta.com\/wp-content\/uploads\/2022\/01\/Declaracio-ambiental-Port-Ginesta-1.pdf\" target=\"_blank\" rel=\"noopener\"><\/a><\/li>\n<\/ul>\n<ul class=\"lista-docs-desc\">\n<li><a href=\"https:\/\/www.portginesta.com\/wp-content\/uploads\/2022\/01\/2017-CCAA-INF-AUDIT.pdf\"><i class=\"far fa-file-alt\"><\/i> 2017 CCAA + AUDIT-BERICHT<\/a><\/li>\n<\/ul>\n<p>[\/et_pb_text][et_pb_text _builder_version=&#8220;4.16&#8243; _module_preset=&#8220;default&#8220; header_4_font=&#8220;Poppins||||||||&#8220; header_4_text_color=&#8220;#000000&#8243; header_4_font_size=&#8220;22px&#8220; locked=&#8220;off&#8220; global_colors_info=&#8220;{}&#8220;]<\/p>\n<h4>2016<\/h4>\n<p>[\/et_pb_text][et_pb_text _builder_version=&#8220;4.19.2&#8243; _module_preset=&#8220;default&#8220; link_font=&#8220;Poppins||||||||&#8220; link_text_color=&#8220;#232323&#8243; ul_font=&#8220;Poppins||||||||&#8220; locked=&#8220;off&#8220; global_colors_info=&#8220;{}&#8220;]<\/p>\n<ul class=\"lista-docs-desc\">\n<li><a href=\"https:\/\/www.portginesta.com\/wp-content\/uploads\/2022\/01\/2016-INFORME-IMPUTACIO\u0301N-GASTOS.pdf\"><i class=\"far fa-file-alt\"><\/i> 2016 BERICHT \u00dcBER DIE VERRECHNUNG VON KOSTEN<\/a><a href=\"https:\/\/www.portginesta.com\/wp-content\/uploads\/2022\/01\/Declaracio-ambiental-Port-Ginesta-1.pdf\" target=\"_blank\" rel=\"noopener\"><\/a><\/li>\n<\/ul>\n<ul class=\"lista-docs-desc\">\n<li><a href=\"https:\/\/www.portginesta.com\/wp-content\/uploads\/2022\/01\/2016-CCAA-INF-AUDIT.pdf\"><i class=\"far fa-file-alt\"><\/i> 2016 CCAA + AUDIT-BERICHT<\/a><\/li>\n<\/ul>\n<p>[\/et_pb_text][\/et_pb_column][\/et_pb_row][et_pb_row _builder_version=&#8220;4.16&#8243; _module_preset=&#8220;default&#8220; global_colors_info=&#8220;{}&#8220;][et_pb_column type=&#8220;4_4&#8243; _builder_version=&#8220;4.16&#8243; _module_preset=&#8220;default&#8220; global_colors_info=&#8220;{}&#8220;][et_pb_image src=&#8220;https:\/\/www.portginesta.com\/wp-content\/uploads\/2022\/01\/logo-documentos.jpg&#8220; title_text=&#8220;logo-documentos&#8220; _builder_version=&#8220;4.16&#8243; _module_preset=&#8220;default&#8220; width=&#8220;450px&#8220; module_alignment=&#8220;center&#8220; custom_margin=&#8220;0px||0px||true|false&#8220; custom_padding=&#8220;0px||0px||true|false&#8220; global_colors_info=&#8220;{}&#8220;][\/et_pb_image][\/et_pb_column][\/et_pb_row][\/et_pb_section][et_pb_section fb_built=&#8220;1&#8243; _builder_version=&#8220;4.16&#8243; _module_preset=&#8220;default&#8220; background_image=&#8220;https:\/\/www.portginesta.com\/wp-content\/uploads\/2022\/01\/port-ginesta-fondo3.jpg&#8220; custom_padding=&#8220;30px||30px||true|false&#8220; global_colors_info=&#8220;{}&#8220;][et_pb_row _builder_version=&#8220;4.16&#8243; _module_preset=&#8220;default&#8220; global_colors_info=&#8220;{}&#8220;][et_pb_column type=&#8220;4_4&#8243; _builder_version=&#8220;4.16&#8243; _module_preset=&#8220;default&#8220; global_colors_info=&#8220;{}&#8220;][et_pb_image src=&#8220;https:\/\/www.portginesta.com\/wp-content\/uploads\/2022\/01\/Logos-port-ginesta-sur-multihull-3.png&#8220; title_text=&#8220;Logos-port-ginesta-sur-multihull-3&#8243; _builder_version=&#8220;4.16&#8243; _module_preset=&#8220;default&#8220; max_width=&#8220;800px&#8220; module_alignment=&#8220;center&#8220; global_colors_info=&#8220;{}&#8220;][\/et_pb_image][et_pb_button button_url=&#8220;#&#8220; button_text=&#8220;RESERVAS&#8220; button_alignment=&#8220;center&#8220; _builder_version=&#8220;4.16&#8243; _module_preset=&#8220;default&#8220; custom_button=&#8220;on&#8220; button_text_color=&#8220;#FFFFFF&#8220; button_bg_color=&#8220;#002554&#8243; button_border_width=&#8220;0px&#8220; button_border_radius=&#8220;0px&#8220; button_font=&#8220;Poppins|700|||||||&#8220; button_icon=&#8220;&#xf13d;||fa||900&#8243; button_icon_color=&#8220;#0089C0&#8243; button_on_hover=&#8220;off&#8220; custom_css_main_element=&#8220;width: 100%;&#8220; box_shadow_style=&#8220;preset3&#8243; global_colors_info=&#8220;{}&#8220;][\/et_pb_button][\/et_pb_column][\/et_pb_row][\/et_pb_section]<\/p>\n","protected":false},"excerpt":{"rendered":"<p>JAHRESBERICHTE2024 2024 BERICHT \u00dcBER DIE VERRECHNUNG VON KOSTEN 2024 CCAA + INF AUDIT 2023 2023 BERICHT \u00dcBER DIE VERRECHNUNG VON KOSTEN 2023 CCAA + INF AUDIT 2022 2022 BERICHT \u00dcBER DIE VERRECHNUNG VON KOSTEN 2022 CCAA + AUDIT-BERICHT 2021 2021 BERICHT \u00dcBER DIE VERRECHNUNG VON KOSTEN 2021 CCAA + AUDIT-BERICHT 2020 2020 BERICHT \u00dcBER DIE [&hellip;]<\/p>\n","protected":false},"author":1,"featured_media":0,"parent":0,"menu_order":0,"comment_status":"closed","ping_status":"closed","template":"","meta":{"_acf_changed":false,"_et_pb_use_builder":"on","_et_pb_old_content":"","_et_gb_content_width":"","inline_featured_image":false,"footnotes":""},"class_list":["post-3732","page","type-page","status-publish","hentry"],"acf":[],"yoast_head":"<!-- This site is optimized with the Yoast SEO plugin v27.6 - https:\/\/yoast.com\/product\/yoast-seo-wordpress\/ -->\n<title>Port Ginesta I El mejor puerto de Barcelona I Cuentas anuales<\/title>\n<meta name=\"description\" content=\"Consulta las cuentas anuales de Port Ginesta desde 2016 hasta hoy.\" \/>\n<meta name=\"robots\" content=\"index, follow, max-snippet:-1, max-image-preview:large, max-video-preview:-1\" \/>\n<link rel=\"canonical\" href=\"https:\/\/www.portginesta.com\/cuentas-anuales\/\" \/>\n<meta property=\"og:locale\" content=\"de_DE\" \/>\n<meta property=\"og:type\" content=\"article\" \/>\n<meta property=\"og:title\" content=\"Port Ginesta I El mejor puerto de Barcelona I Cuentas anuales\" \/>\n<meta property=\"og:description\" content=\"Consulta las cuentas anuales de Port Ginesta desde 2016 hasta hoy.\" \/>\n<meta property=\"og:url\" content=\"https:\/\/www.portginesta.com\/cuentas-anuales\/\" \/>\n<meta property=\"og:site_name\" content=\"Port Ginesta\" \/>\n<meta property=\"article:modified_time\" content=\"2025-09-10T11:41:38+00:00\" \/>\n<meta name=\"twitter:card\" content=\"summary_large_image\" \/>\n<meta name=\"twitter:label1\" content=\"Gesch\u00e4tzte Lesezeit\" \/>\n\t<meta name=\"twitter:data1\" content=\"6\u00a0Minuten\" \/>\n<script type=\"application\/ld+json\" class=\"yoast-schema-graph\">{\"@context\":\"https:\\\/\\\/schema.org\",\"@graph\":[{\"@type\":\"WebPage\",\"@id\":\"https:\\\/\\\/www.portginesta.com\\\/cuentas-anuales\\\/\",\"url\":\"https:\\\/\\\/www.portginesta.com\\\/cuentas-anuales\\\/\",\"name\":\"Port Ginesta I El mejor puerto de Barcelona I Cuentas anuales\",\"isPartOf\":{\"@id\":\"https:\\\/\\\/www.portginesta.com\\\/#website\"},\"datePublished\":\"2022-06-14T11:54:09+00:00\",\"dateModified\":\"2025-09-10T11:41:38+00:00\",\"description\":\"Consulta las cuentas anuales de Port Ginesta desde 2016 hasta hoy.\",\"breadcrumb\":{\"@id\":\"https:\\\/\\\/www.portginesta.com\\\/cuentas-anuales\\\/#breadcrumb\"},\"inLanguage\":\"de\",\"potentialAction\":[{\"@type\":\"ReadAction\",\"target\":[\"https:\\\/\\\/www.portginesta.com\\\/cuentas-anuales\\\/\"]}]},{\"@type\":\"BreadcrumbList\",\"@id\":\"https:\\\/\\\/www.portginesta.com\\\/cuentas-anuales\\\/#breadcrumb\",\"itemListElement\":[{\"@type\":\"ListItem\",\"position\":1,\"name\":\"Portada\",\"item\":\"https:\\\/\\\/www.portginesta.com\\\/\"},{\"@type\":\"ListItem\",\"position\":2,\"name\":\"Jahresberichte\"}]},{\"@type\":\"WebSite\",\"@id\":\"https:\\\/\\\/www.portginesta.com\\\/#website\",\"url\":\"https:\\\/\\\/www.portginesta.com\\\/\",\"name\":\"Port Ginesta\",\"description\":\"Otro sitio realizado con WordPress\",\"potentialAction\":[{\"@type\":\"SearchAction\",\"target\":{\"@type\":\"EntryPoint\",\"urlTemplate\":\"https:\\\/\\\/www.portginesta.com\\\/?s={search_term_string}\"},\"query-input\":{\"@type\":\"PropertyValueSpecification\",\"valueRequired\":true,\"valueName\":\"search_term_string\"}}],\"inLanguage\":\"de\"}]}<\/script>\n<!-- \/ Yoast SEO plugin. -->","yoast_head_json":{"title":"Port Ginesta I El mejor puerto de Barcelona I Cuentas anuales","description":"Consulta las cuentas anuales de Port Ginesta desde 2016 hasta hoy.","robots":{"index":"index","follow":"follow","max-snippet":"max-snippet:-1","max-image-preview":"max-image-preview:large","max-video-preview":"max-video-preview:-1"},"canonical":"https:\/\/www.portginesta.com\/cuentas-anuales\/","og_locale":"de_DE","og_type":"article","og_title":"Port Ginesta I El mejor puerto de Barcelona I Cuentas anuales","og_description":"Consulta las cuentas anuales de Port Ginesta desde 2016 hasta hoy.","og_url":"https:\/\/www.portginesta.com\/cuentas-anuales\/","og_site_name":"Port Ginesta","article_modified_time":"2025-09-10T11:41:38+00:00","twitter_card":"summary_large_image","twitter_misc":{"Gesch\u00e4tzte Lesezeit":"6\u00a0Minuten"},"schema":{"@context":"https:\/\/schema.org","@graph":[{"@type":"WebPage","@id":"https:\/\/www.portginesta.com\/cuentas-anuales\/","url":"https:\/\/www.portginesta.com\/cuentas-anuales\/","name":"Port Ginesta I El mejor puerto de Barcelona I Cuentas anuales","isPartOf":{"@id":"https:\/\/www.portginesta.com\/#website"},"datePublished":"2022-06-14T11:54:09+00:00","dateModified":"2025-09-10T11:41:38+00:00","description":"Consulta las cuentas anuales de Port Ginesta desde 2016 hasta hoy.","breadcrumb":{"@id":"https:\/\/www.portginesta.com\/cuentas-anuales\/#breadcrumb"},"inLanguage":"de","potentialAction":[{"@type":"ReadAction","target":["https:\/\/www.portginesta.com\/cuentas-anuales\/"]}]},{"@type":"BreadcrumbList","@id":"https:\/\/www.portginesta.com\/cuentas-anuales\/#breadcrumb","itemListElement":[{"@type":"ListItem","position":1,"name":"Portada","item":"https:\/\/www.portginesta.com\/"},{"@type":"ListItem","position":2,"name":"Jahresberichte"}]},{"@type":"WebSite","@id":"https:\/\/www.portginesta.com\/#website","url":"https:\/\/www.portginesta.com\/","name":"Port Ginesta","description":"Otro sitio realizado con WordPress","potentialAction":[{"@type":"SearchAction","target":{"@type":"EntryPoint","urlTemplate":"https:\/\/www.portginesta.com\/?s={search_term_string}"},"query-input":{"@type":"PropertyValueSpecification","valueRequired":true,"valueName":"search_term_string"}}],"inLanguage":"de"}]}},"_links":{"self":[{"href":"https:\/\/www.portginesta.com\/de\/wp-json\/wp\/v2\/pages\/3732","targetHints":{"allow":["GET"]}}],"collection":[{"href":"https:\/\/www.portginesta.com\/de\/wp-json\/wp\/v2\/pages"}],"about":[{"href":"https:\/\/www.portginesta.com\/de\/wp-json\/wp\/v2\/types\/page"}],"author":[{"embeddable":true,"href":"https:\/\/www.portginesta.com\/de\/wp-json\/wp\/v2\/users\/1"}],"replies":[{"embeddable":true,"href":"https:\/\/www.portginesta.com\/de\/wp-json\/wp\/v2\/comments?post=3732"}],"version-history":[{"count":2,"href":"https:\/\/www.portginesta.com\/de\/wp-json\/wp\/v2\/pages\/3732\/revisions"}],"predecessor-version":[{"id":10266,"href":"https:\/\/www.portginesta.com\/de\/wp-json\/wp\/v2\/pages\/3732\/revisions\/10266"}],"wp:attachment":[{"href":"https:\/\/www.portginesta.com\/de\/wp-json\/wp\/v2\/media?parent=3732"}],"curies":[{"name":"wp","href":"https:\/\/api.w.org\/{rel}","templated":true}]}}