{"id":3867,"date":"2022-06-15T11:53:23","date_gmt":"2022-06-15T11:53:23","guid":{"rendered":"http:\/\/www.portginesta.com\/andere-services\/"},"modified":"2025-11-18T15:43:04","modified_gmt":"2025-11-18T14:43:04","slug":"andere-services","status":"publish","type":"page","link":"https:\/\/www.portginesta.com\/de\/andere-services\/","title":{"rendered":"Andere Services"},"content":{"rendered":"<p>[et_pb_section fb_built=&#8220;1&#8243; _builder_version=&#8220;4.16&#8243; _module_preset=&#8220;default&#8220; custom_padding=&#8220;||0px||false|false&#8220; global_colors_info=&#8220;{}&#8220;][et_pb_row _builder_version=&#8220;4.16&#8243; _module_preset=&#8220;default&#8220; global_colors_info=&#8220;{}&#8220;][et_pb_column type=&#8220;4_4&#8243; _builder_version=&#8220;4.16&#8243; _module_preset=&#8220;default&#8220; global_colors_info=&#8220;{}&#8220;][et_pb_text _builder_version=&#8220;4.16&#8243; _module_preset=&#8220;default&#8220; header_font=&#8220;Poppins|700|||||||&#8220; header_text_color=&#8220;#002554&#8243; custom_margin=&#8220;||10px||false|false&#8220; global_colors_info=&#8220;{}&#8220;]<\/p>\n<h1>Andere Services<\/h1>\n<p>[\/et_pb_text][et_pb_divider color=&#8220;#FFD600&#8243; divider_weight=&#8220;5px&#8220; _builder_version=&#8220;4.16&#8243; _module_preset=&#8220;default&#8220; max_width=&#8220;50px&#8220; custom_margin=&#8220;0px||0px||true|false&#8220; custom_padding=&#8220;0px||0px||true|false&#8220; global_colors_info=&#8220;{}&#8220;][\/et_pb_divider][\/et_pb_column][\/et_pb_row][\/et_pb_section][et_pb_section fb_built=&#8220;1&#8243; _builder_version=&#8220;4.19.2&#8243; _module_preset=&#8220;default&#8220; background_image=&#8220;https:\/\/www.portginesta.com\/wp-content\/uploads\/2024\/01\/cabecera-otros-servicios-port-ginesta-24.webp&#8220; background_position=&#8220;bottom_left&#8220; min_height=&#8220;250px&#8220; global_colors_info=&#8220;{}&#8220;][et_pb_row _builder_version=&#8220;4.16&#8243; _module_preset=&#8220;default&#8220; global_colors_info=&#8220;{}&#8220;][et_pb_column type=&#8220;4_4&#8243; _builder_version=&#8220;4.16&#8243; _module_preset=&#8220;default&#8220; global_colors_info=&#8220;{}&#8220;][\/et_pb_column][\/et_pb_row][\/et_pb_section][et_pb_section fb_built=&#8220;1&#8243; module_class=&#8220;section-conmutador&#8220; _builder_version=&#8220;4.16&#8243; _module_preset=&#8220;default&#8220; global_colors_info=&#8220;{}&#8220;][et_pb_row disabled_on=&#8220;on|off|off&#8220; _builder_version=&#8220;4.19.2&#8243; _module_preset=&#8220;default&#8220; global_colors_info=&#8220;{}&#8220;][et_pb_column type=&#8220;4_4&#8243; _builder_version=&#8220;4.16&#8243; _module_preset=&#8220;default&#8220; global_colors_info=&#8220;{}&#8220;][et_pb_toggle title=&#8220;Andere Services&#8220; open=&#8220;on&#8220; open_toggle_text_color=&#8220;#FFFFFF&#8220; open_toggle_background_color=&#8220;#FFFFFF&#8220; closed_toggle_background_color=&#8220;#FFFFFF&#8220; icon_color=&#8220;#FFD600&#8243; toggle_icon=&#8220;&#x33;||divi||400&#8243; use_icon_font_size=&#8220;on&#8220; icon_font_size=&#8220;30px&#8220; open_icon_color=&#8220;#FFD600&#8243; open_toggle_icon=&#8220;&#x32;||divi||400&#8243; open_use_icon_font_size=&#8220;on&#8220; open_icon_font_size=&#8220;30px&#8220; admin_label=&#8220;Otros servicios&#8220; module_id=&#8220;baresmusicales&#8220; _builder_version=&#8220;4.27.3&#8243; _module_preset=&#8220;default&#8220; title_text_color=&#8220;#FFFFFF&#8220; title_font=&#8220;Poppins|700|||||||&#8220; body_font=&#8220;Poppins||||||||&#8220; body_text_color=&#8220;#002554&#8243; body_font_size=&#8220;16px&#8220; body_link_font=&#8220;||||on||||&#8220; body_link_text_color=&#8220;#002554&#8243; background_enable_color=&#8220;off&#8220; custom_margin=&#8220;||0px||false|false&#8220; custom_padding=&#8220;0px|0px|0px|0px|true|true&#8220; hover_enabled=&#8220;0&#8243; border_width_all=&#8220;0px&#8220; border_width_bottom=&#8220;1px&#8220; border_color_bottom=&#8220;#FFFFFF&#8220; global_colors_info=&#8220;{}&#8220; sticky_enabled=&#8220;0&#8243;]<\/p>\n<table>\n<tbody>\n<tr>\n<td><strong>BCA MUSIC<br \/>\n<\/strong>Musikproduktionsfirma.<\/td>\n<td><strong>lokal<br \/>\n518<\/strong><\/td>\n<td><strong>\u00d6ffnungszeiten:<\/strong> 9:00\u201317:00 (ungef\u00e4hr)<\/td>\n<td>Tel.: <a href=\"tel:+34661978367\">661 97 83 67<\/a><br \/>\nE-Mail: <a href=\"mailto:salvarez@bca-music.com\">salvarez@bca-music.com<\/a><\/td>\n<\/tr>\n<tr>\n<td><strong>DOIDA PATRIMONIAL S.L.<\/strong><br \/>\nVerwaltung und Betreuung von Immobilien.<br \/>\nKostenlose Bewertung.<br \/>\nFinanzabteilung.<br \/>\nNautische Versicherungen.<\/td>\n<td><strong>lokal<br \/>\n817<\/strong><\/td>\n<td><strong>\u00d6ffnungszeiten:<\/strong> Montag bis Freitag 10:00\u201314:00. Samstag: 10:00\u201314:00<\/td>\n<td>Tel.: <a href=\"tel:+34640821625\">640 82 16 25<\/a><br \/>\nE-Mail: <a href=\"mailto:sgil@api.cat\">sgil@api.cat<\/a><\/td>\n<\/tr>\n<tr>\n<td><strong>Grupo EXAKTAPACK S.L.<br \/>\n<\/strong>Maschinen f\u00fcr industrielle W\u00e4gesysteme und Verpackung.<\/td>\n<td><strong>lokal<br \/>\n222<\/strong><\/td>\n<td><strong>\u00d6ffnungszeiten:<\/strong> 8:30\u201317:00<\/td>\n<td>Tel.: <a href=\"tel:+34936360673\">936 360 673<\/a><br \/>\nE-Mail: <a href=\"mailto:info@exaktapack.com\">info@exaktapack.com<\/a><\/td>\n<\/tr>\n<tr>\n<td><strong><a href=\"http:\/\/www.isse-japan.es\/\" target=\"_blank\" rel=\"noopener\">ISS\u00e9 JAPAN<\/a><\/strong><br \/>\nVerkauf japanischer Fangtechniken (ikejime &amp; tsumotoshiki). Verkauf traditioneller japanischer Handwerksprodukte wie frischer Wasabi, Kyoto-Gr\u00fcntee, japanischer Spirituosen, So\u00dfen und Gew\u00fcrze sowie besonderer Zutaten f\u00fcr authentische japanische K\u00fcche. Verkostungen und Schulungen f\u00fcr Gastronomiebegeisterte und Fachleute. Japanische Kochkurse.<\/td>\n<td><strong>lokal<br \/>\n322<\/strong><\/td>\n<td><\/td>\n<td>Tel.: <a href=\"tel:+34680505240\">+34 680-505-240<\/a><br \/>\nE-Mail: <a href=\"mailto:contact@isse.co.jp\">contact@isse.co.jp<\/a><br \/>\nWeitere Seiten: <a href=\"http:\/\/www.isse.co.jp\/\">www.isse.co.jp<\/a><\/td>\n<\/tr>\n<tr>\n<td><strong><a href=\"http:\/\/www.lamiradadenata.com\" target=\"_blank\" rel=\"noopener\">LA MIRADA DE NATA<\/a><\/strong><br \/>\nTherapien zur Verbesserung famili\u00e4rer Beziehungen, Selbstwertgef\u00fchl, emotionaler Regulation und zur St\u00e4rkung pers\u00f6nlicher Grenzen.<\/td>\n<td><strong>lokal<br \/>\n818 B<\/strong><\/td>\n<td><strong>\u00d6ffnungszeiten:<\/strong> 10:00\u201320:00<\/td>\n<td>Tel.: <a href=\"tel:+34618897902\">618 897 902<\/a><br \/>\nE-Mail: <a href=\"mailto:lamiradadenata@gmail.com\">lamiradadenata@gmail.com<\/a><\/td>\n<\/tr>\n<tr>\n<td><strong><a href=\"https:\/\/mediteurope.com\/\" target=\"_blank\" rel=\"noopener\">MED-IT EUROPE<\/a><\/strong><br \/>\nSpezialist f\u00fcr Beschaffung neuer und wiederaufbereiteter IT-Produkte verschiedener Marken. Unterst\u00fctzt Unternehmen bei der Optimierung ihrer Eink\u00e4ufe und bei schwer zu beschaffenden Produkten. Positioniert sich als operativer Partner.<\/td>\n<td><strong>lokal<br \/>\n610<\/strong><\/td>\n<td><\/td>\n<td>Tel.: <a href=\"tel:+34688642947\">688 64 29 47<\/a><\/td>\n<\/tr>\n<tr>\n<td><strong><a href=\"http:\/\/www.planetgames.es\/\" target=\"_blank\" rel=\"noopener\">PLANET GAMES<\/a><br \/>\n<\/strong>Hersteller von Brettspielen und Puzzles.<\/td>\n<td><strong>lokal<br \/>\n621<\/strong><\/td>\n<td><strong>\u00d6ffnungszeiten:<\/strong> 9:00\u201317:00<\/td>\n<td>Tel.: <a href=\"tel:+34936646830\">936 646 830<\/a><br \/>\nE-Mail: <a href=\"mailto:info@planetgames.es\">info@planetgames.es<\/a><\/td>\n<\/tr>\n<tr>\n<td><strong><a href=\"https:\/\/portginestacf.aimharder.com\/boxmemberships?buy=20061\" target=\"_blank\" rel=\"noopener\">PORT GINESTA CROSSFIT<\/a><br \/>\n<\/strong>Fitnessstudio \/ CrossFit.<\/td>\n<td><strong>lokal<br \/>\n514<\/strong><\/td>\n<td><strong>\u00d6ffnungszeiten:<\/strong> 7:30\u201321:30<\/td>\n<td>Tel.: <a href=\"tel:+34639409341\">+34 639 409 341<\/a><br \/>\nE-Mail: <a href=\"mailto:Portginestacf@gmail.com\">portginestacf@gmail.com<\/a><\/td>\n<\/tr>\n<tr>\n<td><strong>PRODUCTORA MUSICAL<br \/>\n<\/strong>Musikproduktionsfirma.<\/td>\n<td><strong>lokal<br \/>\n225<\/strong><\/td>\n<td><strong>\u00d6ffnungszeiten:<\/strong> 9:30\u201320:00<\/td>\n<td>Tel.: <a href=\"tel:+34660303376\">660 303 376<\/a><br \/>\nE-Mail: <a href=\"mailto:yann28-4@hotmail.com\">yann28-4@hotmail.com<\/a><\/td>\n<\/tr>\n<tr>\n<td><strong><a href=\"https:\/\/www.swanmedical.es\/\" target=\"_blank\" rel=\"noopener\">SWAN MEDICAL SL<\/a><br \/>\n<\/strong>Herstellung medizinischer Produkte.<\/td>\n<td><strong>lokal<br \/>\n814 B<\/strong><\/td>\n<td><strong>\u00d6ffnungszeiten:<\/strong> ab 8:00 Uhr<\/td>\n<td>Tel.: <a href=\"tel:+34938325897\">938 325 897<\/a><br \/>\nE-Mail: <a href=\"mailto:admin@swanmedical.es\">admin@swanmedical.es<\/a><\/td>\n<\/tr>\n<\/tbody>\n<\/table>\n<p>[\/et_pb_toggle][\/et_pb_column][\/et_pb_row][et_pb_row disabled_on=&#8220;off|on|on&#8220; _builder_version=&#8220;4.16&#8243; _module_preset=&#8220;default&#8220; global_colors_info=&#8220;{}&#8220;][et_pb_column type=&#8220;4_4&#8243; _builder_version=&#8220;4.16&#8243; _module_preset=&#8220;default&#8220; global_colors_info=&#8220;{}&#8220;][et_pb_toggle title=&#8220;Andere Services&#8220; open_toggle_text_color=&#8220;#FFFFFF&#8220; open_toggle_background_color=&#8220;#FFFFFF&#8220; closed_toggle_background_color=&#8220;#FFFFFF&#8220; icon_color=&#8220;#FFD600&#8243; toggle_icon=&#8220;&#x33;||divi||400&#8243; use_icon_font_size=&#8220;on&#8220; icon_font_size=&#8220;30px&#8220; open_icon_color=&#8220;#FFD600&#8243; open_toggle_icon=&#8220;&#x32;||divi||400&#8243; open_use_icon_font_size=&#8220;on&#8220; open_icon_font_size=&#8220;30px&#8220; admin_label=&#8220;Otros servicios&#8220; module_id=&#8220;restaurantes&#8220; _builder_version=&#8220;4.27.3&#8243; _module_preset=&#8220;default&#8220; title_text_color=&#8220;#FFFFFF&#8220; title_font=&#8220;Poppins|700|||||||&#8220; body_font=&#8220;Poppins||||||||&#8220; body_text_color=&#8220;#002554&#8243; body_font_size=&#8220;16px&#8220; body_link_font=&#8220;||||on||||&#8220; body_link_text_color=&#8220;#002554&#8243; background_enable_color=&#8220;off&#8220; custom_margin=&#8220;||0px||false|false&#8220; custom_padding=&#8220;0px|0px|0px|0px|true|true&#8220; hover_enabled=&#8220;0&#8243; border_width_all=&#8220;0px&#8220; border_width_bottom=&#8220;1px&#8220; border_color_bottom=&#8220;#FFFFFF&#8220; global_colors_info=&#8220;{}&#8220; sticky_enabled=&#8220;0&#8243;]<\/p>\n<p><strong>BCA MUSIC<\/strong><\/p>\n<ul>\n<li>Musikproduktionsfirma.<\/li>\n<li><strong>Lokal 518<\/strong><\/li>\n<li><strong>\u00d6ffnungszeiten:<\/strong> 9:00\u201317:00 (ungef\u00e4hr)<\/li>\n<li><strong>Tel.:<\/strong> <a href=\"tel:+34661978367\">661 978 367<\/a><\/li>\n<li><strong>E-Mail:<\/strong> <a href=\"mailto:salvarez@bca-music.com\" target=\"_blank\" rel=\"noopener\">salvarez@bca-music.com<\/a><\/li>\n<\/ul>\n<p><strong>DOIDA PATRIMONIAL S.L.<\/strong><\/p>\n<ul>\n<li>Verwaltung und Betreuung von Immobilien. Kostenlose Bewertung. Finanzabteilung. Nautische Versicherungen.<\/li>\n<li><strong>Lokal 817<\/strong><\/li>\n<li><strong>\u00d6ffnungszeiten:<\/strong> Montag bis Freitag 10:00\u201314:00 und Samstag 10:00\u201314:00<\/li>\n<li><strong>Tel.:<\/strong> <a href=\"tel:+34640821625\">640821625<\/a><\/li>\n<li><strong>E-Mail:<\/strong> <a href=\"mailto:sgil@api.cat\">sgil@api.cat<\/a><\/li>\n<\/ul>\n<p><strong>Grupo EXAKTAPACK S.L.<\/strong><\/p>\n<ul>\n<li>Maschinen f\u00fcr industrielles Wiegen und Verpacken.<\/li>\n<li><strong>Lokal 222<\/strong><\/li>\n<li><strong>\u00d6ffnungszeiten:<\/strong> 8:30\u201317:00<\/li>\n<li><strong>Tel.:<\/strong> <a href=\"tel:+34936360673\">936 360 673<\/a><\/li>\n<li><strong>E-Mail:<\/strong> <a href=\"mailto:info@exaktapack.com\">info@exaktapack.com<\/a><\/li>\n<\/ul>\n<p><strong><a href=\"http:\/\/www.isse-japan.es\/\" target=\"_blank\" rel=\"noopener\">ISS\u00e9 JAPAN<\/a><\/strong><\/p>\n<ul>\n<li>Verkauf japanischer Fangtechniken (ikejime und tsumotoshiki). Verkauf traditioneller japanischer Handwerksprodukte wie frischer Wasabi, Kyoto-Gr\u00fcntee, japanische Spirituosen, Saucen und Gew\u00fcrze sowie seltene Zutaten zur Zubereitung authentischer japanischer K\u00fcche. Verkostungen und Schulungen f\u00fcr Gastronomiebegeisterte und Fachleute. Japanische Kochkurse.<\/li>\n<li><strong>Lokal 322<\/strong><\/li>\n<li><strong>Tel.:<\/strong> <a href=\"tel:+34936360673\">+34 680-505-240<\/a><\/li>\n<li><strong>E-Mail:<\/strong> <a href=\"mailto:contact@isse.co.jp\">contact@isse.co.jp<\/a><\/li>\n<li><strong>Weitere Webseiten:<\/strong> <a href=\"http:\/\/www.isse.co.jp\/\">www.isse.co.jp<\/a><\/li>\n<\/ul>\n<p><strong><a href=\"http:\/\/www.patrimon.es\/\" target=\"_blank\" rel=\"noopener\">LA MIRADA DE NATA<\/a><\/strong><\/p>\n<ul>\n<li>Therapien zur Verbesserung famili\u00e4rer Beziehungen, Selbstwertgef\u00fchl, emotionaler Regulation und zur St\u00e4rkung pers\u00f6nlicher Grenzen.<\/li>\n<li><strong>Lokal 610<\/strong><\/li>\n<li><strong>Tel.:<\/strong> <a href=\"tel:+34688642947\">688 64 29 47<\/a><\/li>\n<li><strong>E-Mail:<\/strong> <a href=\"mailto:lamiradadenata@gmail.com\">lamiradadenata@gmail.com<\/a><\/li>\n<\/ul>\n<p><strong><a href=\"https:\/\/mediteurope.com\/\" target=\"_blank\" rel=\"noopener\">MED-IT EUROPE<\/a><\/strong><\/p>\n<ul>\n<li>Spezialist f\u00fcr die Beschaffung neuer und wiederaufbereiteter IT-Produkte verschiedener Marken. Unterst\u00fctzt Unternehmen bei Optimierung und schwer beschaffbaren Produkten. Partner f\u00fcr jede Projektanforderung.<\/li>\n<li><strong>Lokal 610<\/strong><\/li>\n<li><strong>Tel.:<\/strong> <a href=\"tel:+618897902\">618 897 902<\/a><\/li>\n<\/ul>\n<p><strong><a href=\"http:\/\/www.planetgames.es\/\" target=\"_blank\" rel=\"noopener\">PLANET GAMES<\/a><\/strong><\/p>\n<ul>\n<li>Hersteller von Brettspielen und Puzzles.<\/li>\n<li><strong>Lokal 621<\/strong><\/li>\n<li><strong>\u00d6ffnungszeiten:<\/strong> 9:00\u201317:00<\/li>\n<li><strong>Tel.:<\/strong> <a href=\"tel:+34936646830\">936 646 830<\/a><\/li>\n<li><strong>E-Mail:<\/strong> <a href=\"mailto:info@planetgames.es\" target=\"_blank\" rel=\"noopener\">info@planetgames.es<\/a><\/li>\n<\/ul>\n<p><a href=\"https:\/\/portginestacf.aimharder.com\/boxmemberships?buy=20061\" target=\"_blank\" rel=\"noopener\"><strong>PORT GINESTA CROSSFIT<\/strong><\/a><\/p>\n<ul>\n<li>Fitnessstudio \/ CrossFit.<\/li>\n<li><strong>Lokal 514<\/strong><\/li>\n<li><strong>\u00d6ffnungszeiten:<\/strong> 7:30\u201321:30<\/li>\n<li><strong>Tel.:<\/strong> <a href=\"tel:+34639409341\">+34 639 409 341<\/a><\/li>\n<li><strong>E-Mail:<\/strong> <a href=\"mailto:Portginestacf@gmail.com\" rel=\"noreferrer\">portginestacf@gmail.com<\/a><\/li>\n<\/ul>\n<p><strong>PRODUCTORA MUSICAL<\/strong><\/p>\n<ul>\n<li>Musikproduktionsfirma.<\/li>\n<li><strong>Lokal 225<\/strong><\/li>\n<li><strong>\u00d6ffnungszeiten:<\/strong> 9:30\u201320:00<\/li>\n<li><strong>Tel.:<\/strong> <a href=\"tel:+34660303376\">660 303 376<\/a><\/li>\n<li><strong>E-Mail:<\/strong> <a href=\"mailto:yann28-4@hotmail.com\">yann28-4@hotmail.com<\/a><\/li>\n<\/ul>\n<p><strong><a href=\"https:\/\/www.swanmedical.es\/\" target=\"_blank\" rel=\"noopener\">SWAN MEDICAL SL<\/a><\/strong><\/p>\n<p><strong> <\/strong><\/p>\n<p><strong><\/strong><\/p>\n<ul>\n<li>Herstellung medizinischer Produkte.<\/li>\n<li><strong>Lokal 814 B<\/strong><\/li>\n<li><strong>\u00d6ffnungszeiten:<\/strong> ab 8:00<\/li>\n<li><strong>Tel.:<\/strong> <a href=\"tel:+34938325897\">938 325 897<\/a><\/li>\n<li><strong>E-Mail:<\/strong> <a href=\"mailto:admin@swanmedical.es\" target=\"_blank\" rel=\"noopener noreferrer\">admin@swanmedical.es<\/a><\/li>\n<\/ul>\n<p>[\/et_pb_toggle][\/et_pb_column][\/et_pb_row][\/et_pb_section][et_pb_section fb_built=&#8220;1&#8243; _builder_version=&#8220;4.16&#8243; _module_preset=&#8220;default&#8220; background_image=&#8220;https:\/\/www.portginesta.com\/wp-content\/uploads\/2022\/01\/port-ginesta-fondo3.jpg&#8220; custom_padding=&#8220;30px||30px||true|false&#8220; global_colors_info=&#8220;{}&#8220;][et_pb_row _builder_version=&#8220;4.16&#8243; _module_preset=&#8220;default&#8220; global_colors_info=&#8220;{}&#8220;][et_pb_column type=&#8220;4_4&#8243; _builder_version=&#8220;4.16&#8243; _module_preset=&#8220;default&#8220; global_colors_info=&#8220;{}&#8220;][et_pb_image src=&#8220;https:\/\/www.portginesta.com\/wp-content\/uploads\/2022\/01\/Logos-port-ginesta-sur-multihull-3.png&#8220; title_text=&#8220;Logos-port-ginesta-sur-multihull-3&#8243; _builder_version=&#8220;4.16&#8243; _module_preset=&#8220;default&#8220; max_width=&#8220;800px&#8220; module_alignment=&#8220;center&#8220; global_colors_info=&#8220;{}&#8220;][\/et_pb_image][et_pb_button button_url=&#8220;\/tarifas-reservas\/&#8220; button_text=&#8220;RESERVIERUNGEN&#8220; button_alignment=&#8220;center&#8220; _builder_version=&#8220;4.16&#8243; _module_preset=&#8220;default&#8220; custom_button=&#8220;on&#8220; button_text_color=&#8220;#FFFFFF&#8220; button_bg_color=&#8220;#002554&#8243; button_border_width=&#8220;0px&#8220; button_border_radius=&#8220;0px&#8220; button_font=&#8220;Poppins|700|||||||&#8220; button_icon=&#8220;&#xf13d;||fa||900&#8243; button_icon_color=&#8220;#0089C0&#8243; button_on_hover=&#8220;off&#8220; custom_css_main_element=&#8220;width: 100%;&#8220; box_shadow_style=&#8220;preset3&#8243; global_colors_info=&#8220;{}&#8220;][\/et_pb_button][\/et_pb_column][\/et_pb_row][\/et_pb_section]<\/p>\n","protected":false},"excerpt":{"rendered":"<p>Andere Services BCA MUSIC Musikproduktionsfirma. lokal 518 \u00d6ffnungszeiten: 9:00\u201317:00 (ungef\u00e4hr) Tel.: 661 97 83 67 E-Mail: salvarez@bca-music.com DOIDA PATRIMONIAL S.L. Verwaltung und Betreuung von Immobilien. Kostenlose Bewertung. Finanzabteilung. Nautische Versicherungen. lokal 817 \u00d6ffnungszeiten: Montag bis Freitag 10:00\u201314:00. Samstag: 10:00\u201314:00 Tel.: 640 82 16 25 E-Mail: sgil@api.cat Grupo EXAKTAPACK S.L. Maschinen f\u00fcr industrielle W\u00e4gesysteme und Verpackung. [&hellip;]<\/p>\n","protected":false},"author":1,"featured_media":0,"parent":0,"menu_order":0,"comment_status":"closed","ping_status":"closed","template":"","meta":{"_acf_changed":false,"_et_pb_use_builder":"on","_et_pb_old_content":"","_et_gb_content_width":"","inline_featured_image":false,"footnotes":""},"class_list":["post-3867","page","type-page","status-publish","hentry"],"acf":[],"yoast_head":"<!-- This site is optimized with the Yoast SEO plugin v27.5 - https:\/\/yoast.com\/product\/yoast-seo-wordpress\/ -->\n<title>Port Ginesta I Andere Dienstleistungen<\/title>\n<meta name=\"description\" content=\"Informiere dich \u00fcber die anderen Dienstleistungen, die Port Ginesta anbietet: von einer Musikproduktionsfirma \u00fcber ein Immobilienb\u00fcro bis hin zu einem Hersteller von Brettspielen und Puzzles.\" \/>\n<meta name=\"robots\" content=\"index, follow, max-snippet:-1, max-image-preview:large, max-video-preview:-1\" \/>\n<link rel=\"canonical\" href=\"https:\/\/www.portginesta.com\/otros-servicios\/\" \/>\n<meta property=\"og:locale\" content=\"de_DE\" \/>\n<meta property=\"og:type\" content=\"article\" \/>\n<meta property=\"og:title\" content=\"Port Ginesta I Andere Dienstleistungen\" \/>\n<meta property=\"og:description\" content=\"Informiere dich \u00fcber die anderen Dienstleistungen, die Port Ginesta anbietet: von einer Musikproduktionsfirma \u00fcber ein Immobilienb\u00fcro bis hin zu einem Hersteller von Brettspielen und Puzzles.\" \/>\n<meta property=\"og:url\" content=\"https:\/\/www.portginesta.com\/otros-servicios\/\" \/>\n<meta property=\"og:site_name\" content=\"Port Ginesta\" \/>\n<meta property=\"article:modified_time\" content=\"2025-11-18T14:43:04+00:00\" \/>\n<meta name=\"twitter:card\" content=\"summary_large_image\" \/>\n<meta name=\"twitter:label1\" content=\"Gesch\u00e4tzte Lesezeit\" \/>\n\t<meta name=\"twitter:data1\" content=\"6\u00a0Minuten\" \/>\n<script type=\"application\/ld+json\" class=\"yoast-schema-graph\">{\"@context\":\"https:\\\/\\\/schema.org\",\"@graph\":[{\"@type\":\"WebPage\",\"@id\":\"https:\\\/\\\/www.portginesta.com\\\/otros-servicios\\\/\",\"url\":\"https:\\\/\\\/www.portginesta.com\\\/otros-servicios\\\/\",\"name\":\"Port Ginesta I Andere Dienstleistungen\",\"isPartOf\":{\"@id\":\"https:\\\/\\\/www.portginesta.com\\\/#website\"},\"datePublished\":\"2022-06-15T11:53:23+00:00\",\"dateModified\":\"2025-11-18T14:43:04+00:00\",\"description\":\"Informiere dich \u00fcber die anderen Dienstleistungen, die Port Ginesta anbietet: von einer Musikproduktionsfirma \u00fcber ein Immobilienb\u00fcro bis hin zu einem Hersteller von Brettspielen und Puzzles.\",\"breadcrumb\":{\"@id\":\"https:\\\/\\\/www.portginesta.com\\\/otros-servicios\\\/#breadcrumb\"},\"inLanguage\":\"de\",\"potentialAction\":[{\"@type\":\"ReadAction\",\"target\":[\"https:\\\/\\\/www.portginesta.com\\\/otros-servicios\\\/\"]}]},{\"@type\":\"BreadcrumbList\",\"@id\":\"https:\\\/\\\/www.portginesta.com\\\/otros-servicios\\\/#breadcrumb\",\"itemListElement\":[{\"@type\":\"ListItem\",\"position\":1,\"name\":\"Portada\",\"item\":\"https:\\\/\\\/www.portginesta.com\\\/\"},{\"@type\":\"ListItem\",\"position\":2,\"name\":\"Andere Services\"}]},{\"@type\":\"WebSite\",\"@id\":\"https:\\\/\\\/www.portginesta.com\\\/#website\",\"url\":\"https:\\\/\\\/www.portginesta.com\\\/\",\"name\":\"Port Ginesta\",\"description\":\"Otro sitio realizado con WordPress\",\"potentialAction\":[{\"@type\":\"SearchAction\",\"target\":{\"@type\":\"EntryPoint\",\"urlTemplate\":\"https:\\\/\\\/www.portginesta.com\\\/?s={search_term_string}\"},\"query-input\":{\"@type\":\"PropertyValueSpecification\",\"valueRequired\":true,\"valueName\":\"search_term_string\"}}],\"inLanguage\":\"de\"}]}<\/script>\n<!-- \/ Yoast SEO plugin. -->","yoast_head_json":{"title":"Port Ginesta I Andere Dienstleistungen","description":"Informiere dich \u00fcber die anderen Dienstleistungen, die Port Ginesta anbietet: von einer Musikproduktionsfirma \u00fcber ein Immobilienb\u00fcro bis hin zu einem Hersteller von Brettspielen und Puzzles.","robots":{"index":"index","follow":"follow","max-snippet":"max-snippet:-1","max-image-preview":"max-image-preview:large","max-video-preview":"max-video-preview:-1"},"canonical":"https:\/\/www.portginesta.com\/otros-servicios\/","og_locale":"de_DE","og_type":"article","og_title":"Port Ginesta I Andere Dienstleistungen","og_description":"Informiere dich \u00fcber die anderen Dienstleistungen, die Port Ginesta anbietet: von einer Musikproduktionsfirma \u00fcber ein Immobilienb\u00fcro bis hin zu einem Hersteller von Brettspielen und Puzzles.","og_url":"https:\/\/www.portginesta.com\/otros-servicios\/","og_site_name":"Port Ginesta","article_modified_time":"2025-11-18T14:43:04+00:00","twitter_card":"summary_large_image","twitter_misc":{"Gesch\u00e4tzte Lesezeit":"6\u00a0Minuten"},"schema":{"@context":"https:\/\/schema.org","@graph":[{"@type":"WebPage","@id":"https:\/\/www.portginesta.com\/otros-servicios\/","url":"https:\/\/www.portginesta.com\/otros-servicios\/","name":"Port Ginesta I Andere Dienstleistungen","isPartOf":{"@id":"https:\/\/www.portginesta.com\/#website"},"datePublished":"2022-06-15T11:53:23+00:00","dateModified":"2025-11-18T14:43:04+00:00","description":"Informiere dich \u00fcber die anderen Dienstleistungen, die Port Ginesta anbietet: von einer Musikproduktionsfirma \u00fcber ein Immobilienb\u00fcro bis hin zu einem Hersteller von Brettspielen und Puzzles.","breadcrumb":{"@id":"https:\/\/www.portginesta.com\/otros-servicios\/#breadcrumb"},"inLanguage":"de","potentialAction":[{"@type":"ReadAction","target":["https:\/\/www.portginesta.com\/otros-servicios\/"]}]},{"@type":"BreadcrumbList","@id":"https:\/\/www.portginesta.com\/otros-servicios\/#breadcrumb","itemListElement":[{"@type":"ListItem","position":1,"name":"Portada","item":"https:\/\/www.portginesta.com\/"},{"@type":"ListItem","position":2,"name":"Andere Services"}]},{"@type":"WebSite","@id":"https:\/\/www.portginesta.com\/#website","url":"https:\/\/www.portginesta.com\/","name":"Port Ginesta","description":"Otro sitio realizado con WordPress","potentialAction":[{"@type":"SearchAction","target":{"@type":"EntryPoint","urlTemplate":"https:\/\/www.portginesta.com\/?s={search_term_string}"},"query-input":{"@type":"PropertyValueSpecification","valueRequired":true,"valueName":"search_term_string"}}],"inLanguage":"de"}]}},"_links":{"self":[{"href":"https:\/\/www.portginesta.com\/de\/wp-json\/wp\/v2\/pages\/3867","targetHints":{"allow":["GET"]}}],"collection":[{"href":"https:\/\/www.portginesta.com\/de\/wp-json\/wp\/v2\/pages"}],"about":[{"href":"https:\/\/www.portginesta.com\/de\/wp-json\/wp\/v2\/types\/page"}],"author":[{"embeddable":true,"href":"https:\/\/www.portginesta.com\/de\/wp-json\/wp\/v2\/users\/1"}],"replies":[{"embeddable":true,"href":"https:\/\/www.portginesta.com\/de\/wp-json\/wp\/v2\/comments?post=3867"}],"version-history":[{"count":7,"href":"https:\/\/www.portginesta.com\/de\/wp-json\/wp\/v2\/pages\/3867\/revisions"}],"predecessor-version":[{"id":10871,"href":"https:\/\/www.portginesta.com\/de\/wp-json\/wp\/v2\/pages\/3867\/revisions\/10871"}],"wp:attachment":[{"href":"https:\/\/www.portginesta.com\/de\/wp-json\/wp\/v2\/media?parent=3867"}],"curies":[{"name":"wp","href":"https:\/\/api.w.org\/{rel}","templated":true}]}}