{"id":3900,"date":"2022-06-15T12:24:41","date_gmt":"2022-06-15T12:24:41","guid":{"rendered":"http:\/\/www.portginesta.com\/umgebung\/"},"modified":"2024-01-23T15:18:46","modified_gmt":"2024-01-23T15:18:46","slug":"umgebung","status":"publish","type":"page","link":"https:\/\/www.portginesta.com\/de\/umgebung\/","title":{"rendered":"Umgebung"},"content":{"rendered":"<p>[et_pb_section fb_built=&#8220;1&#8243; _builder_version=&#8220;4.16&#8243; _module_preset=&#8220;default&#8220; custom_padding=&#8220;5px||0px||false|false&#8220; global_colors_info=&#8220;{}&#8220;][et_pb_row _builder_version=&#8220;4.16&#8243; _module_preset=&#8220;default&#8220; custom_padding=&#8220;60px|10px|27px|10px|false|true&#8220; global_colors_info=&#8220;{}&#8220;][et_pb_column type=&#8220;4_4&#8243; _builder_version=&#8220;4.16&#8243; _module_preset=&#8220;default&#8220; global_colors_info=&#8220;{}&#8220;][et_pb_text _builder_version=&#8220;4.16&#8243; _module_preset=&#8220;default&#8220; header_font=&#8220;Poppins|700|||||||&#8220; header_text_color=&#8220;#002554&#8243; custom_margin=&#8220;||10px||false|false&#8220; global_colors_info=&#8220;{}&#8220;]<\/p>\n<h1>UMGEBUNG<\/h1>\n<p>[\/et_pb_text][et_pb_divider color=&#8220;#FFD600&#8243; divider_weight=&#8220;5px&#8220; _builder_version=&#8220;4.16&#8243; _module_preset=&#8220;default&#8220; max_width=&#8220;50px&#8220; custom_margin=&#8220;0px||0px||true|false&#8220; custom_padding=&#8220;0px||0px||true|false&#8220; global_colors_info=&#8220;{}&#8220;][\/et_pb_divider][\/et_pb_column][\/et_pb_row][\/et_pb_section][et_pb_section fb_built=&#8220;1&#8243; _builder_version=&#8220;4.19.2&#8243; _module_preset=&#8220;default&#8220; background_image=&#8220;https:\/\/www.portginesta.com\/wp-content\/uploads\/2024\/01\/cabecera-entorno-port-ginesta-24.webp&#8220; background_position=&#8220;center_left&#8220; min_height=&#8220;250px&#8220; hover_enabled=&#8220;0&#8243; global_colors_info=&#8220;{}&#8220; title_text=&#8220;cabecera-entorno-port-ginesta-24&#8243; sticky_enabled=&#8220;0&#8243;][et_pb_row _builder_version=&#8220;4.16&#8243; _module_preset=&#8220;default&#8220; global_colors_info=&#8220;{}&#8220;][et_pb_column type=&#8220;4_4&#8243; _builder_version=&#8220;4.16&#8243; _module_preset=&#8220;default&#8220; global_colors_info=&#8220;{}&#8220;][\/et_pb_column][\/et_pb_row][\/et_pb_section][et_pb_section fb_built=&#8220;1&#8243; disabled_on=&#8220;off|off|off&#8220; module_class=&#8220;seccion-documentos&#8220; _builder_version=&#8220;4.16&#8243; _module_preset=&#8220;default&#8220; custom_margin=&#8220;0px||0px||true|false&#8220; custom_padding=&#8220;60px||39px||false|false&#8220; background_last_edited=&#8220;on|tablet&#8220; background_enable_color_tablet=&#8220;off&#8220; locked=&#8220;off&#8220; global_colors_info=&#8220;{}&#8220;][et_pb_row column_structure=&#8220;2_3,1_3&#8243; _builder_version=&#8220;4.16&#8243; _module_preset=&#8220;default&#8220; custom_margin=&#8220;-31px|auto||auto|false|false&#8220; custom_padding=&#8220;20px|10px||10px|false|true&#8220; global_colors_info=&#8220;{}&#8220;][et_pb_column type=&#8220;2_3&#8243; _builder_version=&#8220;4.16&#8243; _module_preset=&#8220;default&#8220; global_colors_info=&#8220;{}&#8220;][et_pb_text _builder_version=&#8220;4.16&#8243; _module_preset=&#8220;default&#8220; header_3_font=&#8220;Poppins|700|||||||&#8220; header_3_text_align=&#8220;left&#8220; header_3_font_size=&#8220;20px&#8220; custom_margin=&#8220;||15px||false|false&#8220; custom_padding_tablet=&#8220;18px||||false|false&#8220; custom_padding_phone=&#8220;18px||||false|false&#8220; custom_padding_last_edited=&#8220;on|tablet&#8220; header_3_text_align_tablet=&#8220;center&#8220; header_3_text_align_phone=&#8220;left&#8220; header_3_text_align_last_edited=&#8220;on|tablet&#8220; header_3_text_color_tablet=&#8220;#002554&#8243; header_3_text_color_phone=&#8220;#002554&#8243; header_3_text_color_last_edited=&#8220;on|tablet&#8220; global_colors_info=&#8220;{}&#8220;]<\/p>\n<h3>NATUR IN PRIVILEGIERTER UMGEBUNG<\/h3>\n<p>[\/et_pb_text][et_pb_text _builder_version=&#8220;4.16&#8243; _module_preset=&#8220;default&#8220; text_text_color=&#8220;#000000&#8243; global_colors_info=&#8220;{}&#8220;]Port Ginesta liegt am Fu\u00dfe des Naturparks Garraf, zu dem die Region Garraf und der s\u00fcdwestliche Bereich des sogenannten katalanischen K\u00fcstenbereichs geh\u00f6rt.<\/p>\n<p>Es grenzt an das unterere Tal des Flusses Llobregat, das Mittelmeer und den Pened\u00e8s. Es erstreckt sich auf einer Fl\u00e4che von 12.820 Hektar.<\/p>\n<p>Die Landschaft ist \u00fcberwiegend felsig und mondartig, mit zahlreichen tiefen unterirdischen H\u00f6hlen und Kavernen, die durch die Auswirkung des Wassers auf Kalkstein entstanden sind. Diese geologischen Besonderheiten entstehen auch durch Fl\u00fcsse in den Berge, die als nat\u00fcrliche Frischwasserquellen am Fu\u00dfe des Berges austreten, genau an der Strelle, an der Port Ginesta liegt.<\/p>\n<p>Im Bereich der Hafenanlagen befindet sich die sch\u00f6ne Bucht Cala Ginesta, ein Strand am Fu\u00dfe des Naturparks Garraf, der Zugang f\u00fcr die \u00d6ffentlichkeit erfolgt durch den Hafen \u00fcber eine sch\u00f6ne Stra\u00dfe und D\u00fcnenlandschaft, entworfen von dem Architekten Bet Figueras, der neben vielen weiteren kreativen Projekten auch Barcelonas Botanischen Garten entworfen hat[\/et_pb_text][\/et_pb_column][et_pb_column type=&#8220;1_3&#8243; _builder_version=&#8220;4.16&#8243; _module_preset=&#8220;default&#8220; global_colors_info=&#8220;{}&#8220;][et_pb_text _builder_version=&#8220;4.16&#8243; _module_preset=&#8220;default&#8220; link_font=&#8220;Poppins||||||||&#8220; link_text_color=&#8220;#232323&#8243; ul_font=&#8220;Poppins||||||||&#8220; link_option_url_new_window=&#8220;on&#8220; locked=&#8220;off&#8220; global_colors_info=&#8220;{}&#8220;]<\/p>\n<ul class=\"lista-docs-desc\">\n<li><a href=\"https:\/\/www.portginesta.com\/wp-content\/uploads\/2022\/10\/politica-port-ginesta-octubre-22.pdf\"><i class=\"far fa-file-alt\"><\/i>Port Ginesta Umweltschutzrichtlinien<\/a><\/li>\n<li><a href=\"https:\/\/www.portginesta.com\/wp-content\/uploads\/2022\/10\/declaracion-ambiental-port-ginesta-octubre-22.pdf\"><i class=\"far fa-file-alt\"><\/i>Port Ginesta Erkl\u00e4rung zur Umweltvertr\u00e4glichkeit<\/a><\/li>\n<li><a href=\"http:\/\/www.portginesta.com\/wp-content\/uploads\/2022\/01\/Manual-de-bones-practiques-mediambientals.pdf\"><i class=\"far fa-file-alt\"><\/i> Handbuch f\u00fcr umweltschonende Verfahren<\/a><\/li>\n<li><a href=\"http:\/\/www.portginesta.com\/zufriedenheitsumfrage\/?lang=de\"><i class=\"far fa-file-alt\"><\/i>Fragebogen Kundenzufriedenheit\/Qualit\u00e4t zum Ausf\u00fcllen<\/a><\/li>\n<\/ul>\n<p>[\/et_pb_text][\/et_pb_column][\/et_pb_row][\/et_pb_section][et_pb_section fb_built=&#8220;1&#8243; _builder_version=&#8220;4.16&#8243; _module_preset=&#8220;default&#8220; background_image=&#8220;https:\/\/www.portginesta.com\/wp-content\/uploads\/2022\/01\/port-ginesta-fondo3.jpg&#8220; custom_padding=&#8220;30px||30px||true|false&#8220; global_colors_info=&#8220;{}&#8220;][et_pb_row _builder_version=&#8220;4.16&#8243; _module_preset=&#8220;default&#8220; global_colors_info=&#8220;{}&#8220;][et_pb_column type=&#8220;4_4&#8243; _builder_version=&#8220;4.16&#8243; _module_preset=&#8220;default&#8220; global_colors_info=&#8220;{}&#8220;][et_pb_image src=&#8220;https:\/\/www.portginesta.com\/wp-content\/uploads\/2022\/01\/Logos-port-ginesta-sur-multihull-3.png&#8220; title_text=&#8220;Logos-port-ginesta-sur-multihull-3&#8243; _builder_version=&#8220;4.16&#8243; _module_preset=&#8220;default&#8220; max_width=&#8220;800px&#8220; module_alignment=&#8220;center&#8220; global_colors_info=&#8220;{}&#8220;][\/et_pb_image][et_pb_button button_url=&#8220;\/tarifas-reservas\/&#8220; button_text=&#8220;RESERVIERUNGEN&#8220; button_alignment=&#8220;center&#8220; _builder_version=&#8220;4.16&#8243; _module_preset=&#8220;default&#8220; custom_button=&#8220;on&#8220; button_text_color=&#8220;#FFFFFF&#8220; button_bg_color=&#8220;#002554&#8243; button_border_width=&#8220;0px&#8220; button_border_radius=&#8220;0px&#8220; button_font=&#8220;Poppins|700|||||||&#8220; button_icon=&#8220;&#xf13d;||fa||900&#8243; button_icon_color=&#8220;#0089C0&#8243; button_on_hover=&#8220;off&#8220; custom_css_main_element=&#8220;width: 100%;&#8220; box_shadow_style=&#8220;preset3&#8243; global_colors_info=&#8220;{}&#8220;][\/et_pb_button][\/et_pb_column][\/et_pb_row][\/et_pb_section]<\/p>\n","protected":false},"excerpt":{"rendered":"<p>UMGEBUNGNATUR IN PRIVILEGIERTER UMGEBUNGPort Ginesta liegt am Fu\u00dfe des Naturparks Garraf, zu dem die Region Garraf und der s\u00fcdwestliche Bereich des sogenannten katalanischen K\u00fcstenbereichs geh\u00f6rt. Es grenzt an das unterere Tal des Flusses Llobregat, das Mittelmeer und den Pened\u00e8s. Es erstreckt sich auf einer Fl\u00e4che von 12.820 Hektar. Die Landschaft ist \u00fcberwiegend felsig und mondartig, [&hellip;]<\/p>\n","protected":false},"author":1,"featured_media":0,"parent":0,"menu_order":0,"comment_status":"closed","ping_status":"closed","template":"","meta":{"_acf_changed":false,"_et_pb_use_builder":"on","_et_pb_old_content":"","_et_gb_content_width":"","inline_featured_image":false,"footnotes":""},"class_list":["post-3900","page","type-page","status-publish","hentry"],"acf":[],"yoast_head":"<!-- This site is optimized with the Yoast SEO plugin v27.5 - https:\/\/yoast.com\/product\/yoast-seo-wordpress\/ -->\n<title>Umgebung - Port Ginesta<\/title>\n<meta name=\"robots\" content=\"index, follow, max-snippet:-1, max-image-preview:large, max-video-preview:-1\" \/>\n<link rel=\"canonical\" href=\"https:\/\/www.portginesta.com\/entorno\/\" \/>\n<meta property=\"og:locale\" content=\"de_DE\" \/>\n<meta property=\"og:type\" content=\"article\" \/>\n<meta property=\"og:title\" content=\"Umgebung - Port Ginesta\" \/>\n<meta property=\"og:description\" content=\"UMGEBUNGNATUR IN PRIVILEGIERTER UMGEBUNGPort Ginesta liegt am Fu\u00dfe des Naturparks Garraf, zu dem die Region Garraf und der s\u00fcdwestliche Bereich des sogenannten katalanischen K\u00fcstenbereichs geh\u00f6rt. Es grenzt an das unterere Tal des Flusses Llobregat, das Mittelmeer und den Pened\u00e8s. Es erstreckt sich auf einer Fl\u00e4che von 12.820 Hektar. Die Landschaft ist \u00fcberwiegend felsig und mondartig, [&hellip;]\" \/>\n<meta property=\"og:url\" content=\"https:\/\/www.portginesta.com\/entorno\/\" \/>\n<meta property=\"og:site_name\" content=\"Port Ginesta\" \/>\n<meta property=\"article:modified_time\" content=\"2024-01-23T15:18:46+00:00\" \/>\n<meta name=\"twitter:card\" content=\"summary_large_image\" \/>\n<meta name=\"twitter:label1\" content=\"Gesch\u00e4tzte Lesezeit\" \/>\n\t<meta name=\"twitter:data1\" content=\"4\u00a0Minuten\" \/>\n<script type=\"application\/ld+json\" class=\"yoast-schema-graph\">{\"@context\":\"https:\\\/\\\/schema.org\",\"@graph\":[{\"@type\":\"WebPage\",\"@id\":\"https:\\\/\\\/www.portginesta.com\\\/entorno\\\/\",\"url\":\"https:\\\/\\\/www.portginesta.com\\\/entorno\\\/\",\"name\":\"Umgebung - Port Ginesta\",\"isPartOf\":{\"@id\":\"https:\\\/\\\/www.portginesta.com\\\/#website\"},\"datePublished\":\"2022-06-15T12:24:41+00:00\",\"dateModified\":\"2024-01-23T15:18:46+00:00\",\"breadcrumb\":{\"@id\":\"https:\\\/\\\/www.portginesta.com\\\/entorno\\\/#breadcrumb\"},\"inLanguage\":\"de\",\"potentialAction\":[{\"@type\":\"ReadAction\",\"target\":[\"https:\\\/\\\/www.portginesta.com\\\/entorno\\\/\"]}]},{\"@type\":\"BreadcrumbList\",\"@id\":\"https:\\\/\\\/www.portginesta.com\\\/entorno\\\/#breadcrumb\",\"itemListElement\":[{\"@type\":\"ListItem\",\"position\":1,\"name\":\"Portada\",\"item\":\"https:\\\/\\\/www.portginesta.com\\\/\"},{\"@type\":\"ListItem\",\"position\":2,\"name\":\"Umgebung\"}]},{\"@type\":\"WebSite\",\"@id\":\"https:\\\/\\\/www.portginesta.com\\\/#website\",\"url\":\"https:\\\/\\\/www.portginesta.com\\\/\",\"name\":\"Port Ginesta\",\"description\":\"Otro sitio realizado con WordPress\",\"potentialAction\":[{\"@type\":\"SearchAction\",\"target\":{\"@type\":\"EntryPoint\",\"urlTemplate\":\"https:\\\/\\\/www.portginesta.com\\\/?s={search_term_string}\"},\"query-input\":{\"@type\":\"PropertyValueSpecification\",\"valueRequired\":true,\"valueName\":\"search_term_string\"}}],\"inLanguage\":\"de\"}]}<\/script>\n<!-- \/ Yoast SEO plugin. -->","yoast_head_json":{"title":"Umgebung - Port Ginesta","robots":{"index":"index","follow":"follow","max-snippet":"max-snippet:-1","max-image-preview":"max-image-preview:large","max-video-preview":"max-video-preview:-1"},"canonical":"https:\/\/www.portginesta.com\/entorno\/","og_locale":"de_DE","og_type":"article","og_title":"Umgebung - Port Ginesta","og_description":"UMGEBUNGNATUR IN PRIVILEGIERTER UMGEBUNGPort Ginesta liegt am Fu\u00dfe des Naturparks Garraf, zu dem die Region Garraf und der s\u00fcdwestliche Bereich des sogenannten katalanischen K\u00fcstenbereichs geh\u00f6rt. Es grenzt an das unterere Tal des Flusses Llobregat, das Mittelmeer und den Pened\u00e8s. Es erstreckt sich auf einer Fl\u00e4che von 12.820 Hektar. Die Landschaft ist \u00fcberwiegend felsig und mondartig, [&hellip;]","og_url":"https:\/\/www.portginesta.com\/entorno\/","og_site_name":"Port Ginesta","article_modified_time":"2024-01-23T15:18:46+00:00","twitter_card":"summary_large_image","twitter_misc":{"Gesch\u00e4tzte Lesezeit":"4\u00a0Minuten"},"schema":{"@context":"https:\/\/schema.org","@graph":[{"@type":"WebPage","@id":"https:\/\/www.portginesta.com\/entorno\/","url":"https:\/\/www.portginesta.com\/entorno\/","name":"Umgebung - Port Ginesta","isPartOf":{"@id":"https:\/\/www.portginesta.com\/#website"},"datePublished":"2022-06-15T12:24:41+00:00","dateModified":"2024-01-23T15:18:46+00:00","breadcrumb":{"@id":"https:\/\/www.portginesta.com\/entorno\/#breadcrumb"},"inLanguage":"de","potentialAction":[{"@type":"ReadAction","target":["https:\/\/www.portginesta.com\/entorno\/"]}]},{"@type":"BreadcrumbList","@id":"https:\/\/www.portginesta.com\/entorno\/#breadcrumb","itemListElement":[{"@type":"ListItem","position":1,"name":"Portada","item":"https:\/\/www.portginesta.com\/"},{"@type":"ListItem","position":2,"name":"Umgebung"}]},{"@type":"WebSite","@id":"https:\/\/www.portginesta.com\/#website","url":"https:\/\/www.portginesta.com\/","name":"Port Ginesta","description":"Otro sitio realizado con WordPress","potentialAction":[{"@type":"SearchAction","target":{"@type":"EntryPoint","urlTemplate":"https:\/\/www.portginesta.com\/?s={search_term_string}"},"query-input":{"@type":"PropertyValueSpecification","valueRequired":true,"valueName":"search_term_string"}}],"inLanguage":"de"}]}},"_links":{"self":[{"href":"https:\/\/www.portginesta.com\/de\/wp-json\/wp\/v2\/pages\/3900","targetHints":{"allow":["GET"]}}],"collection":[{"href":"https:\/\/www.portginesta.com\/de\/wp-json\/wp\/v2\/pages"}],"about":[{"href":"https:\/\/www.portginesta.com\/de\/wp-json\/wp\/v2\/types\/page"}],"author":[{"embeddable":true,"href":"https:\/\/www.portginesta.com\/de\/wp-json\/wp\/v2\/users\/1"}],"replies":[{"embeddable":true,"href":"https:\/\/www.portginesta.com\/de\/wp-json\/wp\/v2\/comments?post=3900"}],"version-history":[{"count":0,"href":"https:\/\/www.portginesta.com\/de\/wp-json\/wp\/v2\/pages\/3900\/revisions"}],"wp:attachment":[{"href":"https:\/\/www.portginesta.com\/de\/wp-json\/wp\/v2\/media?parent=3900"}],"curies":[{"name":"wp","href":"https:\/\/api.w.org\/{rel}","templated":true}]}}