{"id":6460,"date":"2022-11-21T08:31:37","date_gmt":"2022-11-21T08:31:37","guid":{"rendered":"https:\/\/www.portginesta.com\/presseraum\/"},"modified":"2024-07-10T11:36:26","modified_gmt":"2024-07-10T09:36:26","slug":"presseraum","status":"publish","type":"page","link":"https:\/\/www.portginesta.com\/de\/presseraum\/","title":{"rendered":"Presseraum"},"content":{"rendered":"<p>[et_pb_section fb_built=&#8220;1&#8243; _builder_version=&#8220;4.16&#8243; _module_preset=&#8220;default&#8220; custom_padding=&#8220;5px||0px||false|false&#8220; locked=&#8220;off&#8220; global_colors_info=&#8220;{}&#8220;][et_pb_row _builder_version=&#8220;4.16&#8243; _module_preset=&#8220;default&#8220; custom_padding=&#8220;60px|10px|27px|10px|false|true&#8220; global_colors_info=&#8220;{}&#8220;][et_pb_column type=&#8220;4_4&#8243; _builder_version=&#8220;4.16&#8243; _module_preset=&#8220;default&#8220; global_colors_info=&#8220;{}&#8220;][et_pb_text _builder_version=&#8220;4.16&#8243; _module_preset=&#8220;default&#8220; header_font=&#8220;Poppins|700||on|||||&#8220; header_text_color=&#8220;#002554&#8243; custom_margin=&#8220;||10px||false|false&#8220; global_colors_info=&#8220;{}&#8220;]<\/p>\n<h1>Presseraum<\/h1>\n<p>[\/et_pb_text][et_pb_divider color=&#8220;#FFD600&#8243; divider_weight=&#8220;5px&#8220; _builder_version=&#8220;4.16&#8243; _module_preset=&#8220;default&#8220; max_width=&#8220;50px&#8220; custom_margin=&#8220;0px||0px||true|false&#8220; custom_padding=&#8220;0px||0px||true|false&#8220; global_colors_info=&#8220;{}&#8220;][\/et_pb_divider][\/et_pb_column][\/et_pb_row][\/et_pb_section][et_pb_section fb_built=&#8220;1&#8243; _builder_version=&#8220;4.19.2&#8243; _module_preset=&#8220;default&#8220; background_image=&#8220;https:\/\/www.portginesta.com\/wp-content\/uploads\/2024\/01\/cabecera-prensa-port-ginesta-24.webp&#8220; min_height=&#8220;250px&#8220; locked=&#8220;off&#8220; global_colors_info=&#8220;{}&#8220;][et_pb_row _builder_version=&#8220;4.16&#8243; _module_preset=&#8220;default&#8220; global_colors_info=&#8220;{}&#8220;][et_pb_column type=&#8220;4_4&#8243; _builder_version=&#8220;4.16&#8243; _module_preset=&#8220;default&#8220; global_colors_info=&#8220;{}&#8220;][\/et_pb_column][\/et_pb_row][\/et_pb_section][et_pb_section fb_built=&#8220;1&#8243; disabled_on=&#8220;off|off|off&#8220; module_id=&#8220;sala-prensa&#8220; module_class=&#8220;seccion-documentos section-conmutador&#8220; _builder_version=&#8220;4.16&#8243; _module_preset=&#8220;default&#8220; custom_margin=&#8220;0px||0px||true|false&#8220; custom_padding=&#8220;60px||39px||false|false&#8220; background_last_edited=&#8220;on|tablet&#8220; background_enable_color_tablet=&#8220;off&#8220; locked=&#8220;off&#8220; global_colors_info=&#8220;{}&#8220;][et_pb_row column_structure=&#8220;2_3,1_3&#8243; _builder_version=&#8220;4.16&#8243; _module_preset=&#8220;default&#8220; custom_margin=&#8220;-31px|auto||auto|false|false&#8220; custom_padding=&#8220;20px|10px||10px|false|true&#8220; global_colors_info=&#8220;{}&#8220;][et_pb_column type=&#8220;2_3&#8243; _builder_version=&#8220;4.16&#8243; _module_preset=&#8220;default&#8220; global_colors_info=&#8220;{}&#8220;][et_pb_toggle title=&#8220;Pressemappe&#8220; open=&#8220;on&#8220; open_toggle_text_color=&#8220;#FFFFFF&#8220; open_toggle_background_color=&#8220;#FFFFFF&#8220; closed_toggle_background_color=&#8220;#FFFFFF&#8220; icon_color=&#8220;#FFD600&#8243; toggle_icon=&#8220;&#x33;||divi||400&#8243; use_icon_font_size=&#8220;on&#8220; icon_font_size=&#8220;30px&#8220; open_icon_color=&#8220;#FFD600&#8243; open_toggle_icon=&#8220;&#x32;||divi||400&#8243; open_use_icon_font_size=&#8220;on&#8220; open_icon_font_size=&#8220;30px&#8220; admin_label=&#8220;Otros servicios&#8220; module_id=&#8220;baresmusicales&#8220; _builder_version=&#8220;4.16&#8243; _module_preset=&#8220;default&#8220; title_text_color=&#8220;#FFFFFF&#8220; title_font=&#8220;Poppins|700|||||||&#8220; body_font=&#8220;Poppins||||||||&#8220; body_text_color=&#8220;#002554&#8243; body_font_size=&#8220;16px&#8220; body_link_font=&#8220;||||||||&#8220; body_link_text_color=&#8220;#002554&#8243; background_enable_color=&#8220;off&#8220; custom_margin=&#8220;||0px||false|false&#8220; custom_padding=&#8220;0px|0px|0px|0px|true|true&#8220; link_option_url=&#8220;https:\/\/www.portginesta.com\/servicios-generales\/&#8220; border_width_all=&#8220;0px&#8220; border_width_bottom=&#8220;1px&#8220; border_color_bottom=&#8220;#FFFFFF&#8220; locked=&#8220;off&#8220; global_colors_info=&#8220;{}&#8220;]<\/p>\n<table style=\"border-collapse: collapse; width: 100%;\" border=\"0\">\n<tbody>\n<tr>\n<td style=\"width: 50%;\">\n<ul class=\"lista-docs-desc\">\n<li><a href=\"https:\/\/www.portginesta.com\/wp-content\/uploads\/2022\/10\/Port-Ginesta_Dossier_Abril-22_SP.pdf\" target=\"_blank\" rel=\"noopener\"><i class=\"far fa-file-pdf\"><\/i> Pressemappe 22. April [ES]<\/a><\/li>\n<\/ul>\n<\/td>\n<td style=\"width: 50%;\">\n<ul class=\"lista-docs-desc\">\n<li><a href=\"https:\/\/www.portginesta.com\/wp-content\/uploads\/2022\/10\/Port-Ginesta_Dossier_Abril-22_EN.pdf\" target=\"_blank\" rel=\"noopener\"><i class=\"far fa-file-pdf\"><\/i> Pressemappe 22. April [EN]<\/a><\/li>\n<\/ul>\n<\/td>\n<\/tr>\n<\/tbody>\n<\/table>\n<p>[\/et_pb_toggle][et_pb_toggle title=&#8220;Grafische Ressourcen&#8220; open=&#8220;on&#8220; open_toggle_text_color=&#8220;#FFFFFF&#8220; open_toggle_background_color=&#8220;#FFFFFF&#8220; closed_toggle_background_color=&#8220;#FFFFFF&#8220; icon_color=&#8220;#FFD600&#8243; toggle_icon=&#8220;&#x33;||divi||400&#8243; use_icon_font_size=&#8220;on&#8220; icon_font_size=&#8220;30px&#8220; open_icon_color=&#8220;#FFD600&#8243; open_toggle_icon=&#8220;&#x32;||divi||400&#8243; open_use_icon_font_size=&#8220;on&#8220; open_icon_font_size=&#8220;30px&#8220; admin_label=&#8220;Otros servicios&#8220; module_id=&#8220;baresmusicales&#8220; _builder_version=&#8220;4.19.0&#8243; _module_preset=&#8220;default&#8220; title_text_color=&#8220;#FFFFFF&#8220; title_font=&#8220;Poppins|700|||||||&#8220; body_font=&#8220;Poppins||||||||&#8220; body_text_color=&#8220;#002554&#8243; body_font_size=&#8220;16px&#8220; body_link_font=&#8220;||||||||&#8220; body_link_text_color=&#8220;#002554&#8243; background_enable_color=&#8220;off&#8220; custom_margin=&#8220;||0px||false|false&#8220; custom_padding=&#8220;0px|0px|0px|0px|true|true&#8220; link_option_url=&#8220;https:\/\/www.portginesta.com\/servicios-generales\/&#8220; border_width_all=&#8220;0px&#8220; border_width_bottom=&#8220;1px&#8220; border_color_bottom=&#8220;#FFFFFF&#8220; locked=&#8220;off&#8220; global_colors_info=&#8220;{}&#8220;]<\/p>\n<table style=\"border-collapse: collapse; width: 100%;\" border=\"0\">\n<tbody>\n<tr>\n<td style=\"width: 50%;\">\n<ul class=\"lista-docs-desc\">\n<li><a href=\"https:\/\/www.portginesta.com\/wp-content\/uploads\/2022\/10\/identidad-gra\u0301fica-port-ginesta-logotipo.pdf\" target=\"_blank\" rel=\"noopener\"><i class=\"far fa-file-pdf\"><\/i> Logo<\/a><\/li>\n<\/ul>\n<\/td>\n<td style=\"width: 50%;\">\n<ul class=\"lista-docs-desc\">\n<li><a href=\"https:\/\/www.portginesta.com\/wp-content\/uploads\/2022\/11\/seleccion-imagenes-port-ginesta.rar\" target=\"_blank\" rel=\"noopener\"><i class=\"far fa-file-alt\"><\/i> Bildauswahl<\/a><\/li>\n<\/ul>\n<\/td>\n<\/tr>\n<\/tbody>\n<\/table>\n<p>[\/et_pb_toggle][et_pb_toggle title=&#8220;Pressemeldungen&#8220; open=&#8220;on&#8220; open_toggle_text_color=&#8220;#FFFFFF&#8220; open_toggle_background_color=&#8220;#FFFFFF&#8220; closed_toggle_background_color=&#8220;#FFFFFF&#8220; icon_color=&#8220;#FFD600&#8243; toggle_icon=&#8220;&#x33;||divi||400&#8243; use_icon_font_size=&#8220;on&#8220; icon_font_size=&#8220;30px&#8220; open_icon_color=&#8220;#FFD600&#8243; open_toggle_icon=&#8220;&#x32;||divi||400&#8243; open_use_icon_font_size=&#8220;on&#8220; open_icon_font_size=&#8220;30px&#8220; admin_label=&#8220;Otros servicios&#8220; module_id=&#8220;baresmusicales&#8220; _builder_version=&#8220;4.19.0&#8243; _module_preset=&#8220;default&#8220; title_text_color=&#8220;#FFFFFF&#8220; title_font=&#8220;Poppins|700|||||||&#8220; body_font=&#8220;Poppins||||||||&#8220; body_text_color=&#8220;#002554&#8243; body_font_size=&#8220;16px&#8220; body_link_font=&#8220;||||||||&#8220; body_link_text_color=&#8220;#002554&#8243; background_enable_color=&#8220;off&#8220; custom_margin=&#8220;||0px||false|false&#8220; custom_padding=&#8220;0px|0px|0px|0px|true|true&#8220; link_option_url=&#8220;https:\/\/www.portginesta.com\/servicios-generales\/&#8220; border_width_all=&#8220;0px&#8220; border_width_bottom=&#8220;1px&#8220; border_color_bottom=&#8220;#FFFFFF&#8220; locked=&#8220;off&#8220; global_colors_info=&#8220;{}&#8220;]<\/p>\n<table style=\"border-collapse: collapse; width: 100%;\" border=\"0\">\n<tbody>\n<tr>\n<td style=\"width: 50%;\">\n<ul class=\"lista-docs-desc\">\n<li><a href=\"https:\/\/www.portginesta.com\/wp-content\/uploads\/2022\/10\/202207XX_Ndp_Oferta-gastrono\u0301mica.docx\" target=\"_blank\" rel=\"noopener\"><i class=\"far fa-file-alt\"><\/i> NDP | Gastronomisches Angebot [ES]<\/a><\/li>\n<\/ul>\n<\/td>\n<td style=\"width: 50%;\">\n<ul class=\"lista-docs-desc\">\n<li><a href=\"https:\/\/www.portginesta.com\/wp-content\/uploads\/2022\/10\/20220127-Ndp_Port-Ginesta-invertira\u0301-10-millones-.docx\" target=\"_blank\" rel=\"noopener\"><i class=\"far fa-file-alt\"><\/i> NDP | Port Ginesta wird 10 Millionen Euro investieren, um seine Wettbewerbsf\u00e4higkeit zu verbessern und zur Agenda 2030 beizutragen [ES]<\/a><\/li>\n<\/ul>\n<\/td>\n<\/tr>\n<tr>\n<td style=\"width: 50%;\">\n<ul class=\"lista-docs-desc\">\n<li><i class=\"far fa-file-alt\"><\/i> <a href=\"https:\/\/www.portginesta.com\/wp-content\/uploads\/2022\/10\/20220628_NDP-Cargadores-coches-ele\u0301ctricos.docx\" target=\"_blank\" rel=\"noopener\">NDP | Port Ginesta integriert in seinen Einrichtungen Endesa X-Ladeger\u00e4te f\u00fcr Autos [ES]<\/a><\/li>\n<\/ul>\n<\/td>\n<td style=\"width: 50%;\">\n<ul class=\"lista-docs-desc\">\n<li><i class=\"far fa-file-alt\"><\/i><a href=\"https:\/\/www.portginesta.com\/wp-content\/uploads\/2022\/10\/20220628_CAT_NDP-Carregadors-cotxes-ele\u0300ctrics.docx\" target=\"_blank\" rel=\"noopener\">NDP | Port Ginesta integriert Ladeger\u00e4te von Endesa X f\u00fcr Elektroautos in die sechs Installationen [CA]<\/a><\/li>\n<\/ul>\n<\/td>\n<\/tr>\n<tr>\n<td style=\"width: 50%;\">\n<ul class=\"lista-docs-desc\">\n<li><i class=\"far fa-file-alt\"><\/i><a href=\"https:\/\/www.portginesta.com\/wp-content\/uploads\/2022\/10\/20220708_NDP-Gimnasio-Crossfit.docx\" target=\"_blank\" rel=\"noopener\">NDP | Port Ginesta erweitert sein Angebot um ein neues, auf CrossFit spezialisiertes Fitnessstudio [ES]<\/a><\/li>\n<\/ul>\n<\/td>\n<td style=\"width: 50%;\">\n<ul class=\"lista-docs-desc\">\n<li><i class=\"far fa-file-alt\"><\/i><a href=\"https:\/\/www.portginesta.com\/wp-content\/uploads\/2022\/10\/NdP_Port-Ginesta-eleva-su-apuesta-por-los-catamaranes.docx\" target=\"_blank\" rel=\"noopener\">NDP | Port Ginesta erh\u00f6ht sein Engagement f\u00fcr Katamarane [ES]<\/a><\/li>\n<\/ul>\n<\/td>\n<\/tr>\n<tr>\n<td style=\"width: 50%;\">\n<ul class=\"lista-docs-desc\">\n<li><i class=\"far fa-file-alt\"><\/i><a href=\"https:\/\/www.portginesta.com\/wp-content\/uploads\/2022\/10\/NdP_El-puerto-deportivo-ma\u0301s-grande-de-Espan\u0303a-se-consolida-como-referencia-en-el-sector-de-los-catamaranes.docx\" target=\"_blank\" rel=\"noopener\">NDP | Der gr\u00f6\u00dfte Yachthafen Spaniens gilt als Referenz im Katamaransektor [ES]<\/a><\/li>\n<\/ul>\n<\/td>\n<td style=\"width: 50%;\">\n<ul class=\"lista-docs-desc\">\n<li><i class=\"far fa-file-alt\"><\/i><a href=\"https:\/\/www.portginesta.com\/wp-content\/uploads\/2022\/10\/TMS-Maritime-Solutions-y-Squalo-Marine-eligen-Port-Ginesta-para-abrir-sus-locales-comerciales.docx\" target=\"_blank\" rel=\"noopener\">NDP | TMS Maritime Solutions und Squalo Marine w\u00e4hlen Port Ginesta, um ihre Gesch\u00e4ftsr\u00e4ume zu er\u00f6ffnen [ES]<\/a><\/li>\n<\/ul>\n<\/td>\n<\/tr>\n<\/tbody>\n<\/table>\n<p>[\/et_pb_toggle][\/et_pb_column][et_pb_column type=&#8220;1_3&#8243; _builder_version=&#8220;4.16&#8243; _module_preset=&#8220;default&#8220; global_colors_info=&#8220;{}&#8220;][et_pb_text _builder_version=&#8220;4.16&#8243; _module_preset=&#8220;default&#8220; header_3_font=&#8220;Poppins|700||on|||||&#8220; header_3_text_align=&#8220;center&#8220; header_3_text_color=&#8220;gcid-4e4a40ea-51a8-4d76-a1cd-a30de897f217&#8243; custom_margin=&#8220;||15px||false|false&#8220; locked=&#8220;off&#8220; global_colors_info=&#8220;{%22gcid-4e4a40ea-51a8-4d76-a1cd-a30de897f217%22:%91%22header_3_text_color%22%93}&#8220;]<\/p>\n<h3>Pressekontakt<\/h3>\n<p>[\/et_pb_text][et_pb_text _builder_version=&#8220;4.16&#8243; _module_preset=&#8220;default&#8220; text_orientation=&#8220;center&#8220; global_colors_info=&#8220;{}&#8220;]<\/p>\n<p>F\u00fcr weitere Informationen wenden Sie sich bitte an unsere Presseabteilung:<\/p>\n<p>[\/et_pb_text][et_pb_text _builder_version=&#8220;4.25.1&#8243; _module_preset=&#8220;default&#8220; text_font=&#8220;Poppins|600|||||||&#8220; background_color=&#8220;#FFD600&#8243; text_orientation=&#8220;center&#8220; custom_margin=&#8220;||0px||false|false&#8220; custom_padding=&#8220;1em|1em|1em|1em|true|true&#8220; hover_enabled=&#8220;0&#8243; global_colors_info=&#8220;{}&#8220; sticky_enabled=&#8220;0&#8243;]<\/p>\n<p>WeLoveWebs<\/p>\n<p>[\/et_pb_text][et_pb_text _builder_version=&#8220;4.25.1&#8243; _module_preset=&#8220;default&#8220; text_text_color=&#8220;#FFFFFF&#8220; background_color=&#8220;#002554&#8243; text_orientation=&#8220;center&#8220; custom_margin=&#8220;||0px||false|false&#8220; custom_padding=&#8220;1em|1em|1em|1em|true|true&#8220; hover_enabled=&#8220;0&#8243; border_width_bottom=&#8220;1px&#8220; border_color_bottom=&#8220;#FFFFFF&#8220; global_colors_info=&#8220;{}&#8220; sticky_enabled=&#8220;0&#8243;]<\/p>\n<p>Oriol Coma<\/p>\n<p>[\/et_pb_text][et_pb_text _builder_version=&#8220;4.25.1&#8243; _module_preset=&#8220;default&#8220; text_text_color=&#8220;#FFFFFF&#8220; link_text_color=&#8220;#FFFFFF&#8220; background_color=&#8220;#002554&#8243; text_orientation=&#8220;center&#8220; custom_margin=&#8220;||0px||false|false&#8220; custom_padding=&#8220;1em|1em|1em|1em|true|true&#8220; hover_enabled=&#8220;0&#8243; border_width_bottom=&#8220;1px&#8220; border_color_bottom=&#8220;#FFFFFF&#8220; global_colors_info=&#8220;{}&#8220; sticky_enabled=&#8220;0&#8243;]<\/p>\n<p><a href=\"mailto:oriol@welovewebs.com\">oriol@welovewebs.com<\/a><\/p>\n<p>[\/et_pb_text][et_pb_text _builder_version=&#8220;4.25.1&#8243; _module_preset=&#8220;default&#8220; text_text_color=&#8220;#FFFFFF&#8220; link_text_color=&#8220;#FFFFFF&#8220; background_color=&#8220;#002554&#8243; text_orientation=&#8220;center&#8220; custom_margin=&#8220;||0px||false|false&#8220; custom_padding=&#8220;1em|1em|1em|1em|true|true&#8220; hover_enabled=&#8220;0&#8243; border_width_bottom=&#8220;1px&#8220; border_color_bottom=&#8220;#FFFFFF&#8220; global_colors_info=&#8220;{}&#8220; sticky_enabled=&#8220;0&#8243;]<\/p>\n<p><a href=\"tel:+34660551333\">660 551 333<\/a> | <a href=\"tel:+34931781291\">931 78 12 91<\/a><\/p>\n<p>[\/et_pb_text][\/et_pb_column][\/et_pb_row][\/et_pb_section]<\/p>\n","protected":false},"excerpt":{"rendered":"<p>Presseraum Pressemappe 22. April [ES] Pressemappe 22. April [EN] Logo Bildauswahl NDP | Gastronomisches Angebot [ES] NDP | Port Ginesta wird 10 Millionen Euro investieren, um seine Wettbewerbsf\u00e4higkeit zu verbessern und zur Agenda 2030 beizutragen [ES] NDP | Port Ginesta integriert in seinen Einrichtungen Endesa X-Ladeger\u00e4te f\u00fcr Autos [ES] NDP | Port Ginesta integriert Ladeger\u00e4te [&hellip;]<\/p>\n","protected":false},"author":1,"featured_media":0,"parent":0,"menu_order":0,"comment_status":"closed","ping_status":"closed","template":"","meta":{"_et_pb_use_builder":"on","_et_pb_old_content":"","_et_gb_content_width":"","inline_featured_image":false,"footnotes":""},"class_list":["post-6460","page","type-page","status-publish","hentry"],"yoast_head":"<!-- This site is optimized with the Yoast SEO plugin v27.5 - https:\/\/yoast.com\/product\/yoast-seo-wordpress\/ -->\n<title>Presseraum - Port Ginesta<\/title>\n<meta name=\"robots\" content=\"index, follow, max-snippet:-1, max-image-preview:large, max-video-preview:-1\" \/>\n<link rel=\"canonical\" href=\"https:\/\/www.portginesta.com\/sala-de-prensa\/\" \/>\n<meta property=\"og:locale\" content=\"de_DE\" \/>\n<meta property=\"og:type\" content=\"article\" \/>\n<meta property=\"og:title\" content=\"Presseraum - Port Ginesta\" \/>\n<meta property=\"og:description\" content=\"Presseraum Pressemappe 22. April [ES] Pressemappe 22. April [EN] Logo Bildauswahl NDP | Gastronomisches Angebot [ES] NDP | Port Ginesta wird 10 Millionen Euro investieren, um seine Wettbewerbsf\u00e4higkeit zu verbessern und zur Agenda 2030 beizutragen [ES] NDP | Port Ginesta integriert in seinen Einrichtungen Endesa X-Ladeger\u00e4te f\u00fcr Autos [ES] NDP | Port Ginesta integriert Ladeger\u00e4te [&hellip;]\" \/>\n<meta property=\"og:url\" content=\"https:\/\/www.portginesta.com\/sala-de-prensa\/\" \/>\n<meta property=\"og:site_name\" content=\"Port Ginesta\" \/>\n<meta property=\"article:modified_time\" content=\"2024-07-10T09:36:26+00:00\" \/>\n<meta name=\"twitter:card\" content=\"summary_large_image\" \/>\n<meta name=\"twitter:label1\" content=\"Gesch\u00e4tzte Lesezeit\" \/>\n\t<meta name=\"twitter:data1\" content=\"6\u00a0Minuten\" \/>\n<script type=\"application\/ld+json\" class=\"yoast-schema-graph\">{\"@context\":\"https:\\\/\\\/schema.org\",\"@graph\":[{\"@type\":\"WebPage\",\"@id\":\"https:\\\/\\\/www.portginesta.com\\\/sala-de-prensa\\\/\",\"url\":\"https:\\\/\\\/www.portginesta.com\\\/sala-de-prensa\\\/\",\"name\":\"Presseraum - Port Ginesta\",\"isPartOf\":{\"@id\":\"https:\\\/\\\/www.portginesta.com\\\/#website\"},\"datePublished\":\"2022-11-21T08:31:37+00:00\",\"dateModified\":\"2024-07-10T09:36:26+00:00\",\"breadcrumb\":{\"@id\":\"https:\\\/\\\/www.portginesta.com\\\/sala-de-prensa\\\/#breadcrumb\"},\"inLanguage\":\"de\",\"potentialAction\":[{\"@type\":\"ReadAction\",\"target\":[\"https:\\\/\\\/www.portginesta.com\\\/sala-de-prensa\\\/\"]}]},{\"@type\":\"BreadcrumbList\",\"@id\":\"https:\\\/\\\/www.portginesta.com\\\/sala-de-prensa\\\/#breadcrumb\",\"itemListElement\":[{\"@type\":\"ListItem\",\"position\":1,\"name\":\"Portada\",\"item\":\"https:\\\/\\\/www.portginesta.com\\\/\"},{\"@type\":\"ListItem\",\"position\":2,\"name\":\"Presseraum\"}]},{\"@type\":\"WebSite\",\"@id\":\"https:\\\/\\\/www.portginesta.com\\\/#website\",\"url\":\"https:\\\/\\\/www.portginesta.com\\\/\",\"name\":\"Port Ginesta\",\"description\":\"Otro sitio realizado con WordPress\",\"potentialAction\":[{\"@type\":\"SearchAction\",\"target\":{\"@type\":\"EntryPoint\",\"urlTemplate\":\"https:\\\/\\\/www.portginesta.com\\\/?s={search_term_string}\"},\"query-input\":{\"@type\":\"PropertyValueSpecification\",\"valueRequired\":true,\"valueName\":\"search_term_string\"}}],\"inLanguage\":\"de\"}]}<\/script>\n<!-- \/ Yoast SEO plugin. -->","yoast_head_json":{"title":"Presseraum - Port Ginesta","robots":{"index":"index","follow":"follow","max-snippet":"max-snippet:-1","max-image-preview":"max-image-preview:large","max-video-preview":"max-video-preview:-1"},"canonical":"https:\/\/www.portginesta.com\/sala-de-prensa\/","og_locale":"de_DE","og_type":"article","og_title":"Presseraum - Port Ginesta","og_description":"Presseraum Pressemappe 22. April [ES] Pressemappe 22. April [EN] Logo Bildauswahl NDP | Gastronomisches Angebot [ES] NDP | Port Ginesta wird 10 Millionen Euro investieren, um seine Wettbewerbsf\u00e4higkeit zu verbessern und zur Agenda 2030 beizutragen [ES] NDP | Port Ginesta integriert in seinen Einrichtungen Endesa X-Ladeger\u00e4te f\u00fcr Autos [ES] NDP | Port Ginesta integriert Ladeger\u00e4te [&hellip;]","og_url":"https:\/\/www.portginesta.com\/sala-de-prensa\/","og_site_name":"Port Ginesta","article_modified_time":"2024-07-10T09:36:26+00:00","twitter_card":"summary_large_image","twitter_misc":{"Gesch\u00e4tzte Lesezeit":"6\u00a0Minuten"},"schema":{"@context":"https:\/\/schema.org","@graph":[{"@type":"WebPage","@id":"https:\/\/www.portginesta.com\/sala-de-prensa\/","url":"https:\/\/www.portginesta.com\/sala-de-prensa\/","name":"Presseraum - Port Ginesta","isPartOf":{"@id":"https:\/\/www.portginesta.com\/#website"},"datePublished":"2022-11-21T08:31:37+00:00","dateModified":"2024-07-10T09:36:26+00:00","breadcrumb":{"@id":"https:\/\/www.portginesta.com\/sala-de-prensa\/#breadcrumb"},"inLanguage":"de","potentialAction":[{"@type":"ReadAction","target":["https:\/\/www.portginesta.com\/sala-de-prensa\/"]}]},{"@type":"BreadcrumbList","@id":"https:\/\/www.portginesta.com\/sala-de-prensa\/#breadcrumb","itemListElement":[{"@type":"ListItem","position":1,"name":"Portada","item":"https:\/\/www.portginesta.com\/"},{"@type":"ListItem","position":2,"name":"Presseraum"}]},{"@type":"WebSite","@id":"https:\/\/www.portginesta.com\/#website","url":"https:\/\/www.portginesta.com\/","name":"Port Ginesta","description":"Otro sitio realizado con WordPress","potentialAction":[{"@type":"SearchAction","target":{"@type":"EntryPoint","urlTemplate":"https:\/\/www.portginesta.com\/?s={search_term_string}"},"query-input":{"@type":"PropertyValueSpecification","valueRequired":true,"valueName":"search_term_string"}}],"inLanguage":"de"}]}},"_links":{"self":[{"href":"https:\/\/www.portginesta.com\/de\/wp-json\/wp\/v2\/pages\/6460","targetHints":{"allow":["GET"]}}],"collection":[{"href":"https:\/\/www.portginesta.com\/de\/wp-json\/wp\/v2\/pages"}],"about":[{"href":"https:\/\/www.portginesta.com\/de\/wp-json\/wp\/v2\/types\/page"}],"author":[{"embeddable":true,"href":"https:\/\/www.portginesta.com\/de\/wp-json\/wp\/v2\/users\/1"}],"replies":[{"embeddable":true,"href":"https:\/\/www.portginesta.com\/de\/wp-json\/wp\/v2\/comments?post=6460"}],"version-history":[{"count":3,"href":"https:\/\/www.portginesta.com\/de\/wp-json\/wp\/v2\/pages\/6460\/revisions"}],"predecessor-version":[{"id":8914,"href":"https:\/\/www.portginesta.com\/de\/wp-json\/wp\/v2\/pages\/6460\/revisions\/8914"}],"wp:attachment":[{"href":"https:\/\/www.portginesta.com\/de\/wp-json\/wp\/v2\/media?parent=6460"}],"curies":[{"name":"wp","href":"https:\/\/api.w.org\/{rel}","templated":true}]}}