{"id":3441,"date":"2022-05-18T09:16:54","date_gmt":"2022-05-18T09:16:54","guid":{"rendered":"http:\/\/www.portginesta.com\/webcam\/"},"modified":"2022-06-22T07:50:48","modified_gmt":"2022-06-22T07:50:48","slug":"webcam","status":"publish","type":"page","link":"https:\/\/www.portginesta.com\/fr\/webcam\/","title":{"rendered":"Webcam"},"content":{"rendered":"<p>[et_pb_section fb_built=\u00a0\u00bb1&Prime; _builder_version=\u00a0\u00bb4.14.2&Prime; _module_preset=\u00a0\u00bbdefault\u00a0\u00bb custom_padding=\u00a0\u00bb5px||0px||false|false\u00a0\u00bb global_colors_info=\u00a0\u00bb{}\u00a0\u00bb][et_pb_row _builder_version=\u00a0\u00bb4.14.2&Prime; _module_preset=\u00a0\u00bbdefault\u00a0\u00bb custom_padding=\u00a0\u00bb60px|10px|27px|10px|false|true\u00a0\u00bb global_colors_info=\u00a0\u00bb{}\u00a0\u00bb][et_pb_column type=\u00a0\u00bb4_4&Prime; _builder_version=\u00a0\u00bb4.14.2&Prime; _module_preset=\u00a0\u00bbdefault\u00a0\u00bb global_colors_info=\u00a0\u00bb{}\u00a0\u00bb][et_pb_text _builder_version=\u00a0\u00bb4.14.2&Prime; _module_preset=\u00a0\u00bbdefault\u00a0\u00bb header_font=\u00a0\u00bbPoppins|700||on|||||\u00a0\u00bb header_text_color=\u00a0\u00bb#002554&Prime; custom_margin=\u00a0\u00bb||10px||false|false\u00a0\u00bb global_colors_info=\u00a0\u00bb{}\u00a0\u00bb]<\/p>\n<h1>Webcam<\/h1>\n<p>[\/et_pb_text][et_pb_divider color=\u00a0\u00bb#FFD600&Prime; divider_weight=\u00a0\u00bb5px\u00a0\u00bb _builder_version=\u00a0\u00bb4.14.2&Prime; _module_preset=\u00a0\u00bbdefault\u00a0\u00bb max_width=\u00a0\u00bb50px\u00a0\u00bb custom_margin=\u00a0\u00bb0px||0px||true|false\u00a0\u00bb custom_padding=\u00a0\u00bb0px||0px||true|false\u00a0\u00bb global_colors_info=\u00a0\u00bb{}\u00a0\u00bb][\/et_pb_divider][\/et_pb_column][\/et_pb_row][\/et_pb_section][et_pb_section fb_built=\u00a0\u00bb1&Prime; _builder_version=\u00a0\u00bb4.14.2&Prime; _module_preset=\u00a0\u00bbdefault\u00a0\u00bb background_image=\u00a0\u00bbhttps:\/\/www.portginesta.com\/wp-content\/uploads\/2022\/01\/fondo-entorno.jpg\u00a0\u00bb background_position=\u00a0\u00bbcenter_left\u00a0\u00bb min_height=\u00a0\u00bb250px\u00a0\u00bb global_colors_info=\u00a0\u00bb{}\u00a0\u00bb][et_pb_row column_structure=\u00a0\u00bb3_4,1_4&Prime; _builder_version=\u00a0\u00bb4.14.2&Prime; _module_preset=\u00a0\u00bbdefault\u00a0\u00bb global_colors_info=\u00a0\u00bb{}\u00a0\u00bb][et_pb_column type=\u00a0\u00bb3_4&Prime; _builder_version=\u00a0\u00bb4.14.2&Prime; _module_preset=\u00a0\u00bbdefault\u00a0\u00bb global_colors_info=\u00a0\u00bb{}\u00a0\u00bb][\/et_pb_column][et_pb_column type=\u00a0\u00bb1_4&Prime; _builder_version=\u00a0\u00bb4.14.2&Prime; _module_preset=\u00a0\u00bbdefault\u00a0\u00bb global_colors_info=\u00a0\u00bb{}\u00a0\u00bb][\/et_pb_column][\/et_pb_row][\/et_pb_section][et_pb_section fb_built=\u00a0\u00bb1&Prime; disabled_on=\u00a0\u00bboff|off|off\u00a0\u00bb module_class=\u00a0\u00bbseccion-documentos\u00a0\u00bb _builder_version=\u00a0\u00bb4.14.2&Prime; _module_preset=\u00a0\u00bbdefault\u00a0\u00bb custom_margin=\u00a0\u00bb0px||0px||true|false\u00a0\u00bb custom_padding=\u00a0\u00bb60px||39px||false|false\u00a0\u00bb background_last_edited=\u00a0\u00bbon|tablet\u00a0\u00bb background_enable_color_tablet=\u00a0\u00bboff\u00a0\u00bb locked=\u00a0\u00bboff\u00a0\u00bb global_colors_info=\u00a0\u00bb{}\u00a0\u00bb][et_pb_row disabled_on=\u00a0\u00bboff|off|off\u00a0\u00bb _builder_version=\u00a0\u00bb4.14.2&Prime; _module_preset=\u00a0\u00bbdefault\u00a0\u00bb module_alignment=\u00a0\u00bbcenter\u00a0\u00bb global_colors_info=\u00a0\u00bb{}\u00a0\u00bb][et_pb_column type=\u00a0\u00bb4_4&Prime; _builder_version=\u00a0\u00bb4.14.2&Prime; _module_preset=\u00a0\u00bbdefault\u00a0\u00bb global_colors_info=\u00a0\u00bb{}\u00a0\u00bb][et_pb_code _builder_version=\u00a0\u00bb4.14.2&Prime; _module_preset=\u00a0\u00bbdefault\u00a0\u00bb custom_css_main_element=\u00a0\u00bbmargin:auto;||text-align:center;\u00a0\u00bb global_colors_info=\u00a0\u00bb{}\u00a0\u00bb]<iframe loading=\"lazy\" src=\"https:\/\/v.angelcam.com\/iframe?v=6xblmkbkr2&#038;token=eyJ0eXAiOiJKV1QiLCJhbGciOiJIUzI1NiJ9.eyJkb21haW4iOiJpbmZvcmNlbHJhLmNvbSIsImNhbWVyYV9pZCI6MzExMCwiZXhwIjoxNjUyNDQ3MzQ2fQ.BAVVCy_0H3AW32eppqWfjvOykhur-WNJ64jv_yNzx6c\" width=\"890px\" height=\"500px\" frameborder=\"0\" allowfullscreen=\"allowfullscreen\"><\/iframe>[\/et_pb_code][\/et_pb_column][\/et_pb_row][\/et_pb_section][et_pb_section fb_built=\u00a0\u00bb1&Prime; _builder_version=\u00a0\u00bb4.14.2&Prime; _module_preset=\u00a0\u00bbdefault\u00a0\u00bb background_image=\u00a0\u00bbhttps:\/\/www.portginesta.com\/wp-content\/uploads\/2022\/01\/port-ginesta-fondo3.jpg\u00a0\u00bb custom_padding=\u00a0\u00bb30px||30px||true|false\u00a0\u00bb global_colors_info=\u00a0\u00bb{}\u00a0\u00bb][et_pb_row _builder_version=\u00a0\u00bb4.14.2&Prime; _module_preset=\u00a0\u00bbdefault\u00a0\u00bb global_colors_info=\u00a0\u00bb{}\u00a0\u00bb][et_pb_column type=\u00a0\u00bb4_4&Prime; _builder_version=\u00a0\u00bb4.14.2&Prime; _module_preset=\u00a0\u00bbdefault\u00a0\u00bb global_colors_info=\u00a0\u00bb{}\u00a0\u00bb][et_pb_image src=\u00a0\u00bbhttps:\/\/www.portginesta.com\/wp-content\/uploads\/2022\/01\/Logos-port-ginesta-sur-multihull-3.png\u00a0\u00bb title_text=\u00a0\u00bbLogos-port-ginesta-sur-multihull-3&Prime; _builder_version=\u00a0\u00bb4.14.2&Prime; _module_preset=\u00a0\u00bbdefault\u00a0\u00bb max_width=\u00a0\u00bb800px\u00a0\u00bb module_alignment=\u00a0\u00bbcenter\u00a0\u00bb global_colors_info=\u00a0\u00bb{}\u00a0\u00bb][\/et_pb_image][et_pb_button button_url=\u00a0\u00bb\/fr\/tarifs-et-reservations\/\u00a0\u00bb button_text=\u00a0\u00bbR\u00c9SERVATIONS\u00a0\u00bb button_alignment=\u00a0\u00bbcenter\u00a0\u00bb _builder_version=\u00a0\u00bb4.14.2&Prime; _module_preset=\u00a0\u00bbdefault\u00a0\u00bb custom_button=\u00a0\u00bbon\u00a0\u00bb button_text_color=\u00a0\u00bb#FFFFFF\u00a0\u00bb button_bg_color=\u00a0\u00bb#002554&Prime; button_border_width=\u00a0\u00bb0px\u00a0\u00bb button_border_radius=\u00a0\u00bb0px\u00a0\u00bb button_font=\u00a0\u00bbPoppins|700|||||||\u00a0\u00bb button_icon=\u00a0\u00bb&#xf13d;||fa||900&Prime; button_icon_color=\u00a0\u00bb#0089C0&Prime; button_on_hover=\u00a0\u00bboff\u00a0\u00bb hover_enabled=\u00a0\u00bb0&Prime; custom_css_main_element=\u00a0\u00bbwidth: 100%;\u00a0\u00bb box_shadow_style=\u00a0\u00bbpreset3&Prime; global_colors_info=\u00a0\u00bb{}\u00a0\u00bb sticky_enabled=\u00a0\u00bb0&Prime;][\/et_pb_button][\/et_pb_column][\/et_pb_row][\/et_pb_section]<\/p>\n","protected":false},"excerpt":{"rendered":"<p>Webcam<\/p>\n","protected":false},"author":1,"featured_media":0,"parent":0,"menu_order":0,"comment_status":"closed","ping_status":"closed","template":"","meta":{"_et_pb_use_builder":"on","_et_pb_old_content":"","_et_gb_content_width":"","inline_featured_image":false,"footnotes":""},"class_list":["post-3441","page","type-page","status-publish","hentry"],"yoast_head":"<!-- This site is optimized with the Yoast SEO plugin v27.5 - https:\/\/yoast.com\/product\/yoast-seo-wordpress\/ -->\n<title>Port Ginesta I V\u00e9rifier l&#039;\u00e9tat de la mer en direct I Webcam<\/title>\n<meta name=\"description\" content=\"Webcam en direct de Port Ginesta. Observez l&#039;\u00e9tat actuel de la mer gr\u00e2ce \u00e0 votre webcam.\" \/>\n<meta name=\"robots\" content=\"index, follow, max-snippet:-1, max-image-preview:large, max-video-preview:-1\" \/>\n<link rel=\"canonical\" href=\"https:\/\/www.portginesta.com\/webcam\/\" \/>\n<meta property=\"og:locale\" content=\"fr_FR\" \/>\n<meta property=\"og:type\" content=\"article\" \/>\n<meta property=\"og:title\" content=\"Port Ginesta I V\u00e9rifier l&#039;\u00e9tat de la mer en direct I Webcam\" \/>\n<meta property=\"og:description\" content=\"Webcam en direct de Port Ginesta. Observez l&#039;\u00e9tat actuel de la mer gr\u00e2ce \u00e0 votre webcam.\" \/>\n<meta property=\"og:url\" content=\"https:\/\/www.portginesta.com\/webcam\/\" \/>\n<meta property=\"og:site_name\" content=\"Port Ginesta\" \/>\n<meta property=\"article:modified_time\" content=\"2022-06-22T07:50:48+00:00\" \/>\n<meta name=\"twitter:card\" content=\"summary_large_image\" \/>\n<meta name=\"twitter:label1\" content=\"Dur\u00e9e de lecture estim\u00e9e\" \/>\n\t<meta name=\"twitter:data1\" content=\"2 minutes\" \/>\n<script type=\"application\/ld+json\" class=\"yoast-schema-graph\">{\"@context\":\"https:\\\/\\\/schema.org\",\"@graph\":[{\"@type\":\"WebPage\",\"@id\":\"https:\\\/\\\/www.portginesta.com\\\/webcam\\\/\",\"url\":\"https:\\\/\\\/www.portginesta.com\\\/webcam\\\/\",\"name\":\"Port Ginesta I V\u00e9rifier l'\u00e9tat de la mer en direct I Webcam\",\"isPartOf\":{\"@id\":\"https:\\\/\\\/www.portginesta.com\\\/#website\"},\"datePublished\":\"2022-05-18T09:16:54+00:00\",\"dateModified\":\"2022-06-22T07:50:48+00:00\",\"description\":\"Webcam en direct de Port Ginesta. Observez l'\u00e9tat actuel de la mer gr\u00e2ce \u00e0 votre webcam.\",\"breadcrumb\":{\"@id\":\"https:\\\/\\\/www.portginesta.com\\\/webcam\\\/#breadcrumb\"},\"inLanguage\":\"fr-FR\",\"potentialAction\":[{\"@type\":\"ReadAction\",\"target\":[\"https:\\\/\\\/www.portginesta.com\\\/webcam\\\/\"]}]},{\"@type\":\"BreadcrumbList\",\"@id\":\"https:\\\/\\\/www.portginesta.com\\\/webcam\\\/#breadcrumb\",\"itemListElement\":[{\"@type\":\"ListItem\",\"position\":1,\"name\":\"Portada\",\"item\":\"https:\\\/\\\/www.portginesta.com\\\/\"},{\"@type\":\"ListItem\",\"position\":2,\"name\":\"Webcam\"}]},{\"@type\":\"WebSite\",\"@id\":\"https:\\\/\\\/www.portginesta.com\\\/#website\",\"url\":\"https:\\\/\\\/www.portginesta.com\\\/\",\"name\":\"Port Ginesta\",\"description\":\"Otro sitio realizado con WordPress\",\"potentialAction\":[{\"@type\":\"SearchAction\",\"target\":{\"@type\":\"EntryPoint\",\"urlTemplate\":\"https:\\\/\\\/www.portginesta.com\\\/?s={search_term_string}\"},\"query-input\":{\"@type\":\"PropertyValueSpecification\",\"valueRequired\":true,\"valueName\":\"search_term_string\"}}],\"inLanguage\":\"fr-FR\"}]}<\/script>\n<!-- \/ Yoast SEO plugin. -->","yoast_head_json":{"title":"Port Ginesta I V\u00e9rifier l'\u00e9tat de la mer en direct I Webcam","description":"Webcam en direct de Port Ginesta. Observez l'\u00e9tat actuel de la mer gr\u00e2ce \u00e0 votre webcam.","robots":{"index":"index","follow":"follow","max-snippet":"max-snippet:-1","max-image-preview":"max-image-preview:large","max-video-preview":"max-video-preview:-1"},"canonical":"https:\/\/www.portginesta.com\/webcam\/","og_locale":"fr_FR","og_type":"article","og_title":"Port Ginesta I V\u00e9rifier l'\u00e9tat de la mer en direct I Webcam","og_description":"Webcam en direct de Port Ginesta. Observez l'\u00e9tat actuel de la mer gr\u00e2ce \u00e0 votre webcam.","og_url":"https:\/\/www.portginesta.com\/webcam\/","og_site_name":"Port Ginesta","article_modified_time":"2022-06-22T07:50:48+00:00","twitter_card":"summary_large_image","twitter_misc":{"Dur\u00e9e de lecture estim\u00e9e":"2 minutes"},"schema":{"@context":"https:\/\/schema.org","@graph":[{"@type":"WebPage","@id":"https:\/\/www.portginesta.com\/webcam\/","url":"https:\/\/www.portginesta.com\/webcam\/","name":"Port Ginesta I V\u00e9rifier l'\u00e9tat de la mer en direct I Webcam","isPartOf":{"@id":"https:\/\/www.portginesta.com\/#website"},"datePublished":"2022-05-18T09:16:54+00:00","dateModified":"2022-06-22T07:50:48+00:00","description":"Webcam en direct de Port Ginesta. Observez l'\u00e9tat actuel de la mer gr\u00e2ce \u00e0 votre webcam.","breadcrumb":{"@id":"https:\/\/www.portginesta.com\/webcam\/#breadcrumb"},"inLanguage":"fr-FR","potentialAction":[{"@type":"ReadAction","target":["https:\/\/www.portginesta.com\/webcam\/"]}]},{"@type":"BreadcrumbList","@id":"https:\/\/www.portginesta.com\/webcam\/#breadcrumb","itemListElement":[{"@type":"ListItem","position":1,"name":"Portada","item":"https:\/\/www.portginesta.com\/"},{"@type":"ListItem","position":2,"name":"Webcam"}]},{"@type":"WebSite","@id":"https:\/\/www.portginesta.com\/#website","url":"https:\/\/www.portginesta.com\/","name":"Port Ginesta","description":"Otro sitio realizado con WordPress","potentialAction":[{"@type":"SearchAction","target":{"@type":"EntryPoint","urlTemplate":"https:\/\/www.portginesta.com\/?s={search_term_string}"},"query-input":{"@type":"PropertyValueSpecification","valueRequired":true,"valueName":"search_term_string"}}],"inLanguage":"fr-FR"}]}},"_links":{"self":[{"href":"https:\/\/www.portginesta.com\/fr\/wp-json\/wp\/v2\/pages\/3441","targetHints":{"allow":["GET"]}}],"collection":[{"href":"https:\/\/www.portginesta.com\/fr\/wp-json\/wp\/v2\/pages"}],"about":[{"href":"https:\/\/www.portginesta.com\/fr\/wp-json\/wp\/v2\/types\/page"}],"author":[{"embeddable":true,"href":"https:\/\/www.portginesta.com\/fr\/wp-json\/wp\/v2\/users\/1"}],"replies":[{"embeddable":true,"href":"https:\/\/www.portginesta.com\/fr\/wp-json\/wp\/v2\/comments?post=3441"}],"version-history":[{"count":0,"href":"https:\/\/www.portginesta.com\/fr\/wp-json\/wp\/v2\/pages\/3441\/revisions"}],"wp:attachment":[{"href":"https:\/\/www.portginesta.com\/fr\/wp-json\/wp\/v2\/media?parent=3441"}],"curies":[{"name":"wp","href":"https:\/\/api.w.org\/{rel}","templated":true}]}}