{"id":3695,"date":"2022-06-14T10:54:34","date_gmt":"2022-06-14T10:54:34","guid":{"rendered":"http:\/\/www.portginesta.com\/blog\/"},"modified":"2026-01-02T14:00:16","modified_gmt":"2026-01-02T13:00:16","slug":"blog","status":"publish","type":"page","link":"https:\/\/www.portginesta.com\/fr\/blog\/","title":{"rendered":"Blog"},"content":{"rendered":"<p>[et_pb_section fb_built=\u00a0\u00bb1&Prime; _builder_version=\u00a0\u00bb4.16&Prime; _module_preset=\u00a0\u00bbdefault\u00a0\u00bb custom_padding=\u00a0\u00bb||0px||false|false\u00a0\u00bb locked=\u00a0\u00bboff\u00a0\u00bb global_colors_info=\u00a0\u00bb{}\u00a0\u00bb][et_pb_row _builder_version=\u00a0\u00bb4.16&Prime; _module_preset=\u00a0\u00bbdefault\u00a0\u00bb global_colors_info=\u00a0\u00bb{}\u00a0\u00bb][et_pb_column type=\u00a0\u00bb4_4&Prime; _builder_version=\u00a0\u00bb4.16&Prime; _module_preset=\u00a0\u00bbdefault\u00a0\u00bb global_colors_info=\u00a0\u00bb{}\u00a0\u00bb][et_pb_text _builder_version=\u00a0\u00bb4.16&Prime; _module_preset=\u00a0\u00bbdefault\u00a0\u00bb header_font=\u00a0\u00bbPoppins|700|||||||\u00a0\u00bb header_text_color=\u00a0\u00bb#002554&Prime; custom_margin=\u00a0\u00bb||10px||false|false\u00a0\u00bb global_colors_info=\u00a0\u00bb{}\u00a0\u00bb]<\/p>\n<h1>Blog<\/h1>\n<p>[\/et_pb_text][et_pb_divider color=\u00a0\u00bb#FFD600&Prime; divider_weight=\u00a0\u00bb5px\u00a0\u00bb _builder_version=\u00a0\u00bb4.16&Prime; _module_preset=\u00a0\u00bbdefault\u00a0\u00bb max_width=\u00a0\u00bb50px\u00a0\u00bb custom_margin=\u00a0\u00bb0px||0px||true|false\u00a0\u00bb custom_padding=\u00a0\u00bb0px||0px||true|false\u00a0\u00bb global_colors_info=\u00a0\u00bb{}\u00a0\u00bb][\/et_pb_divider][\/et_pb_column][\/et_pb_row][\/et_pb_section][et_pb_section fb_built=\u00a0\u00bb1&Prime; _builder_version=\u00a0\u00bb4.16&Prime; _module_preset=\u00a0\u00bbdefault\u00a0\u00bb background_image=\u00a0\u00bbhttps:\/\/www.portginesta.com\/wp-content\/uploads\/2022\/01\/67296179_2919033038171834_6275337773717127168_n.jpg\u00a0\u00bb background_position=\u00a0\u00bbcenter_left\u00a0\u00bb min_height=\u00a0\u00bb250px\u00a0\u00bb locked=\u00a0\u00bboff\u00a0\u00bb global_colors_info=\u00a0\u00bb{}\u00a0\u00bb][et_pb_row _builder_version=\u00a0\u00bb4.16&Prime; _module_preset=\u00a0\u00bbdefault\u00a0\u00bb global_colors_info=\u00a0\u00bb{}\u00a0\u00bb][et_pb_column type=\u00a0\u00bb4_4&Prime; _builder_version=\u00a0\u00bb4.16&Prime; _module_preset=\u00a0\u00bbdefault\u00a0\u00bb global_colors_info=\u00a0\u00bb{}\u00a0\u00bb][\/et_pb_column][\/et_pb_row][\/et_pb_section][et_pb_section fb_built=\u00a0\u00bb1&Prime; custom_padding_last_edited=\u00a0\u00bbon|tablet\u00a0\u00bb _builder_version=\u00a0\u00bb4.16&Prime; _module_preset=\u00a0\u00bbdefault\u00a0\u00bb custom_padding=\u00a0\u00bb||40px|||\u00a0\u00bb custom_padding_tablet=\u00a0\u00bb0px||||false|false\u00a0\u00bb custom_padding_phone=\u00a0\u00bb0px||||false|false\u00a0\u00bb locked=\u00a0\u00bboff\u00a0\u00bb global_colors_info=\u00a0\u00bb{}\u00a0\u00bb][et_pb_row column_structure=\u00a0\u00bb3_4,1_4&Prime; _builder_version=\u00a0\u00bb4.16&Prime; _module_preset=\u00a0\u00bbdefault\u00a0\u00bb global_colors_info=\u00a0\u00bb{}\u00a0\u00bb][et_pb_column type=\u00a0\u00bb3_4&Prime; _builder_version=\u00a0\u00bb4.16&Prime; _module_preset=\u00a0\u00bbdefault\u00a0\u00bb global_colors_info=\u00a0\u00bb{}\u00a0\u00bb][et_pb_blog posts_number=\u00a0\u00bb50&Prime; include_categories=\u00a0\u00bball\u00a0\u00bb excerpt_length=\u00a0\u00bb130&Prime; show_more=\u00a0\u00bbon\u00a0\u00bb show_author=\u00a0\u00bboff\u00a0\u00bb show_date=\u00a0\u00bboff\u00a0\u00bb show_categories=\u00a0\u00bboff\u00a0\u00bb show_pagination=\u00a0\u00bboff\u00a0\u00bb disabled_on=\u00a0\u00bboff|off|off\u00a0\u00bb module_id=\u00a0\u00bbgrid-blog\u00a0\u00bb module_class=\u00a0\u00bbblog-inicio pa-blog-load-more\u00a0\u00bb _builder_version=\u00a0\u00bb4.27.3&Prime; _module_preset=\u00a0\u00bbdefault\u00a0\u00bb header_level=\u00a0\u00bbh3&Prime; header_font=\u00a0\u00bbPoppins|700|||||||\u00a0\u00bb header_text_color=\u00a0\u00bb#FFFFFF\u00a0\u00bb header_font_size=\u00a0\u00bb16px\u00a0\u00bb body_font=\u00a0\u00bbPoppins|300|||||||\u00a0\u00bb body_text_color=\u00a0\u00bb#FFFFFF\u00a0\u00bb read_more_font=\u00a0\u00bbPoppins||||||||\u00a0\u00bb read_more_text_color=\u00a0\u00bb#FFFFFF\u00a0\u00bb pagination_font=\u00a0\u00bbPoppins||||||||\u00a0\u00bb pagination_text_color=\u00a0\u00bb#000000&Prime; pagination_font_size=\u00a0\u00bb16px\u00a0\u00bb background_enable_color=\u00a0\u00bboff\u00a0\u00bb custom_margin=\u00a0\u00bb||0px||false|false\u00a0\u00bb custom_padding=\u00a0\u00bb||0px||false|false\u00a0\u00bb hover_enabled=\u00a0\u00bb0&Prime; locked=\u00a0\u00bboff\u00a0\u00bb global_colors_info=\u00a0\u00bb{}\u00a0\u00bb sticky_enabled=\u00a0\u00bb0&Prime;][\/et_pb_blog][et_pb_button button_text=\u00a0\u00bbCharger plus\u00a0\u00bb button_alignment=\u00a0\u00bbcenter\u00a0\u00bb disabled_on=\u00a0\u00bboff|off|off\u00a0\u00bb module_id=\u00a0\u00bbpa_load_more\u00a0\u00bb _builder_version=\u00a0\u00bb4.27.3&Prime; _module_preset=\u00a0\u00bbdefault\u00a0\u00bb custom_button=\u00a0\u00bbon\u00a0\u00bb button_text_size=\u00a0\u00bb16px\u00a0\u00bb button_text_color=\u00a0\u00bb#FFFFFF\u00a0\u00bb button_bg_color=\u00a0\u00bb#002554&Prime; button_border_width=\u00a0\u00bb1px\u00a0\u00bb button_border_color=\u00a0\u00bb#002554&Prime; button_border_radius=\u00a0\u00bb0px\u00a0\u00bb button_font=\u00a0\u00bb|700||on|||||\u00a0\u00bb button_use_icon=\u00a0\u00bboff\u00a0\u00bb hover_enabled=\u00a0\u00bb0&Prime; global_colors_info=\u00a0\u00bb{}\u00a0\u00bb button_border_color__hover_enabled=\u00a0\u00bboff|desktop\u00a0\u00bb button_border_color__hover=\u00a0\u00bb#002554&Prime; button_bg_color__hover_enabled=\u00a0\u00bbon|hover\u00a0\u00bb button_bg_color__hover=\u00a0\u00bbRGBA(255,255,255,0)\u00a0\u00bb button_bg_enable_color__hover=\u00a0\u00bbon\u00a0\u00bb button_text_color__hover_enabled=\u00a0\u00bbon|hover\u00a0\u00bb button_text_color__hover=\u00a0\u00bb#002554&Prime; sticky_enabled=\u00a0\u00bb0&Prime;][\/et_pb_button][et_pb_code disabled_on=\u00a0\u00bboff|off|off\u00a0\u00bb _builder_version=\u00a0\u00bb4.27.3&Prime; _module_preset=\u00a0\u00bbdefault\u00a0\u00bb hover_enabled=\u00a0\u00bb0&Prime; global_colors_info=\u00a0\u00bb{}\u00a0\u00bb sticky_enabled=\u00a0\u00bb0&Prime;]<pee><script><!-- [et_pb_line_break_holder] -->jQuery(document).ready(function(){<!-- [et_pb_line_break_holder] -->    \/\/For mobile Screens<!-- [et_pb_line_break_holder] -->    if (window.matchMedia('(max-width: 767px)').matches) {<!-- [et_pb_line_break_holder] -->        var initial_show_article = 4;<!-- [et_pb_line_break_holder] -->    var article_reveal = 3;<!-- [et_pb_line_break_holder] -->    jQuery(\".pa-blog-load-more article\").not( \":nth-child(-n+\"+initial_show_article+\")\" ).css(\"display\",\"none\");<!-- [et_pb_line_break_holder] -->    jQuery(\"#pa_load_more\").on(\"click\", function(event){<!-- [et_pb_line_break_holder] -->        event.preventDefault();<!-- [et_pb_line_break_holder] -->        initial_show_article = initial_show_article + article_reveal;<!-- [et_pb_line_break_holder] -->        jQuery(\".pa-blog-load-more article\").css(\"display\",\"block\");<!-- [et_pb_line_break_holder] -->        jQuery(\".pa-blog-load-more article\").not( \":nth-child(-n+\"+initial_show_article+\")\" ).css(\"display\",\"none\");<!-- [et_pb_line_break_holder] -->        var articles_num = jQuery(\".pa-blog-load-more article\").not('[style*=\"display: block\"]').length<!-- [et_pb_line_break_holder] -->            if(articles_num == 0){<!-- [et_pb_line_break_holder] -->            jQuery(this).css(\"display\",\"none\");    <!-- [et_pb_line_break_holder] -->            }   <!-- [et_pb_line_break_holder] -->    })<!-- [et_pb_line_break_holder] -->    } else {<!-- [et_pb_line_break_holder] -->        \/\/For desktop Screens<!-- [et_pb_line_break_holder] -->        var initial_row_show = 4;<!-- [et_pb_line_break_holder] -->        var row_reveal = 3;<!-- [et_pb_line_break_holder] -->        var total_articles = jQuery(\".pa-blog-load-more article\").length;<!-- [et_pb_line_break_holder] -->        jQuery(\".pa-blog-load-more article\").not( \":nth-child(-n+\"+initial_row_show+\")\" ).css(\"display\",\"none\");<!-- [et_pb_line_break_holder] --><!-- [et_pb_line_break_holder] -->        jQuery(\"#pa_load_more\").on(\"click\", function(event){<!-- [et_pb_line_break_holder] -->            event.preventDefault();<!-- [et_pb_line_break_holder] -->            initial_row_show = initial_row_show + row_reveal;<!-- [et_pb_line_break_holder] -->            jQuery(\".pa-blog-load-more article\").css(\"display\",\"block\");<!-- [et_pb_line_break_holder] -->            jQuery(\".pa-blog-load-more article\").not( \":nth-child(-n+\"+initial_row_show+\")\" ).css(\"display\",\"none\");<!-- [et_pb_line_break_holder] -->            var articles_num = jQuery(\".pa-blog-load-more article\").not('[style*=\"display: block\"]').length<!-- [et_pb_line_break_holder] -->            if(articles_num == 0){<!-- [et_pb_line_break_holder] -->            jQuery(this).css(\"display\",\"none\");    <!-- [et_pb_line_break_holder] -->            }    <!-- [et_pb_line_break_holder] -->        })<!-- [et_pb_line_break_holder] -->    } <!-- [et_pb_line_break_holder] -->})<!-- [et_pb_line_break_holder] --><\/script><\/pee>[\/et_pb_code][et_pb_post_slider include_categories=\u00a0\u00bball\u00a0\u00bb show_arrows=\u00a0\u00bboff\u00a0\u00bb show_meta=\u00a0\u00bboff\u00a0\u00bb image_placement=\u00a0\u00bbtop\u00a0\u00bb disabled_on=\u00a0\u00bbon|on|on\u00a0\u00bb module_class=\u00a0\u00bbblog-inicio-movil\u00a0\u00bb _builder_version=\u00a0\u00bb4.27.3&Prime; _module_preset=\u00a0\u00bbdefault\u00a0\u00bb header_level=\u00a0\u00bbh3&Prime; header_font=\u00a0\u00bbPoppins|700|||||||\u00a0\u00bb header_text_color=\u00a0\u00bb#002554&Prime; header_font_size=\u00a0\u00bb18px\u00a0\u00bb body_font=\u00a0\u00bbPoppins||||||||\u00a0\u00bb body_text_color=\u00a0\u00bb#002554&Prime; background_enable_color=\u00a0\u00bboff\u00a0\u00bb custom_button=\u00a0\u00bbon\u00a0\u00bb button_text_size=\u00a0\u00bb16px\u00a0\u00bb button_text_color=\u00a0\u00bb#002554&Prime; button_bg_color=\u00a0\u00bbRGBA(255,255,255,0)\u00a0\u00bb button_border_width=\u00a0\u00bb0px\u00a0\u00bb button_border_color=\u00a0\u00bb#002554&Prime; button_border_radius=\u00a0\u00bb0px\u00a0\u00bb button_font=\u00a0\u00bbPoppins||||||||\u00a0\u00bb button_use_icon=\u00a0\u00bboff\u00a0\u00bb button_alignment=\u00a0\u00bbleft\u00a0\u00bb button_custom_padding=\u00a0\u00bb0px|0px|0px|0px|true|true\u00a0\u00bb text_orientation=\u00a0\u00bbleft\u00a0\u00bb background_layout=\u00a0\u00bblight\u00a0\u00bb width=\u00a0\u00bb100%\u00a0\u00bb max_width=\u00a0\u00bb100%\u00a0\u00bb content_width=\u00a0\u00bb100%\u00a0\u00bb custom_margin=\u00a0\u00bb50px||50px||true|false\u00a0\u00bb custom_margin_tablet=\u00a0\u00bb0px||50px||false|false\u00a0\u00bb custom_margin_phone=\u00a0\u00bb0px||50px||false|false\u00a0\u00bb custom_margin_last_edited=\u00a0\u00bbon|tablet\u00a0\u00bb custom_padding=\u00a0\u00bb20px||0px||false|false\u00a0\u00bb hover_enabled=\u00a0\u00bb0&Prime; locked=\u00a0\u00bboff\u00a0\u00bb global_colors_info=\u00a0\u00bb{}\u00a0\u00bb disabled=\u00a0\u00bbon\u00a0\u00bb sticky_enabled=\u00a0\u00bb0&Prime;][\/et_pb_post_slider][\/et_pb_column][et_pb_column type=\u00a0\u00bb1_4&Prime; module_id=\u00a0\u00bbbarra-lateral-blog\u00a0\u00bb _builder_version=\u00a0\u00bb4.16&Prime; _module_preset=\u00a0\u00bbdefault\u00a0\u00bb global_colors_info=\u00a0\u00bb{}\u00a0\u00bb][et_pb_text _builder_version=\u00a0\u00bb4.16&Prime; _module_preset=\u00a0\u00bbdefault\u00a0\u00bb header_3_font=\u00a0\u00bbPoppins|700|||||||\u00a0\u00bb header_3_text_color=\u00a0\u00bbgcid-4e4a40ea-51a8-4d76-a1cd-a30de897f217&Prime; custom_margin=\u00a0\u00bb||15px||false|false\u00a0\u00bb global_colors_info=\u00a0\u00bb{%22gcid-4e4a40ea-51a8-4d76-a1cd-a30de897f217%22:%91%22header_3_text_color%22%93}\u00a0\u00bb]<\/p>\n<h3>ARTICLES LES PLUS LUS<\/h3>\n<p>[\/et_pb_text][et_pb_blog posts_number=\u00a0\u00bb3&Prime; include_categories=\u00a0\u00bball\u00a0\u00bb show_thumbnail=\u00a0\u00bboff\u00a0\u00bb use_manual_excerpt=\u00a0\u00bboff\u00a0\u00bb excerpt_length=\u00a0\u00bb0&Prime; show_author=\u00a0\u00bboff\u00a0\u00bb show_date=\u00a0\u00bboff\u00a0\u00bb show_categories=\u00a0\u00bboff\u00a0\u00bb show_pagination=\u00a0\u00bboff\u00a0\u00bb module_class=\u00a0\u00bbarti-mas-leidos\u00a0\u00bb _builder_version=\u00a0\u00bb4.16&Prime; _module_preset=\u00a0\u00bbdefault\u00a0\u00bb header_level=\u00a0\u00bbh4&Prime; header_font=\u00a0\u00bbPoppins||||||||\u00a0\u00bb header_text_color=\u00a0\u00bbgcid-4e4a40ea-51a8-4d76-a1cd-a30de897f217&Prime; custom_margin=\u00a0\u00bb0px|0px|0px|0px|true|true\u00a0\u00bb custom_padding=\u00a0\u00bb0px|0px|0px|0px|true|true\u00a0\u00bb custom_css_content=\u00a0\u00bbdisplay:none;\u00a0\u00bb custom_css_post_meta=\u00a0\u00bbdisplay:none;\u00a0\u00bb custom_css_read_more=\u00a0\u00bbdisplay:none;\u00a0\u00bb global_colors_info=\u00a0\u00bb{%22gcid-4e4a40ea-51a8-4d76-a1cd-a30de897f217%22:%91%22header_text_color%22%93}\u00a0\u00bb][\/et_pb_blog][et_pb_text _builder_version=\u00a0\u00bb4.16&Prime; _module_preset=\u00a0\u00bbdefault\u00a0\u00bb header_3_font=\u00a0\u00bbPoppins|700|||||||\u00a0\u00bb header_3_text_color=\u00a0\u00bbgcid-4e4a40ea-51a8-4d76-a1cd-a30de897f217&Prime; custom_margin=\u00a0\u00bb40px||5px||false|false\u00a0\u00bb global_colors_info=\u00a0\u00bb{%22gcid-4e4a40ea-51a8-4d76-a1cd-a30de897f217%22:%91%22header_3_text_color%22%93}\u00a0\u00bb]<\/p>\n<h3>CAT\u00c9GORIES<\/h3>\n<p>[\/et_pb_text][et_pb_text _builder_version=\u00a0\u00bb4.16&Prime; _module_preset=\u00a0\u00bbdefault\u00a0\u00bb link_font=\u00a0\u00bbPoppins||||||||\u00a0\u00bb link_text_color=\u00a0\u00bbgcid-4e4a40ea-51a8-4d76-a1cd-a30de897f217&Prime; link_font_size=\u00a0\u00bb18px\u00a0\u00bb ul_text_color=\u00a0\u00bb#000000&Prime; global_colors_info=\u00a0\u00bb{%22gcid-4e4a40ea-51a8-4d76-a1cd-a30de897f217%22:%91%22link_text_color%22%93}\u00a0\u00bb]<\/p>\n<ul>\n<li><a href=\"https:\/\/www.portginesta.com\/category\/colaboraciones\/\">Collaborations<\/a><\/li>\n<li><a href=\"https:\/\/www.portginesta.com\/category\/eventos\/\">\u00c9v\u00e9nements<\/a><\/li>\n<li><a href=\"https:\/\/www.portginesta.com\/category\/premios\/\">Prix<\/a><\/li>\n<li><a href=\"https:\/\/www.portginesta.com\/category\/novedades\/\">Nouveautes<\/a><\/li>\n<li><a href=\"https:\/\/www.portginesta.com\/category\/formacion\/\">Entra\u00eenement<\/a><\/li>\n<li><a href=\"https:\/\/www.portginesta.com\/category\/puerto\/\">Port<\/a><\/li>\n<\/ul>\n<p>[\/et_pb_text][et_pb_text _builder_version=\u00a0\u00bb4.16&Prime; _module_preset=\u00a0\u00bbdefault\u00a0\u00bb header_3_font=\u00a0\u00bbPoppins|700|||||||\u00a0\u00bb header_3_text_color=\u00a0\u00bbgcid-4e4a40ea-51a8-4d76-a1cd-a30de897f217&Prime; custom_margin=\u00a0\u00bb||15px||false|false\u00a0\u00bb global_colors_info=\u00a0\u00bb{%22gcid-4e4a40ea-51a8-4d76-a1cd-a30de897f217%22:%91%22header_3_text_color%22%93}\u00a0\u00bb]<\/p>\n<h3>CONNA\u00ceTRE PORT GINESTA<\/h3>\n<p>[\/et_pb_text][et_pb_text module_class=\u00a0\u00bbside-menu-blog\u00a0\u00bb _builder_version=\u00a0\u00bb4.16&Prime; _module_preset=\u00a0\u00bbdefault\u00a0\u00bb link_font=\u00a0\u00bbPoppins||||||||\u00a0\u00bb global_colors_info=\u00a0\u00bb{}\u00a0\u00bb]<\/p>\n<p><a href=\"\/#situacion-acceso\">Localisation et acc\u00e8s<\/a><a href=\"https:\/\/www.portginesta.com\/fr\/services-generaux\/\">Services g\u00e9n\u00e9raux<\/a><a href=\"https:\/\/www.portginesta.com\/fr\/services-nautiques\/\">Prestations nautiques<\/a><a href=\"https:\/\/www.portginesta.com\/fr\/temps-libre\/\">Temps libre<\/a><\/p>\n<p>[\/et_pb_text][\/et_pb_column][\/et_pb_row][\/et_pb_section][et_pb_section fb_built=\u00a0\u00bb1&Prime; _builder_version=\u00a0\u00bb4.16&Prime; _module_preset=\u00a0\u00bbdefault\u00a0\u00bb background_image=\u00a0\u00bbhttps:\/\/www.portginesta.com\/wp-content\/uploads\/2022\/01\/port-ginesta-fondo3.jpg\u00a0\u00bb custom_padding=\u00a0\u00bb30px||30px||true|false\u00a0\u00bb locked=\u00a0\u00bboff\u00a0\u00bb global_colors_info=\u00a0\u00bb{}\u00a0\u00bb][et_pb_row _builder_version=\u00a0\u00bb4.16&Prime; _module_preset=\u00a0\u00bbdefault\u00a0\u00bb global_colors_info=\u00a0\u00bb{}\u00a0\u00bb][et_pb_column type=\u00a0\u00bb4_4&Prime; _builder_version=\u00a0\u00bb4.16&Prime; _module_preset=\u00a0\u00bbdefault\u00a0\u00bb global_colors_info=\u00a0\u00bb{}\u00a0\u00bb][et_pb_image src=\u00a0\u00bbhttps:\/\/www.portginesta.com\/wp-content\/uploads\/2022\/01\/Logos-port-ginesta-sur-multihull-3.png\u00a0\u00bb title_text=\u00a0\u00bbLogos-port-ginesta-sur-multihull-3&Prime; _builder_version=\u00a0\u00bb4.16&Prime; _module_preset=\u00a0\u00bbdefault\u00a0\u00bb max_width=\u00a0\u00bb800px\u00a0\u00bb module_alignment=\u00a0\u00bbcenter\u00a0\u00bb global_colors_info=\u00a0\u00bb{}\u00a0\u00bb][\/et_pb_image][et_pb_button button_url=\u00a0\u00bb#\u00a0\u00bb button_text=\u00a0\u00bbR\u00c9SERVATIONS\u00a0\u00bb button_alignment=\u00a0\u00bbcenter\u00a0\u00bb _builder_version=\u00a0\u00bb4.16&Prime; _module_preset=\u00a0\u00bbdefault\u00a0\u00bb custom_button=\u00a0\u00bbon\u00a0\u00bb button_text_color=\u00a0\u00bb#FFFFFF\u00a0\u00bb button_bg_color=\u00a0\u00bb#002554&Prime; button_border_width=\u00a0\u00bb0px\u00a0\u00bb button_border_radius=\u00a0\u00bb0px\u00a0\u00bb button_font=\u00a0\u00bbPoppins|700|||||||\u00a0\u00bb button_icon=\u00a0\u00bb&#xf13d;||fa||900&Prime; button_icon_color=\u00a0\u00bb#0089C0&Prime; button_on_hover=\u00a0\u00bboff\u00a0\u00bb custom_css_main_element=\u00a0\u00bbwidth: 100%;\u00a0\u00bb box_shadow_style=\u00a0\u00bbpreset3&Prime; global_colors_info=\u00a0\u00bb{}\u00a0\u00bb][\/et_pb_button][\/et_pb_column][\/et_pb_row][\/et_pb_section]<\/p>\n","protected":false},"excerpt":{"rendered":"<p>BlogARTICLES LES PLUS LUSCAT\u00c9GORIES Collaborations \u00c9v\u00e9nements Prix Nouveautes Entra\u00eenement Port CONNA\u00ceTRE PORT GINESTALocalisation et acc\u00e8sServices g\u00e9n\u00e9rauxPrestations nautiquesTemps libre<\/p>\n","protected":false},"author":1,"featured_media":0,"parent":0,"menu_order":0,"comment_status":"closed","ping_status":"closed","template":"","meta":{"_acf_changed":false,"_et_pb_use_builder":"on","_et_pb_old_content":"","_et_gb_content_width":"","inline_featured_image":false,"footnotes":""},"class_list":["post-3695","page","type-page","status-publish","hentry"],"acf":[],"yoast_head":"<!-- This site is optimized with the Yoast SEO plugin v27.6 - https:\/\/yoast.com\/product\/yoast-seo-wordpress\/ -->\n<title>Port Ginesta I Actualit\u00e9s I Derni\u00e8res actualit\u00e9s du Port<\/title>\n<meta name=\"description\" content=\"Visitez le blog Port Ginesta pour d\u00e9couvrir les \u00e9v\u00e9nements organis\u00e9s par le Port, les actualit\u00e9s, les formations, les prix, les collaborations et bien plus encore.\" \/>\n<meta name=\"robots\" content=\"index, follow, max-snippet:-1, max-image-preview:large, max-video-preview:-1\" \/>\n<link rel=\"canonical\" href=\"https:\/\/www.portginesta.com\/blog\/\" \/>\n<meta property=\"og:locale\" content=\"fr_FR\" \/>\n<meta property=\"og:type\" content=\"article\" \/>\n<meta property=\"og:title\" content=\"Port Ginesta I Actualit\u00e9s I Derni\u00e8res actualit\u00e9s du Port\" \/>\n<meta property=\"og:description\" content=\"Visitez le blog Port Ginesta pour d\u00e9couvrir les \u00e9v\u00e9nements organis\u00e9s par le Port, les actualit\u00e9s, les formations, les prix, les collaborations et bien plus encore.\" \/>\n<meta property=\"og:url\" content=\"https:\/\/www.portginesta.com\/blog\/\" \/>\n<meta property=\"og:site_name\" content=\"Port Ginesta\" \/>\n<meta property=\"article:modified_time\" content=\"2026-01-02T13:00:16+00:00\" \/>\n<meta name=\"twitter:card\" content=\"summary_large_image\" \/>\n<meta name=\"twitter:label1\" content=\"Dur\u00e9e de lecture estim\u00e9e\" \/>\n\t<meta name=\"twitter:data1\" content=\"6 minutes\" \/>\n<script type=\"application\/ld+json\" class=\"yoast-schema-graph\">{\"@context\":\"https:\\\/\\\/schema.org\",\"@graph\":[{\"@type\":\"WebPage\",\"@id\":\"https:\\\/\\\/www.portginesta.com\\\/blog\\\/\",\"url\":\"https:\\\/\\\/www.portginesta.com\\\/blog\\\/\",\"name\":\"Port Ginesta I Actualit\u00e9s I Derni\u00e8res actualit\u00e9s du Port\",\"isPartOf\":{\"@id\":\"https:\\\/\\\/www.portginesta.com\\\/#website\"},\"datePublished\":\"2022-06-14T10:54:34+00:00\",\"dateModified\":\"2026-01-02T13:00:16+00:00\",\"description\":\"Visitez le blog Port Ginesta pour d\u00e9couvrir les \u00e9v\u00e9nements organis\u00e9s par le Port, les actualit\u00e9s, les formations, les prix, les collaborations et bien plus encore.\",\"breadcrumb\":{\"@id\":\"https:\\\/\\\/www.portginesta.com\\\/blog\\\/#breadcrumb\"},\"inLanguage\":\"fr-FR\",\"potentialAction\":[{\"@type\":\"ReadAction\",\"target\":[\"https:\\\/\\\/www.portginesta.com\\\/blog\\\/\"]}]},{\"@type\":\"BreadcrumbList\",\"@id\":\"https:\\\/\\\/www.portginesta.com\\\/blog\\\/#breadcrumb\",\"itemListElement\":[{\"@type\":\"ListItem\",\"position\":1,\"name\":\"Portada\",\"item\":\"https:\\\/\\\/www.portginesta.com\\\/\"},{\"@type\":\"ListItem\",\"position\":2,\"name\":\"Blog\"}]},{\"@type\":\"WebSite\",\"@id\":\"https:\\\/\\\/www.portginesta.com\\\/#website\",\"url\":\"https:\\\/\\\/www.portginesta.com\\\/\",\"name\":\"Port Ginesta\",\"description\":\"Otro sitio realizado con WordPress\",\"potentialAction\":[{\"@type\":\"SearchAction\",\"target\":{\"@type\":\"EntryPoint\",\"urlTemplate\":\"https:\\\/\\\/www.portginesta.com\\\/?s={search_term_string}\"},\"query-input\":{\"@type\":\"PropertyValueSpecification\",\"valueRequired\":true,\"valueName\":\"search_term_string\"}}],\"inLanguage\":\"fr-FR\"}]}<\/script>\n<!-- \/ Yoast SEO plugin. -->","yoast_head_json":{"title":"Port Ginesta I Actualit\u00e9s I Derni\u00e8res actualit\u00e9s du Port","description":"Visitez le blog Port Ginesta pour d\u00e9couvrir les \u00e9v\u00e9nements organis\u00e9s par le Port, les actualit\u00e9s, les formations, les prix, les collaborations et bien plus encore.","robots":{"index":"index","follow":"follow","max-snippet":"max-snippet:-1","max-image-preview":"max-image-preview:large","max-video-preview":"max-video-preview:-1"},"canonical":"https:\/\/www.portginesta.com\/blog\/","og_locale":"fr_FR","og_type":"article","og_title":"Port Ginesta I Actualit\u00e9s I Derni\u00e8res actualit\u00e9s du Port","og_description":"Visitez le blog Port Ginesta pour d\u00e9couvrir les \u00e9v\u00e9nements organis\u00e9s par le Port, les actualit\u00e9s, les formations, les prix, les collaborations et bien plus encore.","og_url":"https:\/\/www.portginesta.com\/blog\/","og_site_name":"Port Ginesta","article_modified_time":"2026-01-02T13:00:16+00:00","twitter_card":"summary_large_image","twitter_misc":{"Dur\u00e9e de lecture estim\u00e9e":"6 minutes"},"schema":{"@context":"https:\/\/schema.org","@graph":[{"@type":"WebPage","@id":"https:\/\/www.portginesta.com\/blog\/","url":"https:\/\/www.portginesta.com\/blog\/","name":"Port Ginesta I Actualit\u00e9s I Derni\u00e8res actualit\u00e9s du Port","isPartOf":{"@id":"https:\/\/www.portginesta.com\/#website"},"datePublished":"2022-06-14T10:54:34+00:00","dateModified":"2026-01-02T13:00:16+00:00","description":"Visitez le blog Port Ginesta pour d\u00e9couvrir les \u00e9v\u00e9nements organis\u00e9s par le Port, les actualit\u00e9s, les formations, les prix, les collaborations et bien plus encore.","breadcrumb":{"@id":"https:\/\/www.portginesta.com\/blog\/#breadcrumb"},"inLanguage":"fr-FR","potentialAction":[{"@type":"ReadAction","target":["https:\/\/www.portginesta.com\/blog\/"]}]},{"@type":"BreadcrumbList","@id":"https:\/\/www.portginesta.com\/blog\/#breadcrumb","itemListElement":[{"@type":"ListItem","position":1,"name":"Portada","item":"https:\/\/www.portginesta.com\/"},{"@type":"ListItem","position":2,"name":"Blog"}]},{"@type":"WebSite","@id":"https:\/\/www.portginesta.com\/#website","url":"https:\/\/www.portginesta.com\/","name":"Port Ginesta","description":"Otro sitio realizado con WordPress","potentialAction":[{"@type":"SearchAction","target":{"@type":"EntryPoint","urlTemplate":"https:\/\/www.portginesta.com\/?s={search_term_string}"},"query-input":{"@type":"PropertyValueSpecification","valueRequired":true,"valueName":"search_term_string"}}],"inLanguage":"fr-FR"}]}},"_links":{"self":[{"href":"https:\/\/www.portginesta.com\/fr\/wp-json\/wp\/v2\/pages\/3695","targetHints":{"allow":["GET"]}}],"collection":[{"href":"https:\/\/www.portginesta.com\/fr\/wp-json\/wp\/v2\/pages"}],"about":[{"href":"https:\/\/www.portginesta.com\/fr\/wp-json\/wp\/v2\/types\/page"}],"author":[{"embeddable":true,"href":"https:\/\/www.portginesta.com\/fr\/wp-json\/wp\/v2\/users\/1"}],"replies":[{"embeddable":true,"href":"https:\/\/www.portginesta.com\/fr\/wp-json\/wp\/v2\/comments?post=3695"}],"version-history":[{"count":10,"href":"https:\/\/www.portginesta.com\/fr\/wp-json\/wp\/v2\/pages\/3695\/revisions"}],"predecessor-version":[{"id":11065,"href":"https:\/\/www.portginesta.com\/fr\/wp-json\/wp\/v2\/pages\/3695\/revisions\/11065"}],"wp:attachment":[{"href":"https:\/\/www.portginesta.com\/fr\/wp-json\/wp\/v2\/media?parent=3695"}],"curies":[{"name":"wp","href":"https:\/\/api.w.org\/{rel}","templated":true}]}}