{"id":3704,"date":"2022-06-14T11:25:25","date_gmt":"2022-06-14T11:25:25","guid":{"rendered":"http:\/\/www.portginesta.com\/documentos\/"},"modified":"2026-04-07T11:54:51","modified_gmt":"2026-04-07T09:54:51","slug":"documentos","status":"publish","type":"page","link":"https:\/\/www.portginesta.com\/fr\/documentos\/","title":{"rendered":"Documentos"},"content":{"rendered":"<p>[et_pb_section fb_built=\u00a0\u00bb1&Prime; _builder_version=\u00a0\u00bb4.16&Prime; _module_preset=\u00a0\u00bbdefault\u00a0\u00bb custom_padding=\u00a0\u00bb||0px||false|false\u00a0\u00bb global_colors_info=\u00a0\u00bb{}\u00a0\u00bb][et_pb_row _builder_version=\u00a0\u00bb4.16&Prime; _module_preset=\u00a0\u00bbdefault\u00a0\u00bb global_colors_info=\u00a0\u00bb{}\u00a0\u00bb][et_pb_column type=\u00a0\u00bb4_4&Prime; _builder_version=\u00a0\u00bb4.16&Prime; _module_preset=\u00a0\u00bbdefault\u00a0\u00bb global_colors_info=\u00a0\u00bb{}\u00a0\u00bb][et_pb_text _builder_version=\u00a0\u00bb4.16&Prime; _module_preset=\u00a0\u00bbdefault\u00a0\u00bb header_font=\u00a0\u00bbPoppins|700|||||||\u00a0\u00bb header_text_color=\u00a0\u00bb#002554&Prime; custom_margin=\u00a0\u00bb||10px||false|false\u00a0\u00bb global_colors_info=\u00a0\u00bb{}\u00a0\u00bb]<\/p>\n<h1>DOCUMENTS<\/h1>\n<p>[\/et_pb_text][et_pb_divider color=\u00a0\u00bb#FFD600&Prime; divider_weight=\u00a0\u00bb5px\u00a0\u00bb _builder_version=\u00a0\u00bb4.16&Prime; _module_preset=\u00a0\u00bbdefault\u00a0\u00bb max_width=\u00a0\u00bb50px\u00a0\u00bb custom_margin=\u00a0\u00bb0px||0px||true|false\u00a0\u00bb custom_padding=\u00a0\u00bb0px||0px||true|false\u00a0\u00bb global_colors_info=\u00a0\u00bb{}\u00a0\u00bb][\/et_pb_divider][\/et_pb_column][\/et_pb_row][\/et_pb_section][et_pb_section fb_built=\u00a0\u00bb1&Prime; _builder_version=\u00a0\u00bb4.19.2&Prime; _module_preset=\u00a0\u00bbdefault\u00a0\u00bb background_image=\u00a0\u00bbhttps:\/\/www.portginesta.com\/wp-content\/uploads\/2024\/01\/cabecera-documentos-port-ginesta-24.webp\u00a0\u00bb background_position=\u00a0\u00bbcenter_left\u00a0\u00bb min_height=\u00a0\u00bb250px\u00a0\u00bb global_colors_info=\u00a0\u00bb{}\u00a0\u00bb][et_pb_row _builder_version=\u00a0\u00bb4.16&Prime; _module_preset=\u00a0\u00bbdefault\u00a0\u00bb global_colors_info=\u00a0\u00bb{}\u00a0\u00bb][et_pb_column type=\u00a0\u00bb4_4&Prime; _builder_version=\u00a0\u00bb4.16&Prime; _module_preset=\u00a0\u00bbdefault\u00a0\u00bb global_colors_info=\u00a0\u00bb{}\u00a0\u00bb][\/et_pb_column][\/et_pb_row][\/et_pb_section][et_pb_section fb_built=\u00a0\u00bb1&Prime; disabled_on=\u00a0\u00bboff|off|off\u00a0\u00bb module_class=\u00a0\u00bbseccion-documentos\u00a0\u00bb _builder_version=\u00a0\u00bb4.16&Prime; _module_preset=\u00a0\u00bbdefault\u00a0\u00bb custom_margin=\u00a0\u00bb0px||0px||true|false\u00a0\u00bb custom_padding=\u00a0\u00bb60px||40px||false|false\u00a0\u00bb background_last_edited=\u00a0\u00bbon|tablet\u00a0\u00bb background_enable_color_tablet=\u00a0\u00bboff\u00a0\u00bb locked=\u00a0\u00bboff\u00a0\u00bb global_colors_info=\u00a0\u00bb{}\u00a0\u00bb][et_pb_row column_structure=\u00a0\u00bb1_2,1_2&Prime; _builder_version=\u00a0\u00bb4.16&Prime; _module_preset=\u00a0\u00bbdefault\u00a0\u00bb custom_margin=\u00a0\u00bb0px||||false|false\u00a0\u00bb custom_padding=\u00a0\u00bb20px|10px|0px|10px|false|true\u00a0\u00bb global_colors_info=\u00a0\u00bb{}\u00a0\u00bb][et_pb_column type=\u00a0\u00bb1_2&Prime; _builder_version=\u00a0\u00bb4.16&Prime; _module_preset=\u00a0\u00bbdefault\u00a0\u00bb global_colors_info=\u00a0\u00bb{}\u00a0\u00bb][et_pb_text _builder_version=\u00a0\u00bb4.27.3&Prime; _module_preset=\u00a0\u00bbdefault\u00a0\u00bb link_font=\u00a0\u00bbPoppins||||||||\u00a0\u00bb link_text_color=\u00a0\u00bb#232323&Prime; ul_font=\u00a0\u00bbPoppins||||||||\u00a0\u00bb global_colors_info=\u00a0\u00bb{}\u00a0\u00bb]<\/p>\n<ul class=\"lista-docs-desc\">\n<li><a href=\"\/wp-content\/uploads\/2026\/01\/organigrama-port-ginesta-26-gener-26.pdf\"><i class=\"far fa-file-alt\"><\/i> Organigramme<\/a><\/li>\n<li><a href=\"https:\/\/www.portginesta.com\/wp-content\/uploads\/2024\/12\/Plano-Port-Ginesta-2025.pdf\"><i class=\"far fa-file-alt\"><\/i> plan des ports<\/a><\/li>\n<li><a href=\"https:\/\/www.portginesta.com\/wp-content\/uploads\/2022\/01\/Reglament-particular-exploracio-i-policia-port-esportiu-ginesta.pdf\"><i class=\"far fa-file-alt\"><\/i> R\u00e9glementation d&rsquo;Exploitation et Police du port<\/a><\/li>\n<li><a href=\"https:\/\/www.portginesta.com\/wp-content\/uploads\/2022\/01\/Solicitud-cessio-amarrador-concessio-2006-es.pdf\"><i class=\"far fa-file-alt\"><\/i> Demande d&rsquo;affectation d\u00e9finitive concession d&rsquo;amarrage 2006<\/a><\/li>\n<li><a href=\"https:\/\/www.portginesta.com\/wp-content\/uploads\/2022\/01\/Document-cessio-temporal-amarradors-2006.pdf\"><i class=\"far fa-file-alt\"><\/i>Document d&rsquo;affectation temporaire amarrage 2006<\/a><\/li>\n<li><a href=\"https:\/\/www.portginesta.com\/wp-content\/uploads\/2022\/10\/politica-port-ginesta-octubre-22.pdf\"><i class=\"far fa-file-alt\"><\/i>Politique de Port Ginesta<\/a><\/li>\n<li><a href=\"https:\/\/www.portginesta.com\/wp-content\/uploads\/2025\/04\/normativa-varadero-abril-25-en.pdf\" target=\"_blank\" rel=\"noopener\"><i class=\"far fa-file-alt\"><\/i>Acc\u00e8s aux normes &#8211; Utiliser Varadero<\/a><\/li>\n<li><a href=\"\/wp-content\/uploads\/2025\/10\/2025-06-batimetria-tecnoambiente-1.pdf\" target=\"_blank\" rel=\"noopener\"><i class=\"far fa-file-alt\"><\/i>Bathym\u00e9trie Bocana<\/a><\/li>\n<li><a href=\"https:\/\/www.portginesta.com\/wp-content\/uploads\/2022\/01\/Resolucio-Final-Unificacio.pdf\" target=\"_blank\" rel=\"noopener\"><i class=\"far fa-file-alt\"><\/i>Unification de la r\u00e9solution finale<\/a><\/li>\n<\/ul>\n<p>[\/et_pb_text][\/et_pb_column][et_pb_column type=\u00a0\u00bb1_2&Prime; _builder_version=\u00a0\u00bb4.16&Prime; _module_preset=\u00a0\u00bbdefault\u00a0\u00bb global_colors_info=\u00a0\u00bb{}\u00a0\u00bb][et_pb_text _builder_version=\u00a0\u00bb4.27.3&Prime; _module_preset=\u00a0\u00bbdefault\u00a0\u00bb link_font=\u00a0\u00bbPoppins||||||||\u00a0\u00bb link_text_color=\u00a0\u00bb#232323&Prime; ul_font=\u00a0\u00bbPoppins||||||||\u00a0\u00bb hover_enabled=\u00a0\u00bb0&Prime; locked=\u00a0\u00bboff\u00a0\u00bb global_colors_info=\u00a0\u00bb{}\u00a0\u00bb sticky_enabled=\u00a0\u00bb0&Prime;]<\/p>\n<ul class=\"lista-docs-desc\">\n<li><a href=\"\/wp-content\/uploads\/2026\/04\/declaracion-ambiental-2025-port-ginesta.pdf\" target=\"_blank\" rel=\"noopener\"><i class=\"far fa-file-alt\"><\/i>D\u00e9claration environnementale<\/a><\/li>\n<li><a href=\"https:\/\/www.portginesta.com\/wp-content\/uploads\/2025\/03\/port-ginesta-programa-objetivos-marzo-25.pdf\" target=\"_blank\" rel=\"noopener\"><i class=\"far fa-file-alt\"><\/i>Programme d&rsquo;objectifs<\/a><\/li>\n<li><a href=\"https:\/\/www.portginesta.com\/wp-content\/uploads\/2025\/04\/manual-buenas-practicas-abril-25-en.pdf\"><i class=\"far fa-file-alt\"><\/i>Manuel de Bonnes Pratiques Environnement et S\u00e9curit\u00e9<\/a><\/li>\n<li><a href=\"https:\/\/www.portginesta.com\/wp-content\/uploads\/2025\/11\/guia-navegacio-esbarjo-sostenible-respectuosa-fr.pdf\"><i class=\"far fa-file-alt\"><\/i>Guide pour une navigation de plaisance durable et respectueuse<\/a><\/li>\n<li><a href=\"https:\/\/www.portginesta.com\/wp-content\/uploads\/2022\/01\/enquesta-es.pdf\"><i class=\"far fa-file-alt\"><\/i>Enqu\u00eate de satisfaction environnementale et qualit\u00e9<\/a><\/li>\n<li><a href=\"https:\/\/www.portginesta.com\/wp-content\/uploads\/2022\/01\/Quadre-distancies.pdf\"><i class=\"far fa-file-alt\"><\/i>Tableau des distances de Port Ginesta aux autres ports<\/a><\/li>\n<li><a href=\"\/wp-content\/uploads\/2025\/10\/Plan-de-Autoproteccion-PORT-GINESTA-2023-27.06.23-SIGNAT.pdf\"><i class=\"far fa-file-alt\"><\/i>Plan d&rsquo;autoprotection du port PAU<\/a><\/li>\n<li><a href=\"\/wp-content\/uploads\/2025\/10\/certificados-port-ginesta-oct-25.pdf\"><i class=\"far fa-file-alt\"><\/i>Certificats qualit\u00e9, environnement, risques et pavillon bleu<\/a><\/li>\n<li><i class=\"far fa-file-alt\"><\/i><a href=\"https:\/\/www.portginesta.com\/comptes-annuels\/?lang=fr\">Comptes annuels<\/a><\/li>\n<\/ul>\n<p>[\/et_pb_text][\/et_pb_column][\/et_pb_row][et_pb_row _builder_version=\u00a0\u00bb4.16&Prime; _module_preset=\u00a0\u00bbdefault\u00a0\u00bb global_colors_info=\u00a0\u00bb{}\u00a0\u00bb][et_pb_column type=\u00a0\u00bb4_4&Prime; _builder_version=\u00a0\u00bb4.16&Prime; _module_preset=\u00a0\u00bbdefault\u00a0\u00bb global_colors_info=\u00a0\u00bb{}\u00a0\u00bb][et_pb_image src=\u00a0\u00bbhttps:\/\/www.portginesta.com\/wp-content\/uploads\/2022\/01\/logo-documentos.jpg\u00a0\u00bb title_text=\u00a0\u00bblogo-documentos\u00a0\u00bb _builder_version=\u00a0\u00bb4.16&Prime; _module_preset=\u00a0\u00bbdefault\u00a0\u00bb width=\u00a0\u00bb450px\u00a0\u00bb width_tablet=\u00a0\u00bb400px\u00a0\u00bb width_phone=\u00a0\u00bb90%\u00a0\u00bb width_last_edited=\u00a0\u00bbon|phone\u00a0\u00bb module_alignment=\u00a0\u00bbcenter\u00a0\u00bb custom_margin=\u00a0\u00bb0px||0px||true|false\u00a0\u00bb custom_padding=\u00a0\u00bb0px||0px||true|false\u00a0\u00bb global_colors_info=\u00a0\u00bb{}\u00a0\u00bb][\/et_pb_image][\/et_pb_column][\/et_pb_row][\/et_pb_section][et_pb_section fb_built=\u00a0\u00bb1&Prime; _builder_version=\u00a0\u00bb4.16&Prime; _module_preset=\u00a0\u00bbdefault\u00a0\u00bb background_image=\u00a0\u00bbhttps:\/\/www.portginesta.com\/wp-content\/uploads\/2022\/01\/port-ginesta-fondo3.jpg\u00a0\u00bb custom_padding=\u00a0\u00bb30px||30px||true|false\u00a0\u00bb global_colors_info=\u00a0\u00bb{}\u00a0\u00bb][et_pb_row _builder_version=\u00a0\u00bb4.16&Prime; _module_preset=\u00a0\u00bbdefault\u00a0\u00bb global_colors_info=\u00a0\u00bb{}\u00a0\u00bb][et_pb_column type=\u00a0\u00bb4_4&Prime; _builder_version=\u00a0\u00bb4.16&Prime; _module_preset=\u00a0\u00bbdefault\u00a0\u00bb global_colors_info=\u00a0\u00bb{}\u00a0\u00bb][et_pb_image src=\u00a0\u00bbhttps:\/\/www.portginesta.com\/wp-content\/uploads\/2022\/01\/Logos-port-ginesta-sur-multihull-3.png\u00a0\u00bb title_text=\u00a0\u00bbLogos-port-ginesta-sur-multihull-3&Prime; _builder_version=\u00a0\u00bb4.16&Prime; _module_preset=\u00a0\u00bbdefault\u00a0\u00bb max_width=\u00a0\u00bb800px\u00a0\u00bb module_alignment=\u00a0\u00bbcenter\u00a0\u00bb global_colors_info=\u00a0\u00bb{}\u00a0\u00bb][\/et_pb_image][et_pb_button button_url=\u00a0\u00bbhttps:\/\/www.portginesta.com\/fr\/tarifs-et-reservations\/\u00a0\u00bb button_text=\u00a0\u00bbR\u00c9SERVATIONS\u00a0\u00bb button_alignment=\u00a0\u00bbcenter\u00a0\u00bb _builder_version=\u00a0\u00bb4.16&Prime; _module_preset=\u00a0\u00bbdefault\u00a0\u00bb custom_button=\u00a0\u00bbon\u00a0\u00bb button_text_color=\u00a0\u00bb#FFFFFF\u00a0\u00bb button_bg_color=\u00a0\u00bb#002554&Prime; button_border_width=\u00a0\u00bb0px\u00a0\u00bb button_border_radius=\u00a0\u00bb0px\u00a0\u00bb button_font=\u00a0\u00bbPoppins|700|||||||\u00a0\u00bb button_icon=\u00a0\u00bb&#xf13d;||fa||900&Prime; button_icon_color=\u00a0\u00bb#0089C0&Prime; button_on_hover=\u00a0\u00bboff\u00a0\u00bb custom_css_main_element=\u00a0\u00bbwidth: 100%;\u00a0\u00bb box_shadow_style=\u00a0\u00bbpreset3&Prime; global_colors_info=\u00a0\u00bb{}\u00a0\u00bb][\/et_pb_button][\/et_pb_column][\/et_pb_row][\/et_pb_section]<\/p>\n","protected":false},"excerpt":{"rendered":"<p>DOCUMENTS Organigramme plan des ports R\u00e9glementation d&rsquo;Exploitation et Police du port Demande d&rsquo;affectation d\u00e9finitive concession d&rsquo;amarrage 2006 Document d&rsquo;affectation temporaire amarrage 2006 Politique de Port Ginesta Acc\u00e8s aux normes &#8211; Utiliser Varadero Bathym\u00e9trie Bocana Unification de la r\u00e9solution finale D\u00e9claration environnementale Programme d&rsquo;objectifs Manuel de Bonnes Pratiques Environnement et S\u00e9curit\u00e9 Guide pour une navigation de [&hellip;]<\/p>\n","protected":false},"author":1,"featured_media":0,"parent":0,"menu_order":0,"comment_status":"closed","ping_status":"closed","template":"","meta":{"_et_pb_use_builder":"on","_et_pb_old_content":"","_et_gb_content_width":"","inline_featured_image":false,"footnotes":""},"class_list":["post-3704","page","type-page","status-publish","hentry"],"yoast_head":"<!-- This site is optimized with the Yoast SEO plugin v27.5 - https:\/\/yoast.com\/product\/yoast-seo-wordpress\/ -->\n<title>Documentos - Port Ginesta<\/title>\n<meta name=\"robots\" content=\"index, follow, max-snippet:-1, max-image-preview:large, max-video-preview:-1\" \/>\n<link rel=\"canonical\" href=\"https:\/\/www.portginesta.com\/documentos\/\" \/>\n<meta property=\"og:locale\" content=\"fr_FR\" \/>\n<meta property=\"og:type\" content=\"article\" \/>\n<meta property=\"og:title\" content=\"Documentos - Port Ginesta\" \/>\n<meta property=\"og:description\" content=\"DOCUMENTS Organigramme plan des ports R\u00e9glementation d&#039;Exploitation et Police du port Demande d&#039;affectation d\u00e9finitive concession d&#039;amarrage 2006 Document d&#039;affectation temporaire amarrage 2006 Politique de Port Ginesta Acc\u00e8s aux normes - Utiliser Varadero Bathym\u00e9trie Bocana Unification de la r\u00e9solution finale D\u00e9claration environnementale Programme d&#039;objectifs Manuel de Bonnes Pratiques Environnement et S\u00e9curit\u00e9 Guide pour une navigation de [&hellip;]\" \/>\n<meta property=\"og:url\" content=\"https:\/\/www.portginesta.com\/documentos\/\" \/>\n<meta property=\"og:site_name\" content=\"Port Ginesta\" \/>\n<meta property=\"article:modified_time\" content=\"2026-04-07T09:54:51+00:00\" \/>\n<meta name=\"twitter:card\" content=\"summary_large_image\" \/>\n<meta name=\"twitter:label1\" content=\"Dur\u00e9e de lecture estim\u00e9e\" \/>\n\t<meta name=\"twitter:data1\" content=\"3 minutes\" \/>\n<script type=\"application\/ld+json\" class=\"yoast-schema-graph\">{\"@context\":\"https:\\\/\\\/schema.org\",\"@graph\":[{\"@type\":\"WebPage\",\"@id\":\"https:\\\/\\\/www.portginesta.com\\\/documentos\\\/\",\"url\":\"https:\\\/\\\/www.portginesta.com\\\/documentos\\\/\",\"name\":\"Documentos - Port Ginesta\",\"isPartOf\":{\"@id\":\"https:\\\/\\\/www.portginesta.com\\\/#website\"},\"datePublished\":\"2022-06-14T11:25:25+00:00\",\"dateModified\":\"2026-04-07T09:54:51+00:00\",\"breadcrumb\":{\"@id\":\"https:\\\/\\\/www.portginesta.com\\\/documentos\\\/#breadcrumb\"},\"inLanguage\":\"fr-FR\",\"potentialAction\":[{\"@type\":\"ReadAction\",\"target\":[\"https:\\\/\\\/www.portginesta.com\\\/documentos\\\/\"]}]},{\"@type\":\"BreadcrumbList\",\"@id\":\"https:\\\/\\\/www.portginesta.com\\\/documentos\\\/#breadcrumb\",\"itemListElement\":[{\"@type\":\"ListItem\",\"position\":1,\"name\":\"Portada\",\"item\":\"https:\\\/\\\/www.portginesta.com\\\/\"},{\"@type\":\"ListItem\",\"position\":2,\"name\":\"Documentos\"}]},{\"@type\":\"WebSite\",\"@id\":\"https:\\\/\\\/www.portginesta.com\\\/#website\",\"url\":\"https:\\\/\\\/www.portginesta.com\\\/\",\"name\":\"Port Ginesta\",\"description\":\"Otro sitio realizado con WordPress\",\"potentialAction\":[{\"@type\":\"SearchAction\",\"target\":{\"@type\":\"EntryPoint\",\"urlTemplate\":\"https:\\\/\\\/www.portginesta.com\\\/?s={search_term_string}\"},\"query-input\":{\"@type\":\"PropertyValueSpecification\",\"valueRequired\":true,\"valueName\":\"search_term_string\"}}],\"inLanguage\":\"fr-FR\"}]}<\/script>\n<!-- \/ Yoast SEO plugin. -->","yoast_head_json":{"title":"Documentos - Port Ginesta","robots":{"index":"index","follow":"follow","max-snippet":"max-snippet:-1","max-image-preview":"max-image-preview:large","max-video-preview":"max-video-preview:-1"},"canonical":"https:\/\/www.portginesta.com\/documentos\/","og_locale":"fr_FR","og_type":"article","og_title":"Documentos - Port Ginesta","og_description":"DOCUMENTS Organigramme plan des ports R\u00e9glementation d'Exploitation et Police du port Demande d'affectation d\u00e9finitive concession d'amarrage 2006 Document d'affectation temporaire amarrage 2006 Politique de Port Ginesta Acc\u00e8s aux normes - Utiliser Varadero Bathym\u00e9trie Bocana Unification de la r\u00e9solution finale D\u00e9claration environnementale Programme d'objectifs Manuel de Bonnes Pratiques Environnement et S\u00e9curit\u00e9 Guide pour une navigation de [&hellip;]","og_url":"https:\/\/www.portginesta.com\/documentos\/","og_site_name":"Port Ginesta","article_modified_time":"2026-04-07T09:54:51+00:00","twitter_card":"summary_large_image","twitter_misc":{"Dur\u00e9e de lecture estim\u00e9e":"3 minutes"},"schema":{"@context":"https:\/\/schema.org","@graph":[{"@type":"WebPage","@id":"https:\/\/www.portginesta.com\/documentos\/","url":"https:\/\/www.portginesta.com\/documentos\/","name":"Documentos - Port Ginesta","isPartOf":{"@id":"https:\/\/www.portginesta.com\/#website"},"datePublished":"2022-06-14T11:25:25+00:00","dateModified":"2026-04-07T09:54:51+00:00","breadcrumb":{"@id":"https:\/\/www.portginesta.com\/documentos\/#breadcrumb"},"inLanguage":"fr-FR","potentialAction":[{"@type":"ReadAction","target":["https:\/\/www.portginesta.com\/documentos\/"]}]},{"@type":"BreadcrumbList","@id":"https:\/\/www.portginesta.com\/documentos\/#breadcrumb","itemListElement":[{"@type":"ListItem","position":1,"name":"Portada","item":"https:\/\/www.portginesta.com\/"},{"@type":"ListItem","position":2,"name":"Documentos"}]},{"@type":"WebSite","@id":"https:\/\/www.portginesta.com\/#website","url":"https:\/\/www.portginesta.com\/","name":"Port Ginesta","description":"Otro sitio realizado con WordPress","potentialAction":[{"@type":"SearchAction","target":{"@type":"EntryPoint","urlTemplate":"https:\/\/www.portginesta.com\/?s={search_term_string}"},"query-input":{"@type":"PropertyValueSpecification","valueRequired":true,"valueName":"search_term_string"}}],"inLanguage":"fr-FR"}]}},"_links":{"self":[{"href":"https:\/\/www.portginesta.com\/fr\/wp-json\/wp\/v2\/pages\/3704","targetHints":{"allow":["GET"]}}],"collection":[{"href":"https:\/\/www.portginesta.com\/fr\/wp-json\/wp\/v2\/pages"}],"about":[{"href":"https:\/\/www.portginesta.com\/fr\/wp-json\/wp\/v2\/types\/page"}],"author":[{"embeddable":true,"href":"https:\/\/www.portginesta.com\/fr\/wp-json\/wp\/v2\/users\/1"}],"replies":[{"embeddable":true,"href":"https:\/\/www.portginesta.com\/fr\/wp-json\/wp\/v2\/comments?post=3704"}],"version-history":[{"count":28,"href":"https:\/\/www.portginesta.com\/fr\/wp-json\/wp\/v2\/pages\/3704\/revisions"}],"predecessor-version":[{"id":11193,"href":"https:\/\/www.portginesta.com\/fr\/wp-json\/wp\/v2\/pages\/3704\/revisions\/11193"}],"wp:attachment":[{"href":"https:\/\/www.portginesta.com\/fr\/wp-json\/wp\/v2\/media?parent=3704"}],"curies":[{"name":"wp","href":"https:\/\/api.w.org\/{rel}","templated":true}]}}