{"id":3864,"date":"2022-06-15T11:47:50","date_gmt":"2022-06-15T11:47:50","guid":{"rendered":"http:\/\/www.portginesta.com\/autres-services\/"},"modified":"2025-11-18T15:41:56","modified_gmt":"2025-11-18T14:41:56","slug":"autres-services","status":"publish","type":"page","link":"https:\/\/www.portginesta.com\/fr\/autres-services\/","title":{"rendered":"Autres services"},"content":{"rendered":"<p>[et_pb_section fb_built=\u00a0\u00bb1&Prime; _builder_version=\u00a0\u00bb4.16&Prime; _module_preset=\u00a0\u00bbdefault\u00a0\u00bb custom_padding=\u00a0\u00bb||0px||false|false\u00a0\u00bb global_colors_info=\u00a0\u00bb{}\u00a0\u00bb][et_pb_row _builder_version=\u00a0\u00bb4.16&Prime; _module_preset=\u00a0\u00bbdefault\u00a0\u00bb global_colors_info=\u00a0\u00bb{}\u00a0\u00bb][et_pb_column type=\u00a0\u00bb4_4&Prime; _builder_version=\u00a0\u00bb4.16&Prime; _module_preset=\u00a0\u00bbdefault\u00a0\u00bb global_colors_info=\u00a0\u00bb{}\u00a0\u00bb][et_pb_text _builder_version=\u00a0\u00bb4.16&Prime; _module_preset=\u00a0\u00bbdefault\u00a0\u00bb header_font=\u00a0\u00bbPoppins|700|||||||\u00a0\u00bb header_text_color=\u00a0\u00bb#002554&Prime; custom_margin=\u00a0\u00bb||10px||false|false\u00a0\u00bb global_colors_info=\u00a0\u00bb{}\u00a0\u00bb]<\/p>\n<h1>Autres services<\/h1>\n<p>[\/et_pb_text][et_pb_divider color=\u00a0\u00bb#FFD600&Prime; divider_weight=\u00a0\u00bb5px\u00a0\u00bb _builder_version=\u00a0\u00bb4.16&Prime; _module_preset=\u00a0\u00bbdefault\u00a0\u00bb max_width=\u00a0\u00bb50px\u00a0\u00bb custom_margin=\u00a0\u00bb0px||0px||true|false\u00a0\u00bb custom_padding=\u00a0\u00bb0px||0px||true|false\u00a0\u00bb global_colors_info=\u00a0\u00bb{}\u00a0\u00bb][\/et_pb_divider][\/et_pb_column][\/et_pb_row][\/et_pb_section][et_pb_section fb_built=\u00a0\u00bb1&Prime; _builder_version=\u00a0\u00bb4.19.2&Prime; _module_preset=\u00a0\u00bbdefault\u00a0\u00bb background_image=\u00a0\u00bbhttps:\/\/www.portginesta.com\/wp-content\/uploads\/2024\/01\/cabecera-otros-servicios-port-ginesta-24.webp\u00a0\u00bb background_position=\u00a0\u00bbbottom_left\u00a0\u00bb min_height=\u00a0\u00bb250px\u00a0\u00bb global_colors_info=\u00a0\u00bb{}\u00a0\u00bb][et_pb_row _builder_version=\u00a0\u00bb4.16&Prime; _module_preset=\u00a0\u00bbdefault\u00a0\u00bb global_colors_info=\u00a0\u00bb{}\u00a0\u00bb][et_pb_column type=\u00a0\u00bb4_4&Prime; _builder_version=\u00a0\u00bb4.16&Prime; _module_preset=\u00a0\u00bbdefault\u00a0\u00bb global_colors_info=\u00a0\u00bb{}\u00a0\u00bb][\/et_pb_column][\/et_pb_row][\/et_pb_section][et_pb_section fb_built=\u00a0\u00bb1&Prime; module_class=\u00a0\u00bbsection-conmutador\u00a0\u00bb _builder_version=\u00a0\u00bb4.16&Prime; _module_preset=\u00a0\u00bbdefault\u00a0\u00bb global_colors_info=\u00a0\u00bb{}\u00a0\u00bb][et_pb_row disabled_on=\u00a0\u00bbon|off|off\u00a0\u00bb _builder_version=\u00a0\u00bb4.16&Prime; _module_preset=\u00a0\u00bbdefault\u00a0\u00bb global_colors_info=\u00a0\u00bb{}\u00a0\u00bb][et_pb_column type=\u00a0\u00bb4_4&Prime; _builder_version=\u00a0\u00bb4.16&Prime; _module_preset=\u00a0\u00bbdefault\u00a0\u00bb global_colors_info=\u00a0\u00bb{}\u00a0\u00bb][et_pb_toggle title=\u00a0\u00bbAutres services\u00a0\u00bb open=\u00a0\u00bbon\u00a0\u00bb open_toggle_text_color=\u00a0\u00bb#FFFFFF\u00a0\u00bb open_toggle_background_color=\u00a0\u00bb#FFFFFF\u00a0\u00bb closed_toggle_background_color=\u00a0\u00bb#FFFFFF\u00a0\u00bb icon_color=\u00a0\u00bb#FFD600&Prime; toggle_icon=\u00a0\u00bb&#x33;||divi||400&Prime; use_icon_font_size=\u00a0\u00bbon\u00a0\u00bb icon_font_size=\u00a0\u00bb30px\u00a0\u00bb open_icon_color=\u00a0\u00bb#FFD600&Prime; open_toggle_icon=\u00a0\u00bb&#x32;||divi||400&Prime; open_use_icon_font_size=\u00a0\u00bbon\u00a0\u00bb open_icon_font_size=\u00a0\u00bb30px\u00a0\u00bb admin_label=\u00a0\u00bbOtros servicios\u00a0\u00bb module_id=\u00a0\u00bbbaresmusicales\u00a0\u00bb _builder_version=\u00a0\u00bb4.27.3&Prime; _module_preset=\u00a0\u00bbdefault\u00a0\u00bb title_text_color=\u00a0\u00bb#FFFFFF\u00a0\u00bb title_font=\u00a0\u00bbPoppins|700|||||||\u00a0\u00bb body_font=\u00a0\u00bbPoppins||||||||\u00a0\u00bb body_text_color=\u00a0\u00bb#002554&Prime; body_font_size=\u00a0\u00bb16px\u00a0\u00bb body_link_font=\u00a0\u00bb||||on||||\u00a0\u00bb body_link_text_color=\u00a0\u00bb#002554&Prime; background_enable_color=\u00a0\u00bboff\u00a0\u00bb custom_margin=\u00a0\u00bb||0px||false|false\u00a0\u00bb custom_padding=\u00a0\u00bb0px|0px|0px|0px|true|true\u00a0\u00bb hover_enabled=\u00a0\u00bb0&Prime; border_width_all=\u00a0\u00bb0px\u00a0\u00bb border_width_bottom=\u00a0\u00bb1px\u00a0\u00bb border_color_bottom=\u00a0\u00bb#FFFFFF\u00a0\u00bb global_colors_info=\u00a0\u00bb{}\u00a0\u00bb sticky_enabled=\u00a0\u00bb0&Prime;]&nbsp;<\/p>\n<table>\n<tbody>\n<tr>\n<td><strong>BCA MUSIC<br \/>\n<\/strong>Soci\u00e9t\u00e9 de production musicale.<\/td>\n<td><strong>Local 518<\/strong><\/td>\n<td><strong>Horaires d\u2019ouverture :<br \/>\n<\/strong>de 9h \u00e0 17h (approx.)<\/td>\n<td>T\u00e9l. : <a href=\"tel:+34661978367\">661 97 83 67<\/a><br \/>\n<span style=\"font-size: 16px;\">Email : <\/span><a href=\"mailto:salvarez@bca-music.com\" target=\"_blank\" rel=\"noopener\" style=\"font-size: 16px;\">salvarez@bca-music.com<\/a><\/td>\n<\/tr>\n<tr>\n<td><strong>DOIDA PATRIMONIAL S.L.<\/strong><br \/>\nGestion et administration de biens immobiliers.<br \/>\nEstimation gratuite.<br \/>\nD\u00e9partement financier.<br \/>\nAssurances nautiques.<\/td>\n<td><strong>Local 817<\/strong><\/td>\n<td><strong>Horaires d\u2019ouverture :<br \/>\n<\/strong>du lundi au vendredi de 10h \u00e0 14h. Samedi : de 10h \u00e0 14h<\/td>\n<td>T\u00e9l. : <a href=\"tel:+34640821625\">640 82 16 25<\/a><br \/>\n<span style=\"font-size: 16px;\">Email : <\/span><a href=\"mailto:sgil@api.cat\" style=\"font-size: 16px;\">sgil@api.cat<\/a><\/td>\n<\/tr>\n<tr>\n<td><strong>Grupo EXAKTAPACK S.L.<br \/>\n<\/strong>Machines de pesage et d\u2019emballage industriel.<\/td>\n<td><strong>Local 222<\/strong><\/td>\n<td><strong>Horaires :<br \/>\n<\/strong>de 8h30 \u00e0 17h00<\/td>\n<td>T\u00e9l. : <a href=\"tel:+34936360673\">936 360 673<\/a><br \/>\n<span style=\"font-size: 16px;\">Email : <\/span><a href=\"mailto:info@exaktapack.com\" rel=\"noreferrer\" style=\"font-size: 16px;\">info@exaktapack.com<\/a><\/td>\n<\/tr>\n<tr>\n<td><strong><a href=\"http:\/\/www.isse-japan.es\/\">ISS\u00e9 JAPAN<\/a><br \/>\n<\/strong>Vente d\u2019outils de p\u00eache japonais ikejime et tsumotoshiki. Vente au d\u00e9tail de produits artisanaux japonais traditionnels tels que le wasabi frais, le th\u00e9 vert de Kyoto, des alcools japonais, sauces et condiments, ainsi que divers produits rares pour cuisiner une v\u00e9ritable cuisine japonaise. D\u00e9gustation et formation \u00e0 l&rsquo;utilisation de ces produits pour passionn\u00e9s de gastronomie et professionnels de la restauration. Cours de cuisine japonaise.<\/td>\n<td><strong>Local 322<\/strong><\/td>\n<td><\/td>\n<td>T\u00e9l. : <a href=\"tel:+34680505240\">+34 680-505-240<\/a><br \/>\n<span style=\"font-size: 16px;\">Email : <\/span><a href=\"mailto:contact@isse.co.jp\" style=\"font-size: 16px;\">contact@isse.co.jp<\/a><br \/>\n<span style=\"font-size: 16px;\">Autres sites : <\/span><a href=\"http:\/\/www.isse.co.jp\/\" style=\"font-size: 16px;\">www.isse.co.jp<\/a><\/td>\n<\/tr>\n<tr>\n<td><strong><a href=\"http:\/\/www.lamiradadenata.com\">LA MIRADA DE NATA<\/a><br \/>\n<\/strong>Th\u00e9rapies visant \u00e0 am\u00e9liorer les relations familiales, l\u2019estime de soi, la gestion \u00e9motionnelle, l\u2019\u00e9tablissement de limites et d\u2019autres objectifs sp\u00e9cifiques.<\/td>\n<td><strong>Local 818 B<\/strong><\/td>\n<td><strong>Horaires :<br \/>\n<\/strong>de 10h \u00e0 20h<\/td>\n<td>T\u00e9l. : <a href=\"tel:+34618897902\">618 897 902<\/a><br \/>\n<span style=\"font-size: 16px;\">Email : <\/span><a href=\"mailto:lamiradadenata@gmail.com\" style=\"font-size: 16px;\">lamiradadenata@gmail.com<\/a><\/td>\n<\/tr>\n<tr>\n<td><strong><a href=\"https:\/\/mediteurope.com\/\" target=\"_blank\" rel=\"noopener\">MED-IT EUROPE<\/a><br \/>\n<\/strong>Sp\u00e9cialiste de l\u2019approvisionnement en produits informatiques neufs et reconditionn\u00e9s de diff\u00e9rentes marques. MED-IT aide les entreprises \u00e0 optimiser leurs achats et \u00e0 obtenir des produits difficiles \u00e0 trouver. Il se positionne comme votre partenaire pour tout projet ou besoin.<\/td>\n<td><strong>Local 610<\/strong><\/td>\n<td><\/td>\n<td>T\u00e9l. : <a href=\"tel:+34688642947\">688 64 29 47<\/a><\/td>\n<\/tr>\n<tr>\n<td><strong><a href=\"http:\/\/www.planetgames.es\/\" target=\"_blank\" rel=\"noopener\">PLANET GAMES<\/a><br \/>\n<\/strong>Fabricant de jeux de soci\u00e9t\u00e9 et puzzles.<\/td>\n<td><strong>Local 621<\/strong><\/td>\n<td><strong>Horaires :<br \/>\n<\/strong>de 9h \u00e0 17h<\/td>\n<td>T\u00e9l. : <a href=\"tel:+34936646830\">936 646 830<\/a><br \/>\n<span style=\"font-size: 16px;\">Email : <\/span><a href=\"mailto:info@planetgames.es\" target=\"_blank\" rel=\"noopener\" style=\"font-size: 16px;\">info@planetgames.es<\/a><\/td>\n<\/tr>\n<tr>\n<td><strong><a href=\"https:\/\/portginestacf.aimharder.com\/boxmemberships?buy=20061\">PORT GINESTA CROSSFIT<\/a><br \/>\n<\/strong>Salle de sport \/ CrossFit.<\/td>\n<td><strong>Local 514<\/strong><\/td>\n<td><strong>Horaires :<br \/>\n<\/strong>de 7h30 \u00e0 21h30<\/td>\n<td>T\u00e9l. : <a href=\"tel:+34936646830\">+34 639 409 341<\/a><br \/>\n<span style=\"font-size: 16px;\">Email : <\/span><a href=\"mailto:Portginestacf@gmail.com\" rel=\"noreferrer\" style=\"font-size: 16px;\">portginestacf@gmail.com<\/a><\/td>\n<\/tr>\n<tr>\n<td><strong>PRODUCTORA MUSICAL<br \/>\n<\/strong>Soci\u00e9t\u00e9 de production musicale.<\/td>\n<td><strong>Local 225<\/strong><\/td>\n<td><strong>Horaires :<br \/>\n<\/strong>de 9h30 \u00e0 20h<\/td>\n<td>T\u00e9l. : <a href=\"tel:+34660303376\">660 303 376<\/a><br \/>\n<span style=\"font-size: 16px;\">Email : <\/span><a href=\"mailto:yann28-4@hotmail.com\" style=\"font-size: 16px;\">yann28-4@hotmail.com<\/a><\/td>\n<\/tr>\n<tr>\n<td><strong><a href=\"https:\/\/www.swanmedical.es\/\">SWAN MEDICAL SL<\/a><br \/>\n<\/strong>Fabrication de dispositifs m\u00e9dicaux.<\/td>\n<td><strong>Local 814 B<\/strong><\/td>\n<td><strong>Heure d\u2019ouverture :<\/strong> 8h00<\/td>\n<td>T\u00e9l. : <a href=\"tel:+34938325897\">938 325 897<\/a><br \/>\n<span style=\"font-size: 16px;\">Email : <\/span><a href=\"mailto:admin@swanmedical.es\" target=\"_blank\" rel=\"noopener noreferrer\" style=\"font-size: 16px;\">admin@swanmedical.es<\/a><\/td>\n<\/tr>\n<\/tbody>\n<\/table>\n<p>&nbsp;[\/et_pb_toggle][\/et_pb_column][\/et_pb_row][et_pb_row disabled_on=\u00a0\u00bboff|on|on\u00a0\u00bb _builder_version=\u00a0\u00bb4.16&Prime; _module_preset=\u00a0\u00bbdefault\u00a0\u00bb global_colors_info=\u00a0\u00bb{}\u00a0\u00bb][et_pb_column type=\u00a0\u00bb4_4&Prime; _builder_version=\u00a0\u00bb4.16&Prime; _module_preset=\u00a0\u00bbdefault\u00a0\u00bb global_colors_info=\u00a0\u00bb{}\u00a0\u00bb][et_pb_toggle title=\u00a0\u00bbAutres services\u00a0\u00bb open_toggle_text_color=\u00a0\u00bb#FFFFFF\u00a0\u00bb open_toggle_background_color=\u00a0\u00bb#FFFFFF\u00a0\u00bb closed_toggle_background_color=\u00a0\u00bb#FFFFFF\u00a0\u00bb icon_color=\u00a0\u00bb#FFD600&Prime; toggle_icon=\u00a0\u00bb&#x33;||divi||400&Prime; use_icon_font_size=\u00a0\u00bbon\u00a0\u00bb icon_font_size=\u00a0\u00bb30px\u00a0\u00bb open_icon_color=\u00a0\u00bb#FFD600&Prime; open_toggle_icon=\u00a0\u00bb&#x32;||divi||400&Prime; open_use_icon_font_size=\u00a0\u00bbon\u00a0\u00bb open_icon_font_size=\u00a0\u00bb30px\u00a0\u00bb admin_label=\u00a0\u00bbOtros servicios\u00a0\u00bb module_id=\u00a0\u00bbrestaurantes\u00a0\u00bb _builder_version=\u00a0\u00bb4.27.3&Prime; _module_preset=\u00a0\u00bbdefault\u00a0\u00bb title_text_color=\u00a0\u00bb#FFFFFF\u00a0\u00bb title_font=\u00a0\u00bbPoppins|700|||||||\u00a0\u00bb body_font=\u00a0\u00bbPoppins||||||||\u00a0\u00bb body_text_color=\u00a0\u00bb#002554&Prime; body_font_size=\u00a0\u00bb16px\u00a0\u00bb body_link_font=\u00a0\u00bb||||on||||\u00a0\u00bb body_link_text_color=\u00a0\u00bb#002554&Prime; background_enable_color=\u00a0\u00bboff\u00a0\u00bb custom_margin=\u00a0\u00bb||0px||false|false\u00a0\u00bb custom_padding=\u00a0\u00bb0px|0px|0px|0px|true|true\u00a0\u00bb hover_enabled=\u00a0\u00bb0&Prime; border_width_all=\u00a0\u00bb0px\u00a0\u00bb border_width_bottom=\u00a0\u00bb1px\u00a0\u00bb border_color_bottom=\u00a0\u00bb#FFFFFF\u00a0\u00bb global_colors_info=\u00a0\u00bb{}\u00a0\u00bb sticky_enabled=\u00a0\u00bb0&Prime;]<\/p>\n<p><strong>BCA MUSIC<\/strong><\/p>\n<ul>\n<li>Soci\u00e9t\u00e9 de production musicale<\/li>\n<li><strong>Local 518<\/strong><\/li>\n<li><strong>Horaires :<\/strong> 9h \u00e0 17h (approx.)<\/li>\n<li><strong>T\u00e9l. :<\/strong> <a href=\"tel:+34661978367\">661 978 367<\/a><\/li>\n<li><strong>Email :<\/strong> <a href=\"mailto:salvarez@bca-music.com\" target=\"_blank\" rel=\"noopener\">salvarez@bca-music.com<\/a><\/li>\n<\/ul>\n<p><strong>DOIDA PATRIMONIAL S.L.<\/strong><\/p>\n<ul>\n<li>Gestion et administration de biens immobiliers. Estimation gratuite. D\u00e9partement financier. Assurances nautiques.<\/li>\n<li><strong>Local 817<\/strong><\/li>\n<li><strong>Horaires :<\/strong> du lundi au vendredi de 10h \u00e0 14h et le samedi de 10h \u00e0 14h<\/li>\n<li><strong>T\u00e9l. :<\/strong> <a href=\"tel:+34640821625\">640821625<\/a><\/li>\n<li><strong>Email :<\/strong> <a href=\"mailto:sgil@api.cat\">sgil@api.cat<\/a><\/li>\n<\/ul>\n<p><strong>Grupo EXAKTAPACK S.L.<\/strong><\/p>\n<ul>\n<li>Machines de pesage et d\u2019emballage industriel<\/li>\n<li><strong>Local 222<\/strong><\/li>\n<li><strong>Horaires :<\/strong> 8h30 \u2013 17h00<\/li>\n<li><strong>T\u00e9l. :<\/strong> <a href=\"tel:+34936360673\">936 360 673<\/a><\/li>\n<li><strong>Email :<\/strong> <a href=\"mailto:info@exaktapack.com\">info@exaktapack.com<\/a><\/li>\n<\/ul>\n<p><strong><a href=\"http:\/\/www.isse-japan.es\/\" target=\"_blank\" rel=\"noopener\">ISS\u00e9 JAPAN<\/a><\/strong><\/p>\n<ul>\n<li>Vente d\u2019arts de p\u00eache japonais ikejime et tsumotoshiki. Vente au d\u00e9tail de produits artisanaux japonais traditionnels tels que wasabi frais, th\u00e9 vert de Kyoto, alcools japonais, sauces et condiments, ainsi que produits rares pour cuisiner une v\u00e9ritable cuisine japonaise. D\u00e9gustations et formations pour amateurs de gastronomie et professionnels de la restauration. Cours de cuisine japonaise.<\/li>\n<li><strong>Local 322<\/strong><\/li>\n<li><strong>T\u00e9l. :<\/strong> <a href=\"tel:+34936360673\">+34 680-505-240<\/a><\/li>\n<li><strong>Email :<\/strong> <a href=\"mailto:contact@isse.co.jp\">contact@isse.co.jp<\/a><\/li>\n<li><strong>Autres sites :<\/strong> <a href=\"http:\/\/www.isse.co.jp\/\">www.isse.co.jp<\/a><\/li>\n<\/ul>\n<p><strong><a href=\"http:\/\/www.patrimon.es\/\" target=\"_blank\" rel=\"noopener\">LA MIRADA DE NATA<\/a><\/strong><\/p>\n<ul>\n<li>Th\u00e9rapies visant \u00e0 am\u00e9liorer les relations familiales, l\u2019estime de soi, la gestion \u00e9motionnelle et l\u2019\u00e9tablissement de limites.<\/li>\n<li><strong>Local 610<\/strong><\/li>\n<li><strong>T\u00e9l. :<\/strong> <a href=\"tel:+34688642947\">688 64 29 47<\/a><\/li>\n<li><strong>Email :<\/strong> <a href=\"mailto:lamiradadenata@gmail.com\">lamiradadenata@gmail.com<\/a><\/li>\n<\/ul>\n<p><strong><a href=\"https:\/\/mediteurope.com\/\" target=\"_blank\" rel=\"noopener\">MED-IT EUROPE<\/a><\/strong><\/p>\n<ul>\n<li>Sp\u00e9cialiste de l\u2019approvisionnement en mat\u00e9riel informatique neuf et reconditionn\u00e9. Aide les entreprises \u00e0 optimiser leurs achats et \u00e0 obtenir des produits difficiles \u00e0 trouver. Se positionne comme partenaire op\u00e9rationnel.<\/li>\n<li><strong>Local 610<\/strong><\/li>\n<li><strong>T\u00e9l. :<\/strong> <a href=\"tel:+618897902\">618 897 902<\/a><\/li>\n<\/ul>\n<p><strong><a href=\"http:\/\/www.planetgames.es\/\" target=\"_blank\" rel=\"noopener\">PLANET GAMES<\/a><\/strong><\/p>\n<ul>\n<li>Fabricant de jeux de soci\u00e9t\u00e9 et puzzles<\/li>\n<li><strong>Local 621<\/strong><\/li>\n<li><strong>Horaires :<\/strong> 9h \u2013 17h<\/li>\n<li><strong>T\u00e9l. :<\/strong> <a href=\"tel:+34936646830\">936 646 830<\/a><\/li>\n<li><strong>Email :<\/strong> <a href=\"mailto:info@planetgames.es\" target=\"_blank\" rel=\"noopener\">info@planetgames.es<\/a><\/li>\n<\/ul>\n<p><strong><a href=\"https:\/\/portginestacf.aimharder.com\/boxmemberships?buy=20061\" target=\"_blank\" rel=\"noopener\">PORT GINESTA CROSSFIT<\/a><\/strong><\/p>\n<ul>\n<li>Salle de sport \/ CrossFit<\/li>\n<li><strong>Local 514<\/strong><\/li>\n<li><strong>Horaires :<\/strong> 7h30 \u2013 21h30<\/li>\n<li><strong>T\u00e9l. :<\/strong> <a href=\"tel:+34639409341\">+34 639 409 341<\/a><\/li>\n<li><strong>Email :<\/strong> <a href=\"mailto:Portginestacf@gmail.com\" rel=\"noreferrer\">portginestacf@gmail.com<\/a><\/li>\n<\/ul>\n<p><strong>PRODUCTORA MUSICAL<\/strong><\/p>\n<ul>\n<li>Soci\u00e9t\u00e9 de production musicale<\/li>\n<li><strong>Local 225<\/strong><\/li>\n<li><strong>Horaires :<\/strong> 9h30 \u2013 20h00<\/li>\n<li><strong>T\u00e9l. :<\/strong> <a href=\"tel:+34660303376\">660 303 376<\/a><\/li>\n<li><strong>Email :<\/strong> <a href=\"mailto:yann28-4@hotmail.com\">yann28-4@hotmail.com<\/a><\/li>\n<\/ul>\n<p><strong><a href=\"https:\/\/www.swanmedical.es\/\" target=\"_blank\" rel=\"noopener\">SWAN MEDICAL SL<\/a><\/strong><\/p>\n<p><strong> <\/strong><\/p>\n<p><strong><\/strong><\/p>\n<ul>\n<li>Fabrication de dispositifs m\u00e9dicaux<\/li>\n<li><strong>Local 814 B<\/strong><\/li>\n<li><strong>Heure d\u2019ouverture :<\/strong> 8h00<\/li>\n<li><strong>T\u00e9l. :<\/strong> <a href=\"tel:+34938325897\">938 325 897<\/a><\/li>\n<li><strong>Email :<\/strong> <a href=\"mailto:admin@swanmedical.es\" target=\"_blank\" rel=\"noopener noreferrer\">admin@swanmedical.es<\/a><\/li>\n<\/ul>\n<p>[\/et_pb_toggle][\/et_pb_column][\/et_pb_row][\/et_pb_section][et_pb_section fb_built=\u00a0\u00bb1&Prime; _builder_version=\u00a0\u00bb4.16&Prime; _module_preset=\u00a0\u00bbdefault\u00a0\u00bb background_image=\u00a0\u00bbhttps:\/\/www.portginesta.com\/wp-content\/uploads\/2022\/01\/port-ginesta-fondo3.jpg\u00a0\u00bb custom_padding=\u00a0\u00bb30px||30px||true|false\u00a0\u00bb global_colors_info=\u00a0\u00bb{}\u00a0\u00bb][et_pb_row _builder_version=\u00a0\u00bb4.16&Prime; _module_preset=\u00a0\u00bbdefault\u00a0\u00bb global_colors_info=\u00a0\u00bb{}\u00a0\u00bb][et_pb_column type=\u00a0\u00bb4_4&Prime; _builder_version=\u00a0\u00bb4.16&Prime; _module_preset=\u00a0\u00bbdefault\u00a0\u00bb global_colors_info=\u00a0\u00bb{}\u00a0\u00bb][et_pb_image src=\u00a0\u00bbhttps:\/\/www.portginesta.com\/wp-content\/uploads\/2022\/01\/Logos-port-ginesta-sur-multihull-3.png\u00a0\u00bb title_text=\u00a0\u00bbLogos-port-ginesta-sur-multihull-3&Prime; _builder_version=\u00a0\u00bb4.16&Prime; _module_preset=\u00a0\u00bbdefault\u00a0\u00bb max_width=\u00a0\u00bb800px\u00a0\u00bb module_alignment=\u00a0\u00bbcenter\u00a0\u00bb global_colors_info=\u00a0\u00bb{}\u00a0\u00bb][\/et_pb_image][et_pb_button button_url=\u00a0\u00bb\/tarifas-reservas\/\u00a0\u00bb button_text=\u00a0\u00bbR\u00c9SERVATIONS\u00a0\u00bb button_alignment=\u00a0\u00bbcenter\u00a0\u00bb _builder_version=\u00a0\u00bb4.16&Prime; _module_preset=\u00a0\u00bbdefault\u00a0\u00bb custom_button=\u00a0\u00bbon\u00a0\u00bb button_text_color=\u00a0\u00bb#FFFFFF\u00a0\u00bb button_bg_color=\u00a0\u00bb#002554&Prime; button_border_width=\u00a0\u00bb0px\u00a0\u00bb button_border_radius=\u00a0\u00bb0px\u00a0\u00bb button_font=\u00a0\u00bbPoppins|700|||||||\u00a0\u00bb button_icon=\u00a0\u00bb&#xf13d;||fa||900&Prime; button_icon_color=\u00a0\u00bb#0089C0&Prime; button_on_hover=\u00a0\u00bboff\u00a0\u00bb custom_css_main_element=\u00a0\u00bbwidth: 100%;\u00a0\u00bb box_shadow_style=\u00a0\u00bbpreset3&Prime; global_colors_info=\u00a0\u00bb{}\u00a0\u00bb][\/et_pb_button][\/et_pb_column][\/et_pb_row][\/et_pb_section]<\/p>\n","protected":false},"excerpt":{"rendered":"<p>Autres services &nbsp; BCA MUSIC Soci\u00e9t\u00e9 de production musicale. Local 518 Horaires d\u2019ouverture : de 9h \u00e0 17h (approx.) T\u00e9l. : 661 97 83 67 Email : salvarez@bca-music.com DOIDA PATRIMONIAL S.L. Gestion et administration de biens immobiliers. Estimation gratuite. D\u00e9partement financier. Assurances nautiques. Local 817 Horaires d\u2019ouverture : du lundi au vendredi de 10h \u00e0 [&hellip;]<\/p>\n","protected":false},"author":1,"featured_media":0,"parent":0,"menu_order":0,"comment_status":"closed","ping_status":"closed","template":"","meta":{"_acf_changed":false,"_et_pb_use_builder":"on","_et_pb_old_content":"","_et_gb_content_width":"","inline_featured_image":false,"footnotes":""},"class_list":["post-3864","page","type-page","status-publish","hentry"],"acf":[],"yoast_head":"<!-- This site is optimized with the Yoast SEO plugin v27.5 - https:\/\/yoast.com\/product\/yoast-seo-wordpress\/ -->\n<title>Port Ginesta I Autres services<\/title>\n<meta name=\"description\" content=\"D\u00e9couvrez les autres services offerts par Port Ginesta : d&#039;une soci\u00e9t\u00e9 de production musicale, d&#039;une agence immobili\u00e8re et d&#039;un fabricant de jeux de soci\u00e9t\u00e9 et de puzzles.\" \/>\n<meta name=\"robots\" content=\"index, follow, max-snippet:-1, max-image-preview:large, max-video-preview:-1\" \/>\n<link rel=\"canonical\" href=\"https:\/\/www.portginesta.com\/otros-servicios\/\" \/>\n<meta property=\"og:locale\" content=\"fr_FR\" \/>\n<meta property=\"og:type\" content=\"article\" \/>\n<meta property=\"og:title\" content=\"Port Ginesta I Autres services\" \/>\n<meta property=\"og:description\" content=\"D\u00e9couvrez les autres services offerts par Port Ginesta : d&#039;une soci\u00e9t\u00e9 de production musicale, d&#039;une agence immobili\u00e8re et d&#039;un fabricant de jeux de soci\u00e9t\u00e9 et de puzzles.\" \/>\n<meta property=\"og:url\" content=\"https:\/\/www.portginesta.com\/otros-servicios\/\" \/>\n<meta property=\"og:site_name\" content=\"Port Ginesta\" \/>\n<meta property=\"article:modified_time\" content=\"2025-11-18T14:41:56+00:00\" \/>\n<meta name=\"twitter:card\" content=\"summary_large_image\" \/>\n<meta name=\"twitter:label1\" content=\"Dur\u00e9e de lecture estim\u00e9e\" \/>\n\t<meta name=\"twitter:data1\" content=\"7 minutes\" \/>\n<script type=\"application\/ld+json\" class=\"yoast-schema-graph\">{\"@context\":\"https:\\\/\\\/schema.org\",\"@graph\":[{\"@type\":\"WebPage\",\"@id\":\"https:\\\/\\\/www.portginesta.com\\\/otros-servicios\\\/\",\"url\":\"https:\\\/\\\/www.portginesta.com\\\/otros-servicios\\\/\",\"name\":\"Port Ginesta I Autres services\",\"isPartOf\":{\"@id\":\"https:\\\/\\\/www.portginesta.com\\\/#website\"},\"datePublished\":\"2022-06-15T11:47:50+00:00\",\"dateModified\":\"2025-11-18T14:41:56+00:00\",\"description\":\"D\u00e9couvrez les autres services offerts par Port Ginesta : d'une soci\u00e9t\u00e9 de production musicale, d'une agence immobili\u00e8re et d'un fabricant de jeux de soci\u00e9t\u00e9 et de puzzles.\",\"breadcrumb\":{\"@id\":\"https:\\\/\\\/www.portginesta.com\\\/otros-servicios\\\/#breadcrumb\"},\"inLanguage\":\"fr-FR\",\"potentialAction\":[{\"@type\":\"ReadAction\",\"target\":[\"https:\\\/\\\/www.portginesta.com\\\/otros-servicios\\\/\"]}]},{\"@type\":\"BreadcrumbList\",\"@id\":\"https:\\\/\\\/www.portginesta.com\\\/otros-servicios\\\/#breadcrumb\",\"itemListElement\":[{\"@type\":\"ListItem\",\"position\":1,\"name\":\"Portada\",\"item\":\"https:\\\/\\\/www.portginesta.com\\\/\"},{\"@type\":\"ListItem\",\"position\":2,\"name\":\"Autres services\"}]},{\"@type\":\"WebSite\",\"@id\":\"https:\\\/\\\/www.portginesta.com\\\/#website\",\"url\":\"https:\\\/\\\/www.portginesta.com\\\/\",\"name\":\"Port Ginesta\",\"description\":\"Otro sitio realizado con WordPress\",\"potentialAction\":[{\"@type\":\"SearchAction\",\"target\":{\"@type\":\"EntryPoint\",\"urlTemplate\":\"https:\\\/\\\/www.portginesta.com\\\/?s={search_term_string}\"},\"query-input\":{\"@type\":\"PropertyValueSpecification\",\"valueRequired\":true,\"valueName\":\"search_term_string\"}}],\"inLanguage\":\"fr-FR\"}]}<\/script>\n<!-- \/ Yoast SEO plugin. -->","yoast_head_json":{"title":"Port Ginesta I Autres services","description":"D\u00e9couvrez les autres services offerts par Port Ginesta : d'une soci\u00e9t\u00e9 de production musicale, d'une agence immobili\u00e8re et d'un fabricant de jeux de soci\u00e9t\u00e9 et de puzzles.","robots":{"index":"index","follow":"follow","max-snippet":"max-snippet:-1","max-image-preview":"max-image-preview:large","max-video-preview":"max-video-preview:-1"},"canonical":"https:\/\/www.portginesta.com\/otros-servicios\/","og_locale":"fr_FR","og_type":"article","og_title":"Port Ginesta I Autres services","og_description":"D\u00e9couvrez les autres services offerts par Port Ginesta : d'une soci\u00e9t\u00e9 de production musicale, d'une agence immobili\u00e8re et d'un fabricant de jeux de soci\u00e9t\u00e9 et de puzzles.","og_url":"https:\/\/www.portginesta.com\/otros-servicios\/","og_site_name":"Port Ginesta","article_modified_time":"2025-11-18T14:41:56+00:00","twitter_card":"summary_large_image","twitter_misc":{"Dur\u00e9e de lecture estim\u00e9e":"7 minutes"},"schema":{"@context":"https:\/\/schema.org","@graph":[{"@type":"WebPage","@id":"https:\/\/www.portginesta.com\/otros-servicios\/","url":"https:\/\/www.portginesta.com\/otros-servicios\/","name":"Port Ginesta I Autres services","isPartOf":{"@id":"https:\/\/www.portginesta.com\/#website"},"datePublished":"2022-06-15T11:47:50+00:00","dateModified":"2025-11-18T14:41:56+00:00","description":"D\u00e9couvrez les autres services offerts par Port Ginesta : d'une soci\u00e9t\u00e9 de production musicale, d'une agence immobili\u00e8re et d'un fabricant de jeux de soci\u00e9t\u00e9 et de puzzles.","breadcrumb":{"@id":"https:\/\/www.portginesta.com\/otros-servicios\/#breadcrumb"},"inLanguage":"fr-FR","potentialAction":[{"@type":"ReadAction","target":["https:\/\/www.portginesta.com\/otros-servicios\/"]}]},{"@type":"BreadcrumbList","@id":"https:\/\/www.portginesta.com\/otros-servicios\/#breadcrumb","itemListElement":[{"@type":"ListItem","position":1,"name":"Portada","item":"https:\/\/www.portginesta.com\/"},{"@type":"ListItem","position":2,"name":"Autres services"}]},{"@type":"WebSite","@id":"https:\/\/www.portginesta.com\/#website","url":"https:\/\/www.portginesta.com\/","name":"Port Ginesta","description":"Otro sitio realizado con WordPress","potentialAction":[{"@type":"SearchAction","target":{"@type":"EntryPoint","urlTemplate":"https:\/\/www.portginesta.com\/?s={search_term_string}"},"query-input":{"@type":"PropertyValueSpecification","valueRequired":true,"valueName":"search_term_string"}}],"inLanguage":"fr-FR"}]}},"_links":{"self":[{"href":"https:\/\/www.portginesta.com\/fr\/wp-json\/wp\/v2\/pages\/3864","targetHints":{"allow":["GET"]}}],"collection":[{"href":"https:\/\/www.portginesta.com\/fr\/wp-json\/wp\/v2\/pages"}],"about":[{"href":"https:\/\/www.portginesta.com\/fr\/wp-json\/wp\/v2\/types\/page"}],"author":[{"embeddable":true,"href":"https:\/\/www.portginesta.com\/fr\/wp-json\/wp\/v2\/users\/1"}],"replies":[{"embeddable":true,"href":"https:\/\/www.portginesta.com\/fr\/wp-json\/wp\/v2\/comments?post=3864"}],"version-history":[{"count":7,"href":"https:\/\/www.portginesta.com\/fr\/wp-json\/wp\/v2\/pages\/3864\/revisions"}],"predecessor-version":[{"id":10870,"href":"https:\/\/www.portginesta.com\/fr\/wp-json\/wp\/v2\/pages\/3864\/revisions\/10870"}],"wp:attachment":[{"href":"https:\/\/www.portginesta.com\/fr\/wp-json\/wp\/v2\/media?parent=3864"}],"curies":[{"name":"wp","href":"https:\/\/api.w.org\/{rel}","templated":true}]}}