{"id":6454,"date":"2022-11-21T08:25:47","date_gmt":"2022-11-21T08:25:47","guid":{"rendered":"https:\/\/www.portginesta.com\/salle-de-presse\/"},"modified":"2024-07-10T11:35:53","modified_gmt":"2024-07-10T09:35:53","slug":"salle-de-presse","status":"publish","type":"page","link":"https:\/\/www.portginesta.com\/fr\/salle-de-presse\/","title":{"rendered":"Salle de presse"},"content":{"rendered":"<p>[et_pb_section fb_built=\u00a0\u00bb1&Prime; _builder_version=\u00a0\u00bb4.16&Prime; _module_preset=\u00a0\u00bbdefault\u00a0\u00bb custom_padding=\u00a0\u00bb5px||0px||false|false\u00a0\u00bb locked=\u00a0\u00bboff\u00a0\u00bb global_colors_info=\u00a0\u00bb{}\u00a0\u00bb][et_pb_row _builder_version=\u00a0\u00bb4.16&Prime; _module_preset=\u00a0\u00bbdefault\u00a0\u00bb custom_padding=\u00a0\u00bb60px|10px|27px|10px|false|true\u00a0\u00bb global_colors_info=\u00a0\u00bb{}\u00a0\u00bb][et_pb_column type=\u00a0\u00bb4_4&Prime; _builder_version=\u00a0\u00bb4.16&Prime; _module_preset=\u00a0\u00bbdefault\u00a0\u00bb global_colors_info=\u00a0\u00bb{}\u00a0\u00bb][et_pb_text _builder_version=\u00a0\u00bb4.16&Prime; _module_preset=\u00a0\u00bbdefault\u00a0\u00bb header_font=\u00a0\u00bbPoppins|700||on|||||\u00a0\u00bb header_text_color=\u00a0\u00bb#002554&Prime; custom_margin=\u00a0\u00bb||10px||false|false\u00a0\u00bb global_colors_info=\u00a0\u00bb{}\u00a0\u00bb]<\/p>\n<h1>Salle de presse<\/h1>\n<p>[\/et_pb_text][et_pb_divider color=\u00a0\u00bb#FFD600&Prime; divider_weight=\u00a0\u00bb5px\u00a0\u00bb _builder_version=\u00a0\u00bb4.16&Prime; _module_preset=\u00a0\u00bbdefault\u00a0\u00bb max_width=\u00a0\u00bb50px\u00a0\u00bb custom_margin=\u00a0\u00bb0px||0px||true|false\u00a0\u00bb custom_padding=\u00a0\u00bb0px||0px||true|false\u00a0\u00bb global_colors_info=\u00a0\u00bb{}\u00a0\u00bb][\/et_pb_divider][\/et_pb_column][\/et_pb_row][\/et_pb_section][et_pb_section fb_built=\u00a0\u00bb1&Prime; _builder_version=\u00a0\u00bb4.19.2&Prime; _module_preset=\u00a0\u00bbdefault\u00a0\u00bb background_image=\u00a0\u00bbhttps:\/\/www.portginesta.com\/wp-content\/uploads\/2024\/01\/cabecera-prensa-port-ginesta-24.webp\u00a0\u00bb min_height=\u00a0\u00bb250px\u00a0\u00bb locked=\u00a0\u00bboff\u00a0\u00bb global_colors_info=\u00a0\u00bb{}\u00a0\u00bb][et_pb_row _builder_version=\u00a0\u00bb4.16&Prime; _module_preset=\u00a0\u00bbdefault\u00a0\u00bb global_colors_info=\u00a0\u00bb{}\u00a0\u00bb][et_pb_column type=\u00a0\u00bb4_4&Prime; _builder_version=\u00a0\u00bb4.16&Prime; _module_preset=\u00a0\u00bbdefault\u00a0\u00bb global_colors_info=\u00a0\u00bb{}\u00a0\u00bb][\/et_pb_column][\/et_pb_row][\/et_pb_section][et_pb_section fb_built=\u00a0\u00bb1&Prime; disabled_on=\u00a0\u00bboff|off|off\u00a0\u00bb module_id=\u00a0\u00bbsala-prensa\u00a0\u00bb module_class=\u00a0\u00bbseccion-documentos section-conmutador\u00a0\u00bb _builder_version=\u00a0\u00bb4.16&Prime; _module_preset=\u00a0\u00bbdefault\u00a0\u00bb custom_margin=\u00a0\u00bb0px||0px||true|false\u00a0\u00bb custom_padding=\u00a0\u00bb60px||39px||false|false\u00a0\u00bb background_last_edited=\u00a0\u00bbon|tablet\u00a0\u00bb background_enable_color_tablet=\u00a0\u00bboff\u00a0\u00bb locked=\u00a0\u00bboff\u00a0\u00bb global_colors_info=\u00a0\u00bb{}\u00a0\u00bb][et_pb_row column_structure=\u00a0\u00bb2_3,1_3&Prime; _builder_version=\u00a0\u00bb4.16&Prime; _module_preset=\u00a0\u00bbdefault\u00a0\u00bb custom_margin=\u00a0\u00bb-31px|auto||auto|false|false\u00a0\u00bb custom_padding=\u00a0\u00bb20px|10px||10px|false|true\u00a0\u00bb global_colors_info=\u00a0\u00bb{}\u00a0\u00bb][et_pb_column type=\u00a0\u00bb2_3&Prime; _builder_version=\u00a0\u00bb4.16&Prime; _module_preset=\u00a0\u00bbdefault\u00a0\u00bb global_colors_info=\u00a0\u00bb{}\u00a0\u00bb][et_pb_toggle title=\u00a0\u00bbDossier de presse\u00a0\u00bb open=\u00a0\u00bbon\u00a0\u00bb open_toggle_text_color=\u00a0\u00bb#FFFFFF\u00a0\u00bb open_toggle_background_color=\u00a0\u00bb#FFFFFF\u00a0\u00bb closed_toggle_background_color=\u00a0\u00bb#FFFFFF\u00a0\u00bb icon_color=\u00a0\u00bb#FFD600&Prime; toggle_icon=\u00a0\u00bb&#x33;||divi||400&Prime; use_icon_font_size=\u00a0\u00bbon\u00a0\u00bb icon_font_size=\u00a0\u00bb30px\u00a0\u00bb open_icon_color=\u00a0\u00bb#FFD600&Prime; open_toggle_icon=\u00a0\u00bb&#x32;||divi||400&Prime; open_use_icon_font_size=\u00a0\u00bbon\u00a0\u00bb open_icon_font_size=\u00a0\u00bb30px\u00a0\u00bb admin_label=\u00a0\u00bbOtros servicios\u00a0\u00bb module_id=\u00a0\u00bbbaresmusicales\u00a0\u00bb _builder_version=\u00a0\u00bb4.16&Prime; _module_preset=\u00a0\u00bbdefault\u00a0\u00bb title_text_color=\u00a0\u00bb#FFFFFF\u00a0\u00bb title_font=\u00a0\u00bbPoppins|700|||||||\u00a0\u00bb body_font=\u00a0\u00bbPoppins||||||||\u00a0\u00bb body_text_color=\u00a0\u00bb#002554&Prime; body_font_size=\u00a0\u00bb16px\u00a0\u00bb body_link_font=\u00a0\u00bb||||||||\u00a0\u00bb body_link_text_color=\u00a0\u00bb#002554&Prime; background_enable_color=\u00a0\u00bboff\u00a0\u00bb custom_margin=\u00a0\u00bb||0px||false|false\u00a0\u00bb custom_padding=\u00a0\u00bb0px|0px|0px|0px|true|true\u00a0\u00bb link_option_url=\u00a0\u00bbhttps:\/\/www.portginesta.com\/servicios-generales\/\u00a0\u00bb border_width_all=\u00a0\u00bb0px\u00a0\u00bb border_width_bottom=\u00a0\u00bb1px\u00a0\u00bb border_color_bottom=\u00a0\u00bb#FFFFFF\u00a0\u00bb locked=\u00a0\u00bboff\u00a0\u00bb global_colors_info=\u00a0\u00bb{}\u00a0\u00bb]<\/p>\n<table style=\"border-collapse: collapse; width: 100%;\" border=\"0\">\n<tbody>\n<tr>\n<td style=\"width: 50%;\">\n<ul class=\"lista-docs-desc\">\n<li><a href=\"https:\/\/www.portginesta.com\/wp-content\/uploads\/2022\/10\/Port-Ginesta_Dossier_Abril-22_SP.pdf\" target=\"_blank\" rel=\"noopener\"><i class=\"far fa-file-pdf\"><\/i> Dossier de presse 22 avril [ES]<\/a><\/li>\n<\/ul>\n<\/td>\n<td style=\"width: 50%;\">\n<ul class=\"lista-docs-desc\">\n<li><a href=\"https:\/\/www.portginesta.com\/wp-content\/uploads\/2022\/10\/Port-Ginesta_Dossier_Abril-22_EN.pdf\" target=\"_blank\" rel=\"noopener\"><i class=\"far fa-file-pdf\"><\/i> Dossier de presse 22 avril 22 [EN]<\/a><\/li>\n<\/ul>\n<\/td>\n<\/tr>\n<\/tbody>\n<\/table>\n<p>[\/et_pb_toggle][et_pb_toggle title=\u00a0\u00bbRessources graphiques\u00a0\u00bb open=\u00a0\u00bbon\u00a0\u00bb open_toggle_text_color=\u00a0\u00bb#FFFFFF\u00a0\u00bb open_toggle_background_color=\u00a0\u00bb#FFFFFF\u00a0\u00bb closed_toggle_background_color=\u00a0\u00bb#FFFFFF\u00a0\u00bb icon_color=\u00a0\u00bb#FFD600&Prime; toggle_icon=\u00a0\u00bb&#x33;||divi||400&Prime; use_icon_font_size=\u00a0\u00bbon\u00a0\u00bb icon_font_size=\u00a0\u00bb30px\u00a0\u00bb open_icon_color=\u00a0\u00bb#FFD600&Prime; open_toggle_icon=\u00a0\u00bb&#x32;||divi||400&Prime; open_use_icon_font_size=\u00a0\u00bbon\u00a0\u00bb open_icon_font_size=\u00a0\u00bb30px\u00a0\u00bb admin_label=\u00a0\u00bbOtros servicios\u00a0\u00bb module_id=\u00a0\u00bbbaresmusicales\u00a0\u00bb _builder_version=\u00a0\u00bb4.19.0&Prime; _module_preset=\u00a0\u00bbdefault\u00a0\u00bb title_text_color=\u00a0\u00bb#FFFFFF\u00a0\u00bb title_font=\u00a0\u00bbPoppins|700|||||||\u00a0\u00bb body_font=\u00a0\u00bbPoppins||||||||\u00a0\u00bb body_text_color=\u00a0\u00bb#002554&Prime; body_font_size=\u00a0\u00bb16px\u00a0\u00bb body_link_font=\u00a0\u00bb||||||||\u00a0\u00bb body_link_text_color=\u00a0\u00bb#002554&Prime; background_enable_color=\u00a0\u00bboff\u00a0\u00bb custom_margin=\u00a0\u00bb||0px||false|false\u00a0\u00bb custom_padding=\u00a0\u00bb0px|0px|0px|0px|true|true\u00a0\u00bb link_option_url=\u00a0\u00bbhttps:\/\/www.portginesta.com\/servicios-generales\/\u00a0\u00bb border_width_all=\u00a0\u00bb0px\u00a0\u00bb border_width_bottom=\u00a0\u00bb1px\u00a0\u00bb border_color_bottom=\u00a0\u00bb#FFFFFF\u00a0\u00bb locked=\u00a0\u00bboff\u00a0\u00bb global_colors_info=\u00a0\u00bb{}\u00a0\u00bb]<\/p>\n<table style=\"border-collapse: collapse; width: 100%;\" border=\"0\">\n<tbody>\n<tr>\n<td style=\"width: 50%;\">\n<ul class=\"lista-docs-desc\">\n<li><a href=\"https:\/\/www.portginesta.com\/wp-content\/uploads\/2022\/10\/identidad-gra\u0301fica-port-ginesta-logotipo.pdf\" target=\"_blank\" rel=\"noopener\"><i class=\"far fa-file-pdf\"><\/i> Logo<\/a><\/li>\n<\/ul>\n<\/td>\n<td style=\"width: 50%;\">\n<ul class=\"lista-docs-desc\">\n<li><a href=\"https:\/\/www.portginesta.com\/wp-content\/uploads\/2022\/11\/seleccion-imagenes-port-ginesta.rar\" target=\"_blank\" rel=\"noopener\"><i class=\"far fa-file-alt\"><\/i> S\u00e9lection d&rsquo;images<\/a><\/li>\n<\/ul>\n<\/td>\n<\/tr>\n<\/tbody>\n<\/table>\n<p>[\/et_pb_toggle][et_pb_toggle title=\u00a0\u00bbCommuniqu\u00e9s de presse\u00a0\u00bb open=\u00a0\u00bbon\u00a0\u00bb open_toggle_text_color=\u00a0\u00bb#FFFFFF\u00a0\u00bb open_toggle_background_color=\u00a0\u00bb#FFFFFF\u00a0\u00bb closed_toggle_background_color=\u00a0\u00bb#FFFFFF\u00a0\u00bb icon_color=\u00a0\u00bb#FFD600&Prime; toggle_icon=\u00a0\u00bb&#x33;||divi||400&Prime; use_icon_font_size=\u00a0\u00bbon\u00a0\u00bb icon_font_size=\u00a0\u00bb30px\u00a0\u00bb open_icon_color=\u00a0\u00bb#FFD600&Prime; open_toggle_icon=\u00a0\u00bb&#x32;||divi||400&Prime; open_use_icon_font_size=\u00a0\u00bbon\u00a0\u00bb open_icon_font_size=\u00a0\u00bb30px\u00a0\u00bb admin_label=\u00a0\u00bbOtros servicios\u00a0\u00bb module_id=\u00a0\u00bbbaresmusicales\u00a0\u00bb _builder_version=\u00a0\u00bb4.19.0&Prime; _module_preset=\u00a0\u00bbdefault\u00a0\u00bb title_text_color=\u00a0\u00bb#FFFFFF\u00a0\u00bb title_font=\u00a0\u00bbPoppins|700|||||||\u00a0\u00bb body_font=\u00a0\u00bbPoppins||||||||\u00a0\u00bb body_text_color=\u00a0\u00bb#002554&Prime; body_font_size=\u00a0\u00bb16px\u00a0\u00bb body_link_font=\u00a0\u00bb||||||||\u00a0\u00bb body_link_text_color=\u00a0\u00bb#002554&Prime; background_enable_color=\u00a0\u00bboff\u00a0\u00bb custom_margin=\u00a0\u00bb||0px||false|false\u00a0\u00bb custom_padding=\u00a0\u00bb0px|0px|0px|0px|true|true\u00a0\u00bb link_option_url=\u00a0\u00bbhttps:\/\/www.portginesta.com\/servicios-generales\/\u00a0\u00bb border_width_all=\u00a0\u00bb0px\u00a0\u00bb border_width_bottom=\u00a0\u00bb1px\u00a0\u00bb border_color_bottom=\u00a0\u00bb#FFFFFF\u00a0\u00bb locked=\u00a0\u00bboff\u00a0\u00bb global_colors_info=\u00a0\u00bb{}\u00a0\u00bb]<\/p>\n<table style=\"border-collapse: collapse; width: 100%;\" border=\"0\">\n<tbody>\n<tr>\n<td style=\"width: 50%;\">\n<ul class=\"lista-docs-desc\">\n<li><a href=\"https:\/\/www.portginesta.com\/wp-content\/uploads\/2022\/10\/202207XX_Ndp_Oferta-gastrono\u0301mica.docx\" target=\"_blank\" rel=\"noopener\"><i class=\"far fa-file-alt\"><\/i> NDP | Offre gastronomique[ES]<\/a><\/li>\n<\/ul>\n<\/td>\n<td style=\"width: 50%;\">\n<ul class=\"lista-docs-desc\">\n<li><a href=\"https:\/\/www.portginesta.com\/wp-content\/uploads\/2022\/10\/20220127-Ndp_Port-Ginesta-invertira\u0301-10-millones-.docx\" target=\"_blank\" rel=\"noopener\"><i class=\"far fa-file-alt\"><\/i> NDP | Port Ginesta investira 10M\u20ac pour am\u00e9liorer sa comp\u00e9titivit\u00e9 et contribuer \u00e0 l&rsquo;agenda 2030 [ES]<\/a><\/li>\n<\/ul>\n<\/td>\n<\/tr>\n<tr>\n<td style=\"width: 50%;\">\n<ul class=\"lista-docs-desc\">\n<li><i class=\"far fa-file-alt\"><\/i> <a href=\"https:\/\/www.portginesta.com\/wp-content\/uploads\/2022\/10\/20220628_NDP-Cargadores-coches-ele\u0301ctricos.docx\" target=\"_blank\" rel=\"noopener\">NDP | Port Ginesta int\u00e8gre des chargeurs Endesa X pour voitures dans ses installations[ES]<\/a><\/li>\n<\/ul>\n<\/td>\n<td style=\"width: 50%;\">\n<ul class=\"lista-docs-desc\">\n<li><i class=\"far fa-file-alt\"><\/i><a href=\"https:\/\/www.portginesta.com\/wp-content\/uploads\/2022\/10\/20220628_CAT_NDP-Carregadors-cotxes-ele\u0300ctrics.docx\" target=\"_blank\" rel=\"noopener\">NDP | Port Ginesta int\u00e8gre des chargeurs d&rsquo;Endesa X pour les voitures \u00e9lectriques dans les six installations [CA]<\/a><\/li>\n<\/ul>\n<\/td>\n<\/tr>\n<tr>\n<td style=\"width: 50%;\">\n<ul class=\"lista-docs-desc\">\n<li><i class=\"far fa-file-alt\"><\/i><a href=\"https:\/\/www.portginesta.com\/wp-content\/uploads\/2022\/10\/20220708_NDP-Gimnasio-Crossfit.docx\" target=\"_blank\" rel=\"noopener\">NDP | Port Ginesta \u00e9largit sa gamme de services avec une nouvelle salle de sport sp\u00e9cialis\u00e9e en CrossFit [ES]<\/a><\/li>\n<\/ul>\n<\/td>\n<td style=\"width: 50%;\">\n<ul class=\"lista-docs-desc\">\n<li><i class=\"far fa-file-alt\"><\/i><a href=\"https:\/\/www.portginesta.com\/wp-content\/uploads\/2022\/10\/NdP_Port-Ginesta-eleva-su-apuesta-por-los-catamaranes.docx\" target=\"_blank\" rel=\"noopener\">NDP | Port Ginesta augmente son engagement envers les catamarans [ES]<\/a><\/li>\n<\/ul>\n<\/td>\n<\/tr>\n<tr>\n<td style=\"width: 50%;\">\n<ul class=\"lista-docs-desc\">\n<li><i class=\"far fa-file-alt\"><\/i><a href=\"https:\/\/www.portginesta.com\/wp-content\/uploads\/2022\/10\/NdP_El-puerto-deportivo-ma\u0301s-grande-de-Espan\u0303a-se-consolida-como-referencia-en-el-sector-de-los-catamaranes.docx\" target=\"_blank\" rel=\"noopener\">NDP | La plus grande marina d&rsquo;Espagne est consolid\u00e9e comme une r\u00e9f\u00e9rence dans le secteur des catamarans [ES]<\/a><\/li>\n<\/ul>\n<\/td>\n<td style=\"width: 50%;\">\n<ul class=\"lista-docs-desc\">\n<li><i class=\"far fa-file-alt\"><\/i><a href=\"https:\/\/www.portginesta.com\/wp-content\/uploads\/2022\/10\/TMS-Maritime-Solutions-y-Squalo-Marine-eligen-Port-Ginesta-para-abrir-sus-locales-comerciales.docx\" target=\"_blank\" rel=\"noopener\">NDP | TMS Maritime Solutions et Squalo Marine choisissent Port Ginesta pour ouvrir leurs locaux commerciaux[ES]<\/a><\/li>\n<\/ul>\n<\/td>\n<\/tr>\n<\/tbody>\n<\/table>\n<p>[\/et_pb_toggle][\/et_pb_column][et_pb_column type=\u00a0\u00bb1_3&Prime; _builder_version=\u00a0\u00bb4.16&Prime; _module_preset=\u00a0\u00bbdefault\u00a0\u00bb global_colors_info=\u00a0\u00bb{}\u00a0\u00bb][et_pb_text _builder_version=\u00a0\u00bb4.16&Prime; _module_preset=\u00a0\u00bbdefault\u00a0\u00bb header_3_font=\u00a0\u00bbPoppins|700||on|||||\u00a0\u00bb header_3_text_align=\u00a0\u00bbcenter\u00a0\u00bb header_3_text_color=\u00a0\u00bbgcid-4e4a40ea-51a8-4d76-a1cd-a30de897f217&Prime; custom_margin=\u00a0\u00bb||15px||false|false\u00a0\u00bb locked=\u00a0\u00bboff\u00a0\u00bb global_colors_info=\u00a0\u00bb{%22gcid-4e4a40ea-51a8-4d76-a1cd-a30de897f217%22:%91%22header_3_text_color%22%93}\u00a0\u00bb]<\/p>\n<h3>Contact presse<\/h3>\n<p>[\/et_pb_text][et_pb_text _builder_version=\u00a0\u00bb4.16&Prime; _module_preset=\u00a0\u00bbdefault\u00a0\u00bb text_orientation=\u00a0\u00bbcenter\u00a0\u00bb global_colors_info=\u00a0\u00bb{}\u00a0\u00bb]<\/p>\n<p>Pour plus d&rsquo;informations, contactez notre service presse :<\/p>\n<p>[\/et_pb_text][et_pb_text _builder_version=\u00a0\u00bb4.25.1&Prime; _module_preset=\u00a0\u00bbdefault\u00a0\u00bb text_font=\u00a0\u00bbPoppins|600|||||||\u00a0\u00bb background_color=\u00a0\u00bb#FFD600&Prime; text_orientation=\u00a0\u00bbcenter\u00a0\u00bb custom_margin=\u00a0\u00bb||0px||false|false\u00a0\u00bb custom_padding=\u00a0\u00bb1em|1em|1em|1em|true|true\u00a0\u00bb hover_enabled=\u00a0\u00bb0&Prime; global_colors_info=\u00a0\u00bb{}\u00a0\u00bb sticky_enabled=\u00a0\u00bb0&Prime;]<\/p>\n<p>WeLoveWebs<\/p>\n<p>[\/et_pb_text][et_pb_text _builder_version=\u00a0\u00bb4.25.1&Prime; _module_preset=\u00a0\u00bbdefault\u00a0\u00bb text_text_color=\u00a0\u00bb#FFFFFF\u00a0\u00bb background_color=\u00a0\u00bb#002554&Prime; text_orientation=\u00a0\u00bbcenter\u00a0\u00bb custom_margin=\u00a0\u00bb||0px||false|false\u00a0\u00bb custom_padding=\u00a0\u00bb1em|1em|1em|1em|true|true\u00a0\u00bb hover_enabled=\u00a0\u00bb0&Prime; border_width_bottom=\u00a0\u00bb1px\u00a0\u00bb border_color_bottom=\u00a0\u00bb#FFFFFF\u00a0\u00bb global_colors_info=\u00a0\u00bb{}\u00a0\u00bb sticky_enabled=\u00a0\u00bb0&Prime;]<\/p>\n<p>Oriol Coma<\/p>\n<p>[\/et_pb_text][et_pb_text _builder_version=\u00a0\u00bb4.25.1&Prime; _module_preset=\u00a0\u00bbdefault\u00a0\u00bb text_text_color=\u00a0\u00bb#FFFFFF\u00a0\u00bb link_text_color=\u00a0\u00bb#FFFFFF\u00a0\u00bb background_color=\u00a0\u00bb#002554&Prime; text_orientation=\u00a0\u00bbcenter\u00a0\u00bb custom_margin=\u00a0\u00bb||0px||false|false\u00a0\u00bb custom_padding=\u00a0\u00bb1em|1em|1em|1em|true|true\u00a0\u00bb hover_enabled=\u00a0\u00bb0&Prime; border_width_bottom=\u00a0\u00bb1px\u00a0\u00bb border_color_bottom=\u00a0\u00bb#FFFFFF\u00a0\u00bb global_colors_info=\u00a0\u00bb{}\u00a0\u00bb sticky_enabled=\u00a0\u00bb0&Prime;]<\/p>\n<p><a href=\"mailto:oriol@welovewebs.com\">oriol@welovewebs.com<\/a><\/p>\n<p>[\/et_pb_text][et_pb_text _builder_version=\u00a0\u00bb4.25.1&Prime; _module_preset=\u00a0\u00bbdefault\u00a0\u00bb text_text_color=\u00a0\u00bb#FFFFFF\u00a0\u00bb link_text_color=\u00a0\u00bb#FFFFFF\u00a0\u00bb background_color=\u00a0\u00bb#002554&Prime; text_orientation=\u00a0\u00bbcenter\u00a0\u00bb custom_margin=\u00a0\u00bb||0px||false|false\u00a0\u00bb custom_padding=\u00a0\u00bb1em|1em|1em|1em|true|true\u00a0\u00bb hover_enabled=\u00a0\u00bb0&Prime; border_width_bottom=\u00a0\u00bb1px\u00a0\u00bb border_color_bottom=\u00a0\u00bb#FFFFFF\u00a0\u00bb global_colors_info=\u00a0\u00bb{}\u00a0\u00bb sticky_enabled=\u00a0\u00bb0&Prime;]<\/p>\n<p><a href=\"tel:+34660551333\">660 551 333<\/a> | <a href=\"tel:+34931781291\">931 78 12 91<\/a><\/p>\n<p>[\/et_pb_text][\/et_pb_column][\/et_pb_row][\/et_pb_section]<\/p>\n","protected":false},"excerpt":{"rendered":"<p>Salle de presse Dossier de presse 22 avril [ES] Dossier de presse 22 avril 22 [EN] Logo S\u00e9lection d&rsquo;images NDP | Offre gastronomique[ES] NDP | Port Ginesta investira 10M\u20ac pour am\u00e9liorer sa comp\u00e9titivit\u00e9 et contribuer \u00e0 l&rsquo;agenda 2030 [ES] NDP | Port Ginesta int\u00e8gre des chargeurs Endesa X pour voitures dans ses installations[ES] NDP | [&hellip;]<\/p>\n","protected":false},"author":1,"featured_media":0,"parent":0,"menu_order":0,"comment_status":"closed","ping_status":"closed","template":"","meta":{"_et_pb_use_builder":"on","_et_pb_old_content":"","_et_gb_content_width":"","inline_featured_image":false,"footnotes":""},"class_list":["post-6454","page","type-page","status-publish","hentry"],"yoast_head":"<!-- This site is optimized with the Yoast SEO plugin v27.4 - https:\/\/yoast.com\/product\/yoast-seo-wordpress\/ -->\n<title>Salle de presse - Port Ginesta<\/title>\n<meta name=\"robots\" content=\"index, follow, max-snippet:-1, max-image-preview:large, max-video-preview:-1\" \/>\n<link rel=\"canonical\" href=\"https:\/\/www.portginesta.com\/sala-de-prensa\/\" \/>\n<meta property=\"og:locale\" content=\"fr_FR\" \/>\n<meta property=\"og:type\" content=\"article\" \/>\n<meta property=\"og:title\" content=\"Salle de presse - Port Ginesta\" \/>\n<meta property=\"og:description\" content=\"Salle de presse Dossier de presse 22 avril [ES] Dossier de presse 22 avril 22 [EN] Logo S\u00e9lection d&#039;images NDP | Offre gastronomique[ES] NDP | Port Ginesta investira 10M\u20ac pour am\u00e9liorer sa comp\u00e9titivit\u00e9 et contribuer \u00e0 l&#039;agenda 2030 [ES] NDP | Port Ginesta int\u00e8gre des chargeurs Endesa X pour voitures dans ses installations[ES] NDP | [&hellip;]\" \/>\n<meta property=\"og:url\" content=\"https:\/\/www.portginesta.com\/sala-de-prensa\/\" \/>\n<meta property=\"og:site_name\" content=\"Port Ginesta\" \/>\n<meta property=\"article:modified_time\" content=\"2024-07-10T09:35:53+00:00\" \/>\n<meta name=\"twitter:card\" content=\"summary_large_image\" \/>\n<meta name=\"twitter:label1\" content=\"Dur\u00e9e de lecture estim\u00e9e\" \/>\n\t<meta name=\"twitter:data1\" content=\"6 minutes\" \/>\n<script type=\"application\/ld+json\" class=\"yoast-schema-graph\">{\"@context\":\"https:\\\/\\\/schema.org\",\"@graph\":[{\"@type\":\"WebPage\",\"@id\":\"https:\\\/\\\/www.portginesta.com\\\/sala-de-prensa\\\/\",\"url\":\"https:\\\/\\\/www.portginesta.com\\\/sala-de-prensa\\\/\",\"name\":\"Salle de presse - Port Ginesta\",\"isPartOf\":{\"@id\":\"https:\\\/\\\/www.portginesta.com\\\/#website\"},\"datePublished\":\"2022-11-21T08:25:47+00:00\",\"dateModified\":\"2024-07-10T09:35:53+00:00\",\"breadcrumb\":{\"@id\":\"https:\\\/\\\/www.portginesta.com\\\/sala-de-prensa\\\/#breadcrumb\"},\"inLanguage\":\"fr-FR\",\"potentialAction\":[{\"@type\":\"ReadAction\",\"target\":[\"https:\\\/\\\/www.portginesta.com\\\/sala-de-prensa\\\/\"]}]},{\"@type\":\"BreadcrumbList\",\"@id\":\"https:\\\/\\\/www.portginesta.com\\\/sala-de-prensa\\\/#breadcrumb\",\"itemListElement\":[{\"@type\":\"ListItem\",\"position\":1,\"name\":\"Portada\",\"item\":\"https:\\\/\\\/www.portginesta.com\\\/\"},{\"@type\":\"ListItem\",\"position\":2,\"name\":\"Salle de presse\"}]},{\"@type\":\"WebSite\",\"@id\":\"https:\\\/\\\/www.portginesta.com\\\/#website\",\"url\":\"https:\\\/\\\/www.portginesta.com\\\/\",\"name\":\"Port Ginesta\",\"description\":\"Otro sitio realizado con WordPress\",\"potentialAction\":[{\"@type\":\"SearchAction\",\"target\":{\"@type\":\"EntryPoint\",\"urlTemplate\":\"https:\\\/\\\/www.portginesta.com\\\/?s={search_term_string}\"},\"query-input\":{\"@type\":\"PropertyValueSpecification\",\"valueRequired\":true,\"valueName\":\"search_term_string\"}}],\"inLanguage\":\"fr-FR\"}]}<\/script>\n<!-- \/ Yoast SEO plugin. -->","yoast_head_json":{"title":"Salle de presse - Port Ginesta","robots":{"index":"index","follow":"follow","max-snippet":"max-snippet:-1","max-image-preview":"max-image-preview:large","max-video-preview":"max-video-preview:-1"},"canonical":"https:\/\/www.portginesta.com\/sala-de-prensa\/","og_locale":"fr_FR","og_type":"article","og_title":"Salle de presse - Port Ginesta","og_description":"Salle de presse Dossier de presse 22 avril [ES] Dossier de presse 22 avril 22 [EN] Logo S\u00e9lection d'images NDP | Offre gastronomique[ES] NDP | Port Ginesta investira 10M\u20ac pour am\u00e9liorer sa comp\u00e9titivit\u00e9 et contribuer \u00e0 l'agenda 2030 [ES] NDP | Port Ginesta int\u00e8gre des chargeurs Endesa X pour voitures dans ses installations[ES] NDP | [&hellip;]","og_url":"https:\/\/www.portginesta.com\/sala-de-prensa\/","og_site_name":"Port Ginesta","article_modified_time":"2024-07-10T09:35:53+00:00","twitter_card":"summary_large_image","twitter_misc":{"Dur\u00e9e de lecture estim\u00e9e":"6 minutes"},"schema":{"@context":"https:\/\/schema.org","@graph":[{"@type":"WebPage","@id":"https:\/\/www.portginesta.com\/sala-de-prensa\/","url":"https:\/\/www.portginesta.com\/sala-de-prensa\/","name":"Salle de presse - Port Ginesta","isPartOf":{"@id":"https:\/\/www.portginesta.com\/#website"},"datePublished":"2022-11-21T08:25:47+00:00","dateModified":"2024-07-10T09:35:53+00:00","breadcrumb":{"@id":"https:\/\/www.portginesta.com\/sala-de-prensa\/#breadcrumb"},"inLanguage":"fr-FR","potentialAction":[{"@type":"ReadAction","target":["https:\/\/www.portginesta.com\/sala-de-prensa\/"]}]},{"@type":"BreadcrumbList","@id":"https:\/\/www.portginesta.com\/sala-de-prensa\/#breadcrumb","itemListElement":[{"@type":"ListItem","position":1,"name":"Portada","item":"https:\/\/www.portginesta.com\/"},{"@type":"ListItem","position":2,"name":"Salle de presse"}]},{"@type":"WebSite","@id":"https:\/\/www.portginesta.com\/#website","url":"https:\/\/www.portginesta.com\/","name":"Port Ginesta","description":"Otro sitio realizado con WordPress","potentialAction":[{"@type":"SearchAction","target":{"@type":"EntryPoint","urlTemplate":"https:\/\/www.portginesta.com\/?s={search_term_string}"},"query-input":{"@type":"PropertyValueSpecification","valueRequired":true,"valueName":"search_term_string"}}],"inLanguage":"fr-FR"}]}},"_links":{"self":[{"href":"https:\/\/www.portginesta.com\/fr\/wp-json\/wp\/v2\/pages\/6454","targetHints":{"allow":["GET"]}}],"collection":[{"href":"https:\/\/www.portginesta.com\/fr\/wp-json\/wp\/v2\/pages"}],"about":[{"href":"https:\/\/www.portginesta.com\/fr\/wp-json\/wp\/v2\/types\/page"}],"author":[{"embeddable":true,"href":"https:\/\/www.portginesta.com\/fr\/wp-json\/wp\/v2\/users\/1"}],"replies":[{"embeddable":true,"href":"https:\/\/www.portginesta.com\/fr\/wp-json\/wp\/v2\/comments?post=6454"}],"version-history":[{"count":3,"href":"https:\/\/www.portginesta.com\/fr\/wp-json\/wp\/v2\/pages\/6454\/revisions"}],"predecessor-version":[{"id":8911,"href":"https:\/\/www.portginesta.com\/fr\/wp-json\/wp\/v2\/pages\/6454\/revisions\/8911"}],"wp:attachment":[{"href":"https:\/\/www.portginesta.com\/fr\/wp-json\/wp\/v2\/media?parent=6454"}],"curies":[{"name":"wp","href":"https:\/\/api.w.org\/{rel}","templated":true}]}}